{"id":3813,"date":"2025-06-25T06:55:57","date_gmt":"2025-06-25T06:55:57","guid":{"rendered":"https:\/\/teachingjobboard.com\/staging\/job-apply-form-2\/"},"modified":"2025-06-25T06:55:57","modified_gmt":"2025-06-25T06:55:57","slug":"job-apply-form-2","status":"publish","type":"page","link":"https:\/\/teachingjobboard.com\/cs\/job-apply-form-2\/","title":{"rendered":"Formul\u00e1\u0159 \u017e\u00e1dosti o zam\u011bstn\u00e1n\u00ed"},"content":{"rendered":"","protected":false},"excerpt":{"rendered":"","protected":false},"author":3,"featured_media":0,"parent":0,"menu_order":0,"comment_status":"closed","ping_status":"closed","template":"","meta":{"nf_dc_page":"","footnotes":""},"class_list":["post-3813","page","type-page","status-publish","hentry"],"yoast_head":"<!-- This site is optimized with the Yoast SEO plugin v26.9 - https:\/\/yoast.com\/product\/yoast-seo-wordpress\/ -->\n<title>Job Apply Form - Teach Abroad Job Board and Resources<\/title>\n<meta name=\"robots\" content=\"index, follow, max-snippet:-1, max-image-preview:large, max-video-preview:-1\" \/>\n<link rel=\"canonical\" href=\"https:\/\/teachingjobboard.com\/cs\/job-apply-form-2\/\" \/>\n<meta property=\"og:locale\" content=\"cs_CZ\" \/>\n<meta property=\"og:type\" content=\"article\" \/>\n<meta property=\"og:title\" content=\"Job Apply Form - Teach Abroad Job Board and Resources\" \/>\n<meta property=\"og:url\" content=\"https:\/\/teachingjobboard.com\/cs\/job-apply-form-2\/\" \/>\n<meta property=\"og:site_name\" content=\"Teach Abroad Job Board and Resources\" \/>\n<meta name=\"twitter:card\" content=\"summary_large_image\" \/>\n<script type=\"application\/ld+json\" class=\"yoast-schema-graph\">{\"@context\":\"https:\/\/schema.org\",\"@graph\":[{\"@type\":\"WebPage\",\"@id\":\"https:\/\/teachingjobboard.com\/job-apply-form-2\/\",\"url\":\"https:\/\/teachingjobboard.com\/job-apply-form-2\/\",\"name\":\"Job Apply Form - Teach Abroad Job Board and Resources\",\"isPartOf\":{\"@id\":\"https:\/\/teachingjobboard.com\/#website\"},\"datePublished\":\"2025-06-25T06:55:57+00:00\",\"breadcrumb\":{\"@id\":\"https:\/\/teachingjobboard.com\/job-apply-form-2\/#breadcrumb\"},\"inLanguage\":\"cs\",\"potentialAction\":[{\"@type\":\"ReadAction\",\"target\":[\"https:\/\/teachingjobboard.com\/job-apply-form-2\/\"]}]},{\"@type\":\"BreadcrumbList\",\"@id\":\"https:\/\/teachingjobboard.com\/job-apply-form-2\/#breadcrumb\",\"itemListElement\":[{\"@type\":\"ListItem\",\"position\":1,\"name\":\"Home\",\"item\":\"https:\/\/teachingjobboard.com\/\"},{\"@type\":\"ListItem\",\"position\":2,\"name\":\"Job Apply Form\"}]},{\"@type\":\"WebSite\",\"@id\":\"https:\/\/teachingjobboard.com\/#website\",\"url\":\"https:\/\/teachingjobboard.com\/\",\"name\":\"Teach Abroad Job Board and Resources\",\"description\":\"\",\"publisher\":{\"@id\":\"https:\/\/teachingjobboard.com\/#organization\"},\"potentialAction\":[{\"@type\":\"SearchAction\",\"target\":{\"@type\":\"EntryPoint\",\"urlTemplate\":\"https:\/\/teachingjobboard.com\/?s={search_term_string}\"},\"query-input\":{\"@type\":\"PropertyValueSpecification\",\"valueRequired\":true,\"valueName\":\"search_term_string\"}}],\"inLanguage\":\"cs\"},{\"@type\":\"Organization\",\"@id\":\"https:\/\/teachingjobboard.com\/#organization\",\"name\":\"Teach Abroad Job Board and Resources\",\"url\":\"https:\/\/teachingjobboard.com\/\",\"logo\":{\"@type\":\"ImageObject\",\"inLanguage\":\"cs\",\"@id\":\"https:\/\/teachingjobboard.com\/#\/schema\/logo\/image\/\",\"url\":\"https:\/\/i0.wp.com\/teachingjobboard.com\/wp-content\/uploads\/logo-2.png?fit=643%2C328&ssl=1\",\"contentUrl\":\"https:\/\/i0.wp.com\/teachingjobboard.com\/wp-content\/uploads\/logo-2.png?fit=643%2C328&ssl=1\",\"width\":643,\"height\":328,\"caption\":\"Teach Abroad Job Board and Resources\"},\"image\":{\"@id\":\"https:\/\/teachingjobboard.com\/#\/schema\/logo\/image\/\"}}]}<\/script>\n<!-- \/ Yoast SEO plugin. -->","yoast_head_json":{"title":"\u017d\u00e1dost o zam\u011bstn\u00e1n\u00ed - Pracovn\u00ed port\u00e1l a zdroje pro v\u00fduku v zahrani\u010d\u00ed","robots":{"index":"index","follow":"follow","max-snippet":"max-snippet:-1","max-image-preview":"max-image-preview:large","max-video-preview":"max-video-preview:-1"},"canonical":"https:\/\/teachingjobboard.com\/cs\/job-apply-form-2\/","og_locale":"cs_CZ","og_type":"article","og_title":"Job Apply Form - Teach Abroad Job Board and Resources","og_url":"https:\/\/teachingjobboard.com\/cs\/job-apply-form-2\/","og_site_name":"Teach Abroad Job Board and Resources","twitter_card":"summary_large_image","schema":{"@context":"https:\/\/schema.org","@graph":[{"@type":"WebPage","@id":"https:\/\/teachingjobboard.com\/job-apply-form-2\/","url":"https:\/\/teachingjobboard.com\/job-apply-form-2\/","name":"\u017d\u00e1dost o zam\u011bstn\u00e1n\u00ed - Pracovn\u00ed port\u00e1l a zdroje pro v\u00fduku v zahrani\u010d\u00ed","isPartOf":{"@id":"https:\/\/teachingjobboard.com\/#website"},"datePublished":"2025-06-25T06:55:57+00:00","breadcrumb":{"@id":"https:\/\/teachingjobboard.com\/job-apply-form-2\/#breadcrumb"},"inLanguage":"cs","potentialAction":[{"@type":"ReadAction","target":["https:\/\/teachingjobboard.com\/job-apply-form-2\/"]}]},{"@type":"BreadcrumbList","@id":"https:\/\/teachingjobboard.com\/job-apply-form-2\/#breadcrumb","itemListElement":[{"@type":"ListItem","position":1,"name":"Home","item":"https:\/\/teachingjobboard.com\/"},{"@type":"ListItem","position":2,"name":"Job Apply Form"}]},{"@type":"WebSite","@id":"https:\/\/teachingjobboard.com\/#website","url":"https:\/\/teachingjobboard.com\/","name":"Pracovn\u00ed port\u00e1l a zdroje pro v\u00fduku v zahrani\u010d\u00ed","description":"","publisher":{"@id":"https:\/\/teachingjobboard.com\/#organization"},"potentialAction":[{"@type":"SearchAction","target":{"@type":"EntryPoint","urlTemplate":"https:\/\/teachingjobboard.com\/?s={search_term_string}"},"query-input":{"@type":"PropertyValueSpecification","valueRequired":true,"valueName":"search_term_string"}}],"inLanguage":"cs"},{"@type":"Organization","@id":"https:\/\/teachingjobboard.com\/#organization","name":"Pracovn\u00ed port\u00e1l a zdroje pro v\u00fduku v zahrani\u010d\u00ed","url":"https:\/\/teachingjobboard.com\/","logo":{"@type":"ImageObject","inLanguage":"cs","@id":"https:\/\/teachingjobboard.com\/#\/schema\/logo\/image\/","url":"https:\/\/i0.wp.com\/teachingjobboard.com\/wp-content\/uploads\/logo-2.png?fit=643%2C328&ssl=1","contentUrl":"https:\/\/i0.wp.com\/teachingjobboard.com\/wp-content\/uploads\/logo-2.png?fit=643%2C328&ssl=1","width":643,"height":328,"caption":"Teach Abroad Job Board and Resources"},"image":{"@id":"https:\/\/teachingjobboard.com\/#\/schema\/logo\/image\/"}}]}},"jetpack_sharing_enabled":true,"_links":{"self":[{"href":"https:\/\/teachingjobboard.com\/cs\/wp-json\/wp\/v2\/pages\/3813","targetHints":{"allow":["GET"]}}],"collection":[{"href":"https:\/\/teachingjobboard.com\/cs\/wp-json\/wp\/v2\/pages"}],"about":[{"href":"https:\/\/teachingjobboard.com\/cs\/wp-json\/wp\/v2\/types\/page"}],"author":[{"embeddable":true,"href":"https:\/\/teachingjobboard.com\/cs\/wp-json\/wp\/v2\/users\/3"}],"replies":[{"embeddable":true,"href":"https:\/\/teachingjobboard.com\/cs\/wp-json\/wp\/v2\/comments?post=3813"}],"version-history":[{"count":0,"href":"https:\/\/teachingjobboard.com\/cs\/wp-json\/wp\/v2\/pages\/3813\/revisions"}],"wp:attachment":[{"href":"https:\/\/teachingjobboard.com\/cs\/wp-json\/wp\/v2\/media?parent=3813"}],"curies":[{"name":"wp","href":"https:\/\/api.w.org\/{rel}","templated":true}]}}