{"id":4027,"date":"2025-07-05T23:36:30","date_gmt":"2025-07-05T23:36:30","guid":{"rendered":"https:\/\/teachingjobboard.com\/staging\/?page_id=4027"},"modified":"2025-07-06T01:54:45","modified_gmt":"2025-07-06T01:54:45","slug":"blizky-vychod","status":"publish","type":"page","link":"https:\/\/teachingjobboard.com\/cs\/blizky-vychod\/","title":{"rendered":"Bl\u00edzk\u00fd v\u00fdchod"},"content":{"rendered":"<div lang=\"ar\">\n\n<p class=\"\"><strong>Co najdete v tomto kategorizovan\u00e9m pr\u016fvodci?<\/strong><\/p>\n\n\n\n<hr class=\"wp-block-separator has-alpha-channel-opacity\"\/>\n\n\n\n<h3 class=\"wp-block-heading\"><strong>Zve\u0159ejn\u011bte voln\u00e1 pracovn\u00ed m\u00edsta pro zahrani\u010dn\u00ed u\u010ditele a instruktory na Bl\u00edzk\u00e9m v\u00fdchod\u011b<\/strong><\/h3>\n\n\n\n<p class=\"\">Toto je webov\u00e1 str\u00e1nka s nab\u00eddkou pr\u00e1ce ur\u010den\u00e1 pro zahrani\u010dn\u00ed u\u010ditele a instruktory v oblasti v\u00fduky angli\u010dtiny na Bl\u00edzk\u00e9m v\u00fdchod\u011b (soukrom\u00e9\/dom\u00e1c\u00ed lekce, individu\u00e1ln\u00ed nebo skupinov\u00e1 v\u00fduka) pro v\u00fduku angli\u010dtiny jako druh\u00e9ho jazyka (ESL), jako ciz\u00edho jazyka (EFL) nebo jako dal\u0161\u00edho jazyka (EAL) pro studenty angli\u010dtiny (ELL).<\/p>\n\n\n\n<p class=\"\"><strong>Zam\u011bstnavatel\u00e9:<\/strong> \u0160koly, instituce a agentury pr\u00e1ce na Bl\u00edzk\u00e9m v\u00fdchod\u011b, v\u010detn\u011b:<\/p>\n\n\n\n<ul class=\"wp-block-list\">\n<li class=\"\">Jazykov\u00e9 \u0161koly a centra pro obohacen\u00ed<\/li>\n\n\n\n<li class=\"\">Mate\u0159sk\u00e9 \u0161koly a jesle<\/li>\n\n\n\n<li class=\"\">Dvojjazy\u010dn\u00e9 a mezin\u00e1rodn\u00ed \u0161koly<\/li>\n\n\n\n<li class=\"\">Poskytovatel\u00e9 slu\u017eeb anglick\u00e9ho jazyka pro firmy a korporace<\/li>\n\n\n\n<li class=\"\">P\u0159\u00edpravn\u00e1 centra pro testy IELTS, TOEFL a TOEIC<\/li>\n\n\n\n<li class=\"\">Univerzity<\/li>\n<\/ul>\n\n\n\n<p class=\"\"><strong>Kandid\u00e1ti:<\/strong> \u017dadatel\u00e9 z Bl\u00edzk\u00e9ho v\u00fdchodu a ze zahrani\u010d\u00ed:<\/p>\n\n\n\n<ul class=\"wp-block-list\">\n<li class=\"\">U\u010ditel\u00e9 rodil\u00fdch mluv\u010d\u00edch angli\u010dtiny<\/li>\n\n\n\n<li class=\"\">U\u010ditel\u00e9 s \u00farovn\u00ed bl\u00edzkou rodil\u00fdm mluv\u010d\u00edm (CEFR C2, znalost a plynulost)<\/li>\n\n\n\n<li class=\"\">U\u010ditel\u00e9 ze Spojen\u00fdch st\u00e1t\u016f, Spojen\u00e9ho kr\u00e1lovstv\u00ed (Anglie), Kanady, Austr\u00e1lie, Nov\u00e9ho Z\u00e9landu, Jihoafrick\u00e9 republiky, Irska, Filip\u00edn a dal\u0161\u00edch zem\u00ed<\/li>\n\n\n\n<li class=\"\">U\u010ditel\u00e9 s certifikacemi TEFL, TESOL, CELTA a DELTA<\/li>\n\n\n\n<li class=\"\">U\u010ditel\u00e9 s odbornou kvalifikac\u00ed (nap\u0159\u00edklad PGCE\/QTS), licencovan\u00ed a akreditovan\u00ed ve sv\u00fdch domovsk\u00fdch zem\u00edch nebo na Bl\u00edzk\u00e9m v\u00fdchod\u011b<\/li>\n\n\n\n<li class=\"\">Zku\u0161en\u00ed u\u010ditel\u00e9 s vysoko\u0161kolsk\u00fdm vzd\u011bl\u00e1n\u00edm (bakal\u00e1\u0159sk\u00fd, magistersk\u00fd, doktorsk\u00fd)<\/li>\n<\/ul>\n\n\n\n<hr class=\"wp-block-separator has-alpha-channel-opacity\"\/>\n\n\n\n<h3 class=\"wp-block-heading\"><strong>Zve\u0159ej\u0148ujte inzer\u00e1ty na pron\u00e1jem nemovitost\u00ed pro zahrani\u010dn\u00ed u\u010ditele na Bl\u00edzk\u00e9m v\u00fdchod\u011b<\/strong><\/h3>\n\n\n\n<p class=\"\">Tyto webov\u00e9 str\u00e1nky jsou v\u011bnov\u00e1ny realitn\u00edm kancel\u00e1\u0159\u00edm k pron\u00e1jmu a pom\u00e1haj\u00ed pronaj\u00edmatel\u016fm, spr\u00e1vc\u016fm nemovitost\u00ed a realitn\u00edm makl\u00e9\u0159\u016fm spojit se s u\u010diteli z \u0159ad expat\u016f, kte\u0159\u00ed hledaj\u00ed kvalitn\u00ed nemovitosti k pron\u00e1jmu na Bl\u00edzk\u00e9m v\u00fdchod\u011b. A\u0165 u\u017e m\u00e1te za\u0159\u00edzen\u00fd nebo neza\u0159\u00edzen\u00fd byt, je to ide\u00e1ln\u00ed m\u00edsto pro osloven\u00ed zodpov\u011bdn\u00fdch n\u00e1jemn\u00edk\u016f, kte\u0159\u00ed hledaj\u00ed dlouhodob\u00e9 (jeden nebo dva roky) nebo kr\u00e1tkodob\u00e9 smlouvy.<\/p>\n\n\n\n<p class=\"\"><strong>Pro\u010d sem zve\u0159ej\u0148ovat inzer\u00e1t?<\/strong><\/p>\n\n\n\n<p class=\"\">Na\u0161e webov\u00e9 str\u00e1nky se zam\u011b\u0159uj\u00ed konkr\u00e9tn\u011b na zahrani\u010dn\u00ed u\u010ditele pracuj\u00edc\u00ed v mezin\u00e1rodn\u00edch \u0161kol\u00e1ch, univerzit\u00e1ch, dou\u010dovac\u00edch centrech a centrech pro v\u00fduku jazyk\u016f po cel\u00e9m Bl\u00edzk\u00e9m v\u00fdchod\u011b.<\/p>\n\n\n\n<p class=\"\"><strong>Spolehliv\u00ed n\u00e1jemn\u00edci:<\/strong> Zahrani\u010dn\u00ed u\u010ditel\u00e9 jsou profesion\u00e1ln\u00ed a \u010dasto preferuj\u00ed dlouhodob\u00e9 smlouvy.<\/p>\n\n\n\n<p class=\"\"><strong>Typy uveden\u00fdch nemovitost\u00ed:<\/strong><\/p>\n\n\n\n<ul class=\"wp-block-list\">\n<li class=\"\">Pln\u011b za\u0159\u00edzen\u00e9 apartm\u00e1ny: ihned k nast\u011bhov\u00e1n\u00ed se v\u0161emi z\u00e1kladn\u00edmi vymo\u017eenostmi.<\/li>\n\n\n\n<li class=\"\">Dlouhodob\u00e9 a kr\u00e1tkodob\u00e9 leasingy: flexibilita smluvn\u00edch podm\u00ednek dle pot\u0159eby.<\/li>\n<\/ul>\n\n\n\n<p class=\"\">Nab\u00eddn\u011bte svou nemovitost na na\u0161\u00ed d\u016fv\u011bryhodn\u00e9 platform\u011b a za\u010dn\u011bte p\u0159itahovat pozornost zahrani\u010dn\u00edch u\u010ditel\u016f na Bl\u00edzk\u00e9m v\u00fdchod\u011b.<\/p>\n\n\n\n<hr class=\"wp-block-separator has-alpha-channel-opacity\"\/>\n\n\n\n<h3 class=\"wp-block-heading\"><strong>Nab\u00eddka lekc\u00ed arab\u0161tiny pro cizince: Nejlep\u0161\u00ed lekce arab\u0161tiny pro cizince na Bl\u00edzk\u00e9m v\u00fdchod\u011b<\/strong><\/h3>\n\n\n\n<p class=\"\">Tato webov\u00e1 str\u00e1nka spojuje jazykov\u00e9 \u0161koly a soukrom\u00e9 lektory s cizinci, kte\u0159\u00ed se zaj\u00edmaj\u00ed o v\u00fduku arab\u0161tiny. Pokud nab\u00edz\u00edte vysoce kvalitn\u00ed lekce, personalizovanou individu\u00e1ln\u00ed v\u00fduku nebo programy kulturn\u00ed integrace, je to ide\u00e1ln\u00ed m\u00edsto pro propagaci va\u0161ich slu\u017eeb.<\/p>\n\n\n\n<p class=\"\"><strong>Pro\u010d zde uv\u00e1d\u00edte sv\u00e9 slu\u017eby?<\/strong><\/p>\n\n\n\n<ul class=\"wp-block-list\">\n<li class=\"\"><strong>C\u00edlov\u00e1 skupina:<\/strong> Spojte se s cizinci \u017eij\u00edc\u00edmi na Bl\u00edzk\u00e9m v\u00fdchod\u011b, kte\u0159\u00ed maj\u00ed z\u00e1jem o studium arab\u0161tiny.<\/li>\n\n\n\n<li class=\"\"><strong>Rozmanit\u00e9 p\u0159\u00edle\u017eitosti:<\/strong> P\u0159il\u00e1kat studenty v\u0161ech \u00farovn\u00ed, od za\u010d\u00e1te\u010dn\u00edk\u016f a\u017e po pokro\u010dil\u00e9, d\u011bti i dosp\u011bl\u00e9.<\/li>\n\n\n\n<li class=\"\"><strong>\u0160ir\u0161\u00ed perspektiva:<\/strong> Zviditeln\u011bte svou \u0161kolu nebo vzd\u011bl\u00e1vac\u00ed slu\u017eby aktivn\u00edmu mezin\u00e1rodn\u00edmu publiku.<\/li>\n<\/ul>\n\n\n\n<p class=\"\"><strong>Typy lekc\u00ed, kter\u00e9 nab\u00edz\u00edme:<\/strong><\/p>\n\n\n\n<ul class=\"wp-block-list\">\n<li class=\"\">Jazykov\u00e9 \u0161koly: Strukturovan\u00e9 vzd\u011bl\u00e1vac\u00ed programy s certifikovan\u00fdmi lektory.<\/li>\n\n\n\n<li class=\"\">Soukrom\u00ed dou\u010dovatel\u00e9: Individu\u00e1ln\u00ed lekce nebo pro mal\u00e9, na m\u00edru \u0161it\u00e9 skupiny.<\/li>\n\n\n\n<li class=\"\">Online nebo prezen\u010dn\u00ed v\u00fduka: Flexibiln\u00ed mo\u017enosti v z\u00e1vislosti na rozvrhu.<\/li>\n\n\n\n<li class=\"\">Programy kulturn\u00ed integrace: U\u010den\u00ed se jazyka prost\u0159ednictv\u00edm m\u00edstn\u00edch aktivit a z\u00e1\u017eitk\u016f.<\/li>\n<\/ul>\n\n\n\n<p class=\"\">Propagujte sv\u00e9 lekce arab\u0161tiny a pomozte student\u016fm dos\u00e1hnout jejich jazykov\u00fdch c\u00edl\u016f na Bl\u00edzk\u00e9m v\u00fdchod\u011b.<\/p>\n\n\n\n<hr class=\"wp-block-separator has-alpha-channel-opacity\"\/>\n\n\n\n<h3 class=\"wp-block-heading\"><strong>Prohl\u00e9dn\u011bte si \u017eivotopisy kvalifikovan\u00fdch zahrani\u010dn\u00edch u\u010ditel\u016f na Bl\u00edzk\u00e9m v\u00fdchod\u011b<\/strong><\/h3>\n\n\n\n<p class=\"\">Platforma ur\u010den\u00e1 pro \u0161koly, jazykov\u00e1 centra, instituty a vzd\u011bl\u00e1vac\u00ed instituce, kter\u00e9 hledaj\u00ed profesion\u00e1ln\u00ed zahrani\u010dn\u00ed u\u010ditele na Bl\u00edzk\u00e9m v\u00fdchod\u011b. A\u0165 u\u017e hled\u00e1te u\u010ditele angli\u010dtiny, specialisty na jin\u00e9 p\u0159edm\u011bty nebo tv\u016frce u\u010debn\u00edch osnov, najdete zde, co pot\u0159ebujete.<\/p>\n\n\n\n<p class=\"\"><strong>Pro\u010d pou\u017e\u00edvat na\u0161i n\u00e1st\u011bnku s \u017eivotopisy?<\/strong><\/p>\n\n\n\n<ul class=\"wp-block-list\">\n<li class=\"\">Projd\u011bte si \u017eivotopisy u\u010ditel\u016f, kte\u0159\u00ed maj\u00ed z\u00e1jem o pr\u00e1ci ve vzd\u011bl\u00e1vac\u00edm sektoru na Bl\u00edzk\u00e9m v\u00fdchod\u011b.<\/li>\n\n\n\n<li class=\"\"><strong>Kvalifikovan\u00ed a zku\u0161en\u00ed kandid\u00e1ti:<\/strong> Mezin\u00e1rodn\u00ed certifikace, univerzitn\u00ed tituly a re\u00e1ln\u00e9 zku\u0161enosti z v\u00fduky.<\/li>\n\n\n\n<li class=\"\"><strong>Rychlej\u0161\u00ed n\u00e1bor:<\/strong> Kontaktujte p\u0159\u00edmo kandid\u00e1ty, kte\u0159\u00ed odpov\u00eddaj\u00ed pot\u0159eb\u00e1m va\u0161\u00ed \u0161koly.<\/li>\n<\/ul>\n\n\n\n<p class=\"\"><strong>Dostupn\u00e9 typy u\u010ditel\u016f:<\/strong><\/p>\n\n\n\n<ul class=\"wp-block-list\">\n<li class=\"\">U\u010ditel\u00e9 angli\u010dtiny: dr\u017eitel\u00e9 certifik\u00e1t\u016f TEFL, TESOL, CELTA, DELTA.<\/li>\n\n\n\n<li class=\"\">U\u010ditel\u00e9 pro p\u0159ed\u0161koln\u00ed, z\u00e1kladn\u00ed a st\u0159edn\u00ed \u0161koly.<\/li>\n\n\n\n<li class=\"\">Specialist\u00e9 v oborech, jako je matematika, p\u0159\u00edrodn\u00ed v\u011bdy a humanitn\u00ed v\u011bdy.<\/li>\n\n\n\n<li class=\"\">U\u010ditel\u00e9 na univerzit\u00e1ch a v oblasti vzd\u011bl\u00e1v\u00e1n\u00ed dosp\u011bl\u00fdch: Odborn\u00edci na vysoko\u0161kolsk\u00e9 vzd\u011bl\u00e1v\u00e1n\u00ed a odbornou p\u0159\u00edpravu.<\/li>\n<\/ul>\n\n\n\n<p class=\"\">Za\u010dn\u011bte je\u0161t\u011b dnes hled\u00e1n\u00edm ide\u00e1ln\u00edho u\u010ditele pro va\u0161i organizaci na Bl\u00edzk\u00e9m v\u00fdchod\u011b.<\/p>\n\n\n\n<hr class=\"wp-block-separator has-alpha-channel-opacity\"\/>\n\n\n\n<h3 class=\"wp-block-heading\"><strong>Hled\u00e1me rodil\u00e9 mluv\u010d\u00ed angli\u010dtiny pro individu\u00e1ln\u00ed i skupinov\u00e9 lekce na Bl\u00edzk\u00e9m v\u00fdchod\u011b<\/strong><\/h3>\n\n\n\n<p class=\"\">Najd\u011bte kvalifikovan\u00e9 u\u010ditele na Bl\u00edzk\u00e9m v\u00fdchod\u011b pro jazykovou v\u00fduku, akademickou podporu nebo \u0161kolen\u00ed specifick\u00fdch dovednost\u00ed. Toto je ide\u00e1ln\u00ed m\u00edsto k nalezen\u00ed toho prav\u00e9ho u\u010ditele pro v\u00e1s.<\/p>\n\n\n\n<p class=\"\"><strong>Pro\u010d pou\u017e\u00edvat na\u0161i p\u0159\u00edru\u010dku pro u\u010ditele?<\/strong><\/p>\n\n\n\n<ul class=\"wp-block-list\">\n<li class=\"\"><strong>R\u016fzn\u00e9 materi\u00e1ly:<\/strong> Od konverzace po obchodn\u00ed angli\u010dtinu a p\u0159\u00edpravu na testy jako TOEFL, IELTS, TOEIC.<\/li>\n\n\n\n<li class=\"\"><strong>Flexibiln\u00ed mo\u017enosti u\u010den\u00ed:<\/strong> Individu\u00e1ln\u00ed nebo skupinov\u00e9 lekce dle va\u0161ich pot\u0159eb.<\/li>\n\n\n\n<li class=\"\"><strong>Kvalifikovan\u00ed u\u010ditel\u00e9:<\/strong> Certifikovan\u00ed u\u010ditel\u00e9, rodil\u00ed mluv\u010d\u00ed a odborn\u00ed specialist\u00e9.<\/li>\n<\/ul>\n\n\n\n<p class=\"\">Za\u010dn\u011bte svou vzd\u011bl\u00e1vac\u00ed cestu s profesion\u00e1ln\u00edmi u\u010diteli, kte\u0159\u00ed v\u00e1m pomohou snadno dos\u00e1hnout va\u0161ich c\u00edl\u016f.<\/p>\n\n\n\n<hr class=\"wp-block-separator has-alpha-channel-opacity\"\/>\n\n\n\n<h3 class=\"wp-block-heading\"><strong>Poskytov\u00e1n\u00ed profesion\u00e1ln\u00edch slu\u017eeb cizinc\u016fm na Bl\u00edzk\u00e9m v\u00fdchod\u011b<\/strong><\/h3>\n\n\n\n<p class=\"\">Platforma spojuj\u00edc\u00ed cizince \u017eij\u00edc\u00ed na Bl\u00edzk\u00e9m v\u00fdchod\u011b s d\u016fv\u011bryhodn\u00fdmi poskytovateli slu\u017eeb. A\u0165 u\u017e jste \u00fa\u010detn\u00ed, pr\u00e1vn\u00edk, l\u00e9ka\u0159 nebo profesion\u00e1l v jak\u00e9mkoli oboru, zde m\u016f\u017eete oslovit nov\u00e9 klienty.<\/p>\n\n\n\n<p class=\"\"><strong>Pro\u010d pou\u017e\u00edvat n\u00e1\u0161 adres\u00e1\u0159 slu\u017eeb?<\/strong><\/p>\n\n\n\n<ul class=\"wp-block-list\">\n<li class=\"\"><strong>Ur\u010deno pro expatrovan\u00e9:<\/strong> Slu\u017eby p\u0159izp\u016fsoben\u00e9 pot\u0159eb\u00e1m mezin\u00e1rodn\u00edho spole\u010denstv\u00ed na Bl\u00edzk\u00e9m v\u00fdchod\u011b.<\/li>\n\n\n\n<li class=\"\"><strong>V\u00edcen\u00e1sobn\u00e9 zku\u0161enosti:<\/strong> Sv\u00e9 slu\u017eby zde mohou nab\u00eddnout specialist\u00e9 z r\u016fzn\u00fdch obor\u016f.<\/li>\n<\/ul>\n\n\n\n<p class=\"\"><strong>Typy dostupn\u00fdch slu\u017eeb:<\/strong><\/p>\n\n\n\n<ul class=\"wp-block-list\">\n<li class=\"\">Poskytovatel\u00e9 zdravotn\u00ed p\u00e9\u010de: l\u00e9ka\u0159i, zuba\u0159i, optometrist\u00e9 a dal\u0161\u00ed, kte\u0159\u00ed mluv\u00ed anglicky.<\/li>\n\n\n\n<li class=\"\">Pr\u00e1vn\u00ed slu\u017eby: Pomoc s v\u00edzy, smlouvami, obchodn\u00edm pr\u00e1vem a osobn\u00edmi z\u00e1le\u017eitostmi.<\/li>\n\n\n\n<li class=\"\">\u00da\u010detnictv\u00ed a finance: Dan\u011b, finan\u010dn\u00ed pl\u00e1nov\u00e1n\u00ed, podnikov\u00e9 \u00fa\u010detnictv\u00ed.<\/li>\n\n\n\n<li class=\"\">Konzulta\u010dn\u00ed slu\u017eby: zakl\u00e1d\u00e1n\u00ed spole\u010dnost\u00ed, \u0159e\u0161en\u00ed v oblasti lidsk\u00fdch zdroj\u016f, strategie vstupu na trh.<\/li>\n<\/ul>\n\n\n\n<hr class=\"wp-block-separator has-alpha-channel-opacity\"\/>\n\n\n\n<h3 class=\"wp-block-heading\"><strong>Propagujte sv\u00e9 komunitn\u00ed akce a aktivity zam\u011b\u0159en\u00e9 na cizince na Bl\u00edzk\u00e9m v\u00fdchod\u011b<\/strong><\/h3>\n\n\n\n<p class=\"\">Ide\u00e1ln\u00ed platforma pro organiz\u00e1tory a komunitn\u00ed l\u00eddry, kte\u0159\u00ed se cht\u011bj\u00ed spojit s mezin\u00e1rodn\u00ed komunitou na Bl\u00edzk\u00e9m v\u00fdchod\u011b. Pokud po\u0159\u00e1d\u00e1te spole\u010densk\u00e9 akce, jazykov\u00e9 v\u00fdm\u011bny, dobrovolnick\u00e9 p\u0159\u00edle\u017eitosti nebo profesn\u00ed setk\u00e1n\u00ed, je tohle to prav\u00e9 m\u00edsto.<\/p>\n\n\n\n<p class=\"\"><strong>Pro\u010d zde propagujete svou akci nebo skupinu?<\/strong><\/p>\n\n\n\n<ul class=\"wp-block-list\">\n<li class=\"\"><strong>Mezin\u00e1rodn\u00ed publikum:<\/strong> Spojte se s cizinci, kte\u0159\u00ed se zaj\u00edmaj\u00ed o spole\u010densk\u00e9, kulturn\u00ed a profesn\u00ed aktivity.<\/li>\n\n\n\n<li class=\"\"><strong>Zv\u00fd\u0161en\u00e1 \u00fa\u010dast:<\/strong> P\u0159il\u00e1kejte v\u00edce \u00fa\u010dastn\u00edk\u016f a sta\u0148te se sou\u010d\u00e1st\u00ed aktivn\u00ed komunity.<\/li>\n\n\n\n<li class=\"\"><strong>\u0160ir\u0161\u00ed perspektiva:<\/strong> Zviditeln\u011bte svou skupinu nebo akci na Bl\u00edzk\u00e9m v\u00fdchod\u011b.<\/li>\n<\/ul>\n\n\n\n<p class=\"\"><strong>Typy akc\u00ed a skupin, kter\u00e9 m\u016f\u017eete propagovat:<\/strong><\/p>\n\n\n\n<ul class=\"wp-block-list\">\n<li class=\"\">Jazykov\u00e1 v\u00fdm\u011bna: Podpora kulturn\u00ed komunikace prost\u0159ednictv\u00edm jazykov\u00e9ho vzd\u011bl\u00e1v\u00e1n\u00ed.<\/li>\n\n\n\n<li class=\"\">Spole\u010densk\u00e1 setk\u00e1n\u00ed: ve\u010d\u00edrky, ve\u010de\u0159e, neform\u00e1ln\u00ed setk\u00e1n\u00ed.<\/li>\n\n\n\n<li class=\"\">Profesn\u00ed s\u00edt\u011b: Akce v oboru a setk\u00e1n\u00ed zam\u011b\u0159en\u00e1 na profesn\u00ed rozvoj.<\/li>\n\n\n\n<li class=\"\">Sportovn\u00ed kluby: b\u011b\u017eeck\u00e9 skupiny, lekce j\u00f3gy a dal\u0161\u00ed skupinov\u00e9 aktivity.<\/li>\n<\/ul>\n\n\n\n<p class=\"\">Za\u010dn\u011bte propagovat sv\u00e9 aktivity hned te\u010f a p\u0159il\u00e1kejte nov\u00e9 publikum zahrani\u010dn\u00edch obyvatel na Bl\u00edzk\u00e9m v\u00fdchod\u011b.<\/p>\n\n<\/div>","protected":false},"excerpt":{"rendered":"<p>\u0645\u0627 \u0627\u0644\u0630\u064a \u064a\u0645\u0643\u0646\u0643 \u0627\u0644\u0639\u062b\u0648\u0631 \u0639\u0644\u064a\u0647 \u0641\u064a \u0647\u0630\u0627 \u0627\u0644\u062f\u0644\u064a\u0644 \u0627\u0644\u0645\u0628\u0648\u0628\u061f \u0627\u0646\u0634\u0631 \u0648\u0638\u0627\u0626\u0641 \u0644\u0644\u0645\u0639\u0644\u0645\u064a\u0646 \u0648\u0627\u0644\u0645\u062f\u0631\u0633\u064a\u0646 \u0627\u0644\u0623\u062c\u0627\u0646\u0628 \u0641\u064a \u0627\u0644\u0634\u0631\u0642 \u0627\u0644\u0623\u0648\u0633\u0637 \u0647\u0630\u0627 \u0645\u0648\u0642\u0639 \u0644\u0644\u0648\u0638\u0627\u0626\u0641 \u0645\u062e\u0635\u0635 \u0644\u0644\u0645\u0639\u0644\u0645\u064a\u0646 \u0648\u0627\u0644\u0645\u062f\u0631\u0633\u064a\u0646 \u0627\u0644\u0623\u062c\u0627\u0646\u0628 \u0641\u064a \u0645\u062c\u0627\u0644 \u062a\u0639\u0644\u064a\u0645 \u0627\u0644\u0644\u063a\u0629 \u0627\u0644\u0625\u0646\u062c\u0644\u064a\u0632\u064a\u0629 \u0641\u064a [&hellip;]<\/p>","protected":false},"author":2,"featured_media":0,"parent":0,"menu_order":0,"comment_status":"closed","ping_status":"closed","template":"","meta":{"nf_dc_page":"","footnotes":""},"class_list":["post-4027","page","type-page","status-publish","hentry"],"yoast_head":"<!-- This site is optimized with the Yoast SEO plugin v26.9 - https:\/\/yoast.com\/product\/yoast-seo-wordpress\/ -->\n<title>\u0627\u0644\u0634\u0631\u0642 \u0627\u0644\u0623\u0648\u0633\u0637 - Teach Abroad Job Board and Resources<\/title>\n<meta name=\"robots\" content=\"index, follow, max-snippet:-1, max-image-preview:large, max-video-preview:-1\" \/>\n<link rel=\"canonical\" href=\"https:\/\/teachingjobboard.com\/cs\/blizky-vychod\/\" \/>\n<meta property=\"og:locale\" content=\"cs_CZ\" \/>\n<meta property=\"og:type\" content=\"article\" \/>\n<meta property=\"og:title\" content=\"\u0627\u0644\u0634\u0631\u0642 \u0627\u0644\u0623\u0648\u0633\u0637 - Teach Abroad Job Board and Resources\" \/>\n<meta property=\"og:description\" content=\"\u0645\u0627 \u0627\u0644\u0630\u064a \u064a\u0645\u0643\u0646\u0643 \u0627\u0644\u0639\u062b\u0648\u0631 \u0639\u0644\u064a\u0647 \u0641\u064a \u0647\u0630\u0627 \u0627\u0644\u062f\u0644\u064a\u0644 \u0627\u0644\u0645\u0628\u0648\u0628\u061f \u0627\u0646\u0634\u0631 \u0648\u0638\u0627\u0626\u0641 \u0644\u0644\u0645\u0639\u0644\u0645\u064a\u0646 \u0648\u0627\u0644\u0645\u062f\u0631\u0633\u064a\u0646 \u0627\u0644\u0623\u062c\u0627\u0646\u0628 \u0641\u064a \u0627\u0644\u0634\u0631\u0642 \u0627\u0644\u0623\u0648\u0633\u0637 \u0647\u0630\u0627 \u0645\u0648\u0642\u0639 \u0644\u0644\u0648\u0638\u0627\u0626\u0641 \u0645\u062e\u0635\u0635 \u0644\u0644\u0645\u0639\u0644\u0645\u064a\u0646 \u0648\u0627\u0644\u0645\u062f\u0631\u0633\u064a\u0646 \u0627\u0644\u0623\u062c\u0627\u0646\u0628 \u0641\u064a \u0645\u062c\u0627\u0644 \u062a\u0639\u0644\u064a\u0645 \u0627\u0644\u0644\u063a\u0629 \u0627\u0644\u0625\u0646\u062c\u0644\u064a\u0632\u064a\u0629 \u0641\u064a [&hellip;]\" \/>\n<meta property=\"og:url\" content=\"https:\/\/teachingjobboard.com\/cs\/blizky-vychod\/\" \/>\n<meta property=\"og:site_name\" content=\"Teach Abroad Job Board and Resources\" \/>\n<meta property=\"article:modified_time\" content=\"2025-07-06T01:54:45+00:00\" \/>\n<meta name=\"twitter:card\" content=\"summary_large_image\" \/>\n<meta name=\"twitter:label1\" content=\"Odhadovan\u00e1 doba \u010dten\u00ed\" \/>\n\t<meta name=\"twitter:data1\" content=\"4 minuty\" \/>\n<script type=\"application\/ld+json\" class=\"yoast-schema-graph\">{\"@context\":\"https:\/\/schema.org\",\"@graph\":[{\"@type\":\"WebPage\",\"@id\":\"https:\/\/teachingjobboard.com\/%d8%a7%d9%84%d8%b4%d8%b1%d9%82-%d8%a7%d9%84%d8%a3%d9%88%d8%b3%d8%b7\/\",\"url\":\"https:\/\/teachingjobboard.com\/%d8%a7%d9%84%d8%b4%d8%b1%d9%82-%d8%a7%d9%84%d8%a3%d9%88%d8%b3%d8%b7\/\",\"name\":\"\u0627\u0644\u0634\u0631\u0642 \u0627\u0644\u0623\u0648\u0633\u0637 - Teach Abroad Job Board and Resources\",\"isPartOf\":{\"@id\":\"https:\/\/teachingjobboard.com\/#website\"},\"datePublished\":\"2025-07-05T23:36:30+00:00\",\"dateModified\":\"2025-07-06T01:54:45+00:00\",\"breadcrumb\":{\"@id\":\"https:\/\/teachingjobboard.com\/%d8%a7%d9%84%d8%b4%d8%b1%d9%82-%d8%a7%d9%84%d8%a3%d9%88%d8%b3%d8%b7\/#breadcrumb\"},\"inLanguage\":\"cs\",\"potentialAction\":[{\"@type\":\"ReadAction\",\"target\":[\"https:\/\/teachingjobboard.com\/%d8%a7%d9%84%d8%b4%d8%b1%d9%82-%d8%a7%d9%84%d8%a3%d9%88%d8%b3%d8%b7\/\"]}]},{\"@type\":\"BreadcrumbList\",\"@id\":\"https:\/\/teachingjobboard.com\/%d8%a7%d9%84%d8%b4%d8%b1%d9%82-%d8%a7%d9%84%d8%a3%d9%88%d8%b3%d8%b7\/#breadcrumb\",\"itemListElement\":[{\"@type\":\"ListItem\",\"position\":1,\"name\":\"Home\",\"item\":\"https:\/\/teachingjobboard.com\/\"},{\"@type\":\"ListItem\",\"position\":2,\"name\":\"\u0627\u0644\u0634\u0631\u0642 \u0627\u0644\u0623\u0648\u0633\u0637\"}]},{\"@type\":\"WebSite\",\"@id\":\"https:\/\/teachingjobboard.com\/#website\",\"url\":\"https:\/\/teachingjobboard.com\/\",\"name\":\"Teach Abroad Job Board and Resources\",\"description\":\"\",\"publisher\":{\"@id\":\"https:\/\/teachingjobboard.com\/#organization\"},\"potentialAction\":[{\"@type\":\"SearchAction\",\"target\":{\"@type\":\"EntryPoint\",\"urlTemplate\":\"https:\/\/teachingjobboard.com\/?s={search_term_string}\"},\"query-input\":{\"@type\":\"PropertyValueSpecification\",\"valueRequired\":true,\"valueName\":\"search_term_string\"}}],\"inLanguage\":\"cs\"},{\"@type\":\"Organization\",\"@id\":\"https:\/\/teachingjobboard.com\/#organization\",\"name\":\"Teach Abroad Job Board and Resources\",\"url\":\"https:\/\/teachingjobboard.com\/\",\"logo\":{\"@type\":\"ImageObject\",\"inLanguage\":\"cs\",\"@id\":\"https:\/\/teachingjobboard.com\/#\/schema\/logo\/image\/\",\"url\":\"https:\/\/i0.wp.com\/teachingjobboard.com\/wp-content\/uploads\/logo-2.png?fit=643%2C328&ssl=1\",\"contentUrl\":\"https:\/\/i0.wp.com\/teachingjobboard.com\/wp-content\/uploads\/logo-2.png?fit=643%2C328&ssl=1\",\"width\":643,\"height\":328,\"caption\":\"Teach Abroad Job Board and Resources\"},\"image\":{\"@id\":\"https:\/\/teachingjobboard.com\/#\/schema\/logo\/image\/\"}}]}<\/script>\n<!-- \/ Yoast SEO plugin. -->","yoast_head_json":{"title":"Bl\u00edzk\u00fd v\u00fdchod - Pracovn\u00ed port\u00e1l a zdroje pro v\u00fduku v zahrani\u010d\u00ed","robots":{"index":"index","follow":"follow","max-snippet":"max-snippet:-1","max-image-preview":"max-image-preview:large","max-video-preview":"max-video-preview:-1"},"canonical":"https:\/\/teachingjobboard.com\/cs\/blizky-vychod\/","og_locale":"cs_CZ","og_type":"article","og_title":"\u0627\u0644\u0634\u0631\u0642 \u0627\u0644\u0623\u0648\u0633\u0637 - Teach Abroad Job Board and Resources","og_description":"\u0645\u0627 \u0627\u0644\u0630\u064a \u064a\u0645\u0643\u0646\u0643 \u0627\u0644\u0639\u062b\u0648\u0631 \u0639\u0644\u064a\u0647 \u0641\u064a \u0647\u0630\u0627 \u0627\u0644\u062f\u0644\u064a\u0644 \u0627\u0644\u0645\u0628\u0648\u0628\u061f \u0627\u0646\u0634\u0631 \u0648\u0638\u0627\u0626\u0641 \u0644\u0644\u0645\u0639\u0644\u0645\u064a\u0646 \u0648\u0627\u0644\u0645\u062f\u0631\u0633\u064a\u0646 \u0627\u0644\u0623\u062c\u0627\u0646\u0628 \u0641\u064a \u0627\u0644\u0634\u0631\u0642 \u0627\u0644\u0623\u0648\u0633\u0637 \u0647\u0630\u0627 \u0645\u0648\u0642\u0639 \u0644\u0644\u0648\u0638\u0627\u0626\u0641 \u0645\u062e\u0635\u0635 \u0644\u0644\u0645\u0639\u0644\u0645\u064a\u0646 \u0648\u0627\u0644\u0645\u062f\u0631\u0633\u064a\u0646 \u0627\u0644\u0623\u062c\u0627\u0646\u0628 \u0641\u064a \u0645\u062c\u0627\u0644 \u062a\u0639\u0644\u064a\u0645 \u0627\u0644\u0644\u063a\u0629 \u0627\u0644\u0625\u0646\u062c\u0644\u064a\u0632\u064a\u0629 \u0641\u064a [&hellip;]","og_url":"https:\/\/teachingjobboard.com\/cs\/blizky-vychod\/","og_site_name":"Teach Abroad Job Board and Resources","article_modified_time":"2025-07-06T01:54:45+00:00","twitter_card":"summary_large_image","twitter_misc":{"Odhadovan\u00e1 doba \u010dten\u00ed":"4 minuty"},"schema":{"@context":"https:\/\/schema.org","@graph":[{"@type":"WebPage","@id":"https:\/\/teachingjobboard.com\/%d8%a7%d9%84%d8%b4%d8%b1%d9%82-%d8%a7%d9%84%d8%a3%d9%88%d8%b3%d8%b7\/","url":"https:\/\/teachingjobboard.com\/%d8%a7%d9%84%d8%b4%d8%b1%d9%82-%d8%a7%d9%84%d8%a3%d9%88%d8%b3%d8%b7\/","name":"Bl\u00edzk\u00fd v\u00fdchod - Pracovn\u00ed port\u00e1l a zdroje pro v\u00fduku v zahrani\u010d\u00ed","isPartOf":{"@id":"https:\/\/teachingjobboard.com\/#website"},"datePublished":"2025-07-05T23:36:30+00:00","dateModified":"2025-07-06T01:54:45+00:00","breadcrumb":{"@id":"https:\/\/teachingjobboard.com\/%d8%a7%d9%84%d8%b4%d8%b1%d9%82-%d8%a7%d9%84%d8%a3%d9%88%d8%b3%d8%b7\/#breadcrumb"},"inLanguage":"cs","potentialAction":[{"@type":"ReadAction","target":["https:\/\/teachingjobboard.com\/%d8%a7%d9%84%d8%b4%d8%b1%d9%82-%d8%a7%d9%84%d8%a3%d9%88%d8%b3%d8%b7\/"]}]},{"@type":"BreadcrumbList","@id":"https:\/\/teachingjobboard.com\/%d8%a7%d9%84%d8%b4%d8%b1%d9%82-%d8%a7%d9%84%d8%a3%d9%88%d8%b3%d8%b7\/#breadcrumb","itemListElement":[{"@type":"ListItem","position":1,"name":"Home","item":"https:\/\/teachingjobboard.com\/"},{"@type":"ListItem","position":2,"name":"\u0627\u0644\u0634\u0631\u0642 \u0627\u0644\u0623\u0648\u0633\u0637"}]},{"@type":"WebSite","@id":"https:\/\/teachingjobboard.com\/#website","url":"https:\/\/teachingjobboard.com\/","name":"Pracovn\u00ed port\u00e1l a zdroje pro v\u00fduku v zahrani\u010d\u00ed","description":"","publisher":{"@id":"https:\/\/teachingjobboard.com\/#organization"},"potentialAction":[{"@type":"SearchAction","target":{"@type":"EntryPoint","urlTemplate":"https:\/\/teachingjobboard.com\/?s={search_term_string}"},"query-input":{"@type":"PropertyValueSpecification","valueRequired":true,"valueName":"search_term_string"}}],"inLanguage":"cs"},{"@type":"Organization","@id":"https:\/\/teachingjobboard.com\/#organization","name":"Pracovn\u00ed port\u00e1l a zdroje pro v\u00fduku v zahrani\u010d\u00ed","url":"https:\/\/teachingjobboard.com\/","logo":{"@type":"ImageObject","inLanguage":"cs","@id":"https:\/\/teachingjobboard.com\/#\/schema\/logo\/image\/","url":"https:\/\/i0.wp.com\/teachingjobboard.com\/wp-content\/uploads\/logo-2.png?fit=643%2C328&ssl=1","contentUrl":"https:\/\/i0.wp.com\/teachingjobboard.com\/wp-content\/uploads\/logo-2.png?fit=643%2C328&ssl=1","width":643,"height":328,"caption":"Teach Abroad Job Board and Resources"},"image":{"@id":"https:\/\/teachingjobboard.com\/#\/schema\/logo\/image\/"}}]}},"jetpack_sharing_enabled":true,"_links":{"self":[{"href":"https:\/\/teachingjobboard.com\/cs\/wp-json\/wp\/v2\/pages\/4027","targetHints":{"allow":["GET"]}}],"collection":[{"href":"https:\/\/teachingjobboard.com\/cs\/wp-json\/wp\/v2\/pages"}],"about":[{"href":"https:\/\/teachingjobboard.com\/cs\/wp-json\/wp\/v2\/types\/page"}],"author":[{"embeddable":true,"href":"https:\/\/teachingjobboard.com\/cs\/wp-json\/wp\/v2\/users\/2"}],"replies":[{"embeddable":true,"href":"https:\/\/teachingjobboard.com\/cs\/wp-json\/wp\/v2\/comments?post=4027"}],"version-history":[{"count":2,"href":"https:\/\/teachingjobboard.com\/cs\/wp-json\/wp\/v2\/pages\/4027\/revisions"}],"predecessor-version":[{"id":4032,"href":"https:\/\/teachingjobboard.com\/cs\/wp-json\/wp\/v2\/pages\/4027\/revisions\/4032"}],"wp:attachment":[{"href":"https:\/\/teachingjobboard.com\/cs\/wp-json\/wp\/v2\/media?parent=4027"}],"curies":[{"name":"wp","href":"https:\/\/api.w.org\/{rel}","templated":true}]}}