{"id":4029,"date":"2025-07-06T01:42:35","date_gmt":"2025-07-06T01:42:35","guid":{"rendered":"https:\/\/teachingjobboard.com\/staging\/?page_id=4029"},"modified":"2025-07-06T01:52:50","modified_gmt":"2025-07-06T01:52:50","slug":"america-latina","status":"publish","type":"page","link":"https:\/\/teachingjobboard.com\/cs\/america-latina\/","title":{"rendered":"Latinsk\u00e1 Amerika"},"content":{"rendered":"<div lang=\"es\">\n\n<p class=\"\"><strong>Co najdete v tomto adres\u00e1\u0159i inzer\u00e1t\u016f?<\/strong><\/p>\n\n\n\n<hr class=\"wp-block-separator has-alpha-channel-opacity\"\/>\n\n\n\n<h3 class=\"wp-block-heading\"><strong>Nab\u00eddky pr\u00e1ce pro zahrani\u010dn\u00ed u\u010ditele a lektory v Latinsk\u00e9 Americe<\/strong><\/h3>\n\n\n\n<p class=\"\">Toto je pracovn\u00ed port\u00e1l pro zahrani\u010dn\u00ed u\u010ditele a dou\u010dovatele angli\u010dtiny (soukrom\u00e9\/dom\u00e1c\u00ed, individu\u00e1ln\u00ed a skupinov\u00e9 lekce) v Latinsk\u00e9 Americe. Zam\u011b\u0159uje se na v\u00fduku angli\u010dtiny jako druh\u00e9ho jazyka (ESL), angli\u010dtiny jako ciz\u00edho jazyka (EFL) a angli\u010dtiny jako dal\u0161\u00edho jazyka (EAL) pro studenty angli\u010dtiny (ELL).<\/p>\n\n\n\n<p class=\"\"><strong>Zam\u011bstnavatel\u00e9:<\/strong> \u0160koly, instituce a n\u00e1bor\u00e1\u0159i v Latinsk\u00e9 Americe, v\u010detn\u011b:<\/p>\n\n\n\n<ul class=\"wp-block-list\">\n<li class=\"\">Jazykov\u00e9 \u0161koly a centra akademick\u00e9 podpory<\/li>\n\n\n\n<li class=\"\">Mate\u0159sk\u00e9 \u0161koly a p\u0159ed\u0161koln\u00ed za\u0159\u00edzen\u00ed<\/li>\n\n\n\n<li class=\"\">Dvojjazy\u010dn\u00e9 a mezin\u00e1rodn\u00ed \u0161koly<\/li>\n\n\n\n<li class=\"\">Firemn\u00ed poskytovatel\u00e9 obchodn\u00ed angli\u010dtiny<\/li>\n\n\n\n<li class=\"\">Centra pro p\u0159\u00edpravu na zkou\u0161ky IELTS, TOEFL a TOEIC<\/li>\n\n\n\n<li class=\"\">Univerzity<\/li>\n<\/ul>\n\n\n\n<p class=\"\"><strong>Kandid\u00e1ti:<\/strong> \u017dadatel\u00e9 v Latinsk\u00e9 Americe a zahrani\u010d\u00ed:<\/p>\n\n\n\n<ul class=\"wp-block-list\">\n<li class=\"\">Rodil\u00ed angli\u010dt\u00ed u\u010ditel\u00e9 a lekto\u0159i<\/li>\n\n\n\n<li class=\"\">U\u010ditel\u00e9 a lekto\u0159i s \u00farovn\u00ed bl\u00edzkou rodil\u00e9mu mluv\u010d\u00edmu (CEFR C2, plynn\u011b a zdatn\u011b)<\/li>\n\n\n\n<li class=\"\">U\u010ditel\u00e9 ze Spojen\u00fdch st\u00e1t\u016f, Spojen\u00e9ho kr\u00e1lovstv\u00ed (Anglie), Kanady, Austr\u00e1lie, Nov\u00e9ho Z\u00e9landu, Jihoafrick\u00e9 republiky, Irska, Filip\u00edn a dal\u0161\u00edch region\u016f<\/li>\n\n\n\n<li class=\"\">U\u010ditel\u00e9 s certifikac\u00ed TEFL, TESOL, CELTA nebo DELTA<\/li>\n\n\n\n<li class=\"\">Odborn\u00edci s ofici\u00e1ln\u00ed kvalifikac\u00ed (PGCE\/QTS) a licenc\u00ed ve sv\u00e9 zemi p\u016fvodu nebo v Latinsk\u00e9 Americe<\/li>\n\n\n\n<li class=\"\">Profeso\u0159i se zku\u0161enostmi a vysoko\u0161kolsk\u00fdm vzd\u011bl\u00e1n\u00edm (bakal\u00e1\u0159sk\u00fd, magistersk\u00fd, doktorsk\u00fd)<\/li>\n<\/ul>\n\n\n\n<hr class=\"wp-block-separator has-alpha-channel-opacity\"\/>\n\n\n\n<h3 class=\"wp-block-heading\"><strong>Zve\u0159ej\u0148ujte inzer\u00e1ty na pron\u00e1jem zahrani\u010dn\u00edch u\u010ditel\u016f v Latinsk\u00e9 Americe<\/strong><\/h3>\n\n\n\n<p class=\"\">Toto je web s nab\u00eddkou pron\u00e1jmu nemovitost\u00ed, kter\u00fd propojuje pronaj\u00edmatele, spr\u00e1vce nemovitost\u00ed a realitn\u00ed makl\u00e9\u0159e s mezin\u00e1rodn\u00edmi u\u010diteli, kte\u0159\u00ed hledaj\u00ed kvalitn\u00ed ubytov\u00e1n\u00ed v Latinsk\u00e9 Americe. Pokud m\u00e1te za\u0159\u00edzen\u00fd nebo neza\u0159\u00edzen\u00fd byt \u010di d\u016fm, je to ide\u00e1ln\u00ed m\u00edsto k p\u0159il\u00e1k\u00e1n\u00ed zodpov\u011bdn\u00fdch dlouhodob\u00fdch (jeden nebo dva roky) nebo kr\u00e1tkodob\u00fdch n\u00e1jemn\u00edk\u016f.<\/p>\n\n\n\n<p class=\"\"><strong>Pro\u010d zde inzerovat svou nemovitost?<\/strong><\/p>\n\n\n\n<p class=\"\">Na\u0161e platforma se zam\u011b\u0159uje konkr\u00e9tn\u011b na zahrani\u010dn\u00ed u\u010ditele pracuj\u00edc\u00ed v mezin\u00e1rodn\u00edch \u0161kol\u00e1ch, univerzit\u00e1ch, akademi\u00edch a jazykov\u00fdch centrech po cel\u00e9 Latinsk\u00e9 Americe.<\/p>\n\n\n\n<p class=\"\"><strong>Kvalitn\u00ed n\u00e1jemn\u00edci:<\/strong> Zahrani\u010dn\u00ed u\u010ditel\u00e9 jsou obvykle zodpov\u011bdn\u00ed profesion\u00e1lov\u00e9, kte\u0159\u00ed maj\u00ed z\u00e1jem o stabiln\u00ed smlouvy.<\/p>\n\n\n\n<p class=\"\"><strong>Doporu\u010den\u00e9 typy nemovitost\u00ed:<\/strong><\/p>\n\n\n\n<ul class=\"wp-block-list\">\n<li class=\"\">Pln\u011b za\u0159\u00edzen\u00e9 apartm\u00e1ny: ihned k nast\u011bhov\u00e1n\u00ed, se v\u0161emi z\u00e1kladn\u00edmi slu\u017ebami.<\/li>\n\n\n\n<li class=\"\">Kr\u00e1tkodob\u00e9 i dlouhodob\u00e9 pron\u00e1jmy: flexibiln\u00ed podm\u00ednky dle va\u0161ich pot\u0159eb.<\/li>\n<\/ul>\n\n\n\n<p class=\"\">Nab\u00eddn\u011bte svou nemovitost na na\u0161\u00ed d\u016fv\u011bryhodn\u00e9 platform\u011b a za\u010dn\u011bte p\u0159ij\u00edmat \u017e\u00e1dosti od mezin\u00e1rodn\u00edch u\u010ditel\u016f z Latinsk\u00e9 Ameriky.<\/p>\n\n\n\n<hr class=\"wp-block-separator has-alpha-channel-opacity\"\/>\n\n\n\n<h3 class=\"wp-block-heading\"><strong>Nab\u00edz\u00ed kurzy \u0161pan\u011bl\u0161tiny pro cizince: nejlep\u0161\u00ed kurzy a lekce \u0161pan\u011bl\u0161tiny v Latinsk\u00e9 Americe<\/strong><\/h3>\n\n\n\n<p class=\"\">Tato str\u00e1nka spojuje jazykov\u00e9 \u0161koly a soukrom\u00e9 lektory se cizinci, kte\u0159\u00ed se zaj\u00edmaj\u00ed o v\u00fduku \u0161pan\u011bl\u0161tiny. Pokud nab\u00edz\u00edte vysoce kvalitn\u00ed kurzy, personalizovanou v\u00fduku nebo programy kulturn\u00edho pono\u0159en\u00ed, je to ide\u00e1ln\u00ed platforma pro propagaci va\u0161ich slu\u017eeb.<\/p>\n\n\n\n<p class=\"\"><strong>Pro\u010d nab\u00edz\u00edte sv\u00e9 slu\u017eby pr\u00e1v\u011b zde?<\/strong><\/p>\n\n\n\n<ul class=\"wp-block-list\">\n<li class=\"\"><strong>C\u00edlov\u00e1 skupina:<\/strong> Oslovuje cizince \u017eij\u00edc\u00ed v Latinsk\u00e9 Americe, kte\u0159\u00ed aktivn\u011b vyhled\u00e1vaj\u00ed kurzy \u0161pan\u011bl\u0161tiny.<\/li>\n\n\n\n<li class=\"\"><strong>R\u016fzn\u00e9 p\u0159\u00edle\u017eitosti:<\/strong> P\u0159itahuje studenty v\u0161ech \u00farovn\u00ed, od za\u010d\u00e1te\u010dn\u00edk\u016f a\u017e po pokro\u010dil\u00e9, a to jak dosp\u011bl\u00e9, tak i d\u011bti.<\/li>\n\n\n\n<li class=\"\"><strong>V\u011bt\u0161\u00ed viditelnost:<\/strong> Propagujte svou \u0161kolu nebo dou\u010dovac\u00ed slu\u017eby motivovan\u00e9mu mezin\u00e1rodn\u00edmu publiku.<\/li>\n<\/ul>\n\n\n\n<p class=\"\"><strong>Typy kurz\u016f, kter\u00e9 po\u0159\u00e1d\u00e1me:<\/strong><\/p>\n\n\n\n<ul class=\"wp-block-list\">\n<li class=\"\">Jazykov\u00e9 \u0161koly: strukturovan\u00e9 programy s certifikovan\u00fdmi lektory.<\/li>\n\n\n\n<li class=\"\">Soukrom\u00ed dou\u010dovatel\u00e9: individu\u00e1ln\u00ed kurzy nebo lekce v mal\u00fdch skupin\u00e1ch.<\/li>\n\n\n\n<li class=\"\">Prezen\u010dn\u00ed a online v\u00fduka: flexibiln\u00ed mo\u017enosti p\u0159izp\u016fsoben\u00e9 r\u016fzn\u00fdm rozvrh\u016fm.<\/li>\n\n\n\n<li class=\"\">Programy kulturn\u00edho pono\u0159en\u00ed: kombinujte v\u00fduku jazyk\u016f s m\u00edstn\u00edmi aktivitami.<\/li>\n<\/ul>\n\n\n\n<p class=\"\">Propagujte sv\u00e9 kurzy \u0161pan\u011bl\u0161tiny a pomozte zahrani\u010dn\u00edm student\u016fm dos\u00e1hnout jejich jazykov\u00fdch c\u00edl\u016f v Latinsk\u00e9 Americe.<\/p>\n\n\n\n<hr class=\"wp-block-separator has-alpha-channel-opacity\"\/>\n\n\n\n<h3 class=\"wp-block-heading\"><strong>Prohl\u00e9dn\u011bte si \u017eivotopisy kvalifikovan\u00fdch zahrani\u010dn\u00edch u\u010ditel\u016f v Latinsk\u00e9 Americe<\/strong><\/h3>\n\n\n\n<p class=\"\">Tato platforma je ur\u010dena pro \u0161koly, jazykov\u00e1 centra, akademie a vzd\u011bl\u00e1vac\u00ed instituce, kter\u00e9 hledaj\u00ed profesion\u00e1ln\u00ed zahrani\u010dn\u00ed u\u010ditele v Latinsk\u00e9 Americe. Pokud naj\u00edm\u00e1te u\u010ditele angli\u010dtiny, odborn\u00edky na dan\u00e9 p\u0159edm\u011bty, zku\u0161en\u00e9 pedagogy nebo tv\u016frce kurikula, najdete zde talenty, kter\u00e9 pot\u0159ebujete.<\/p>\n\n\n\n<p class=\"\"><strong>Pro\u010d pou\u017e\u00edvat n\u00e1\u0161 dashboard \u017eivotopis\u016f?<\/strong><\/p>\n\n\n\n<ul class=\"wp-block-list\">\n<li class=\"\">Prozkoumejte profily u\u010ditel\u016f, kte\u0159\u00ed maj\u00ed z\u00e1jem o pr\u00e1ci ve vzd\u011bl\u00e1vac\u00edm sektoru v Latinsk\u00e9 Americe.<\/li>\n\n\n\n<li class=\"\"><strong>Kvalifikovan\u00ed a zku\u0161en\u00ed kandid\u00e1ti:<\/strong> mezin\u00e1rodn\u00ed tituly, certifikace, re\u00e1ln\u00e9 zku\u0161enosti z v\u00fduky.<\/li>\n\n\n\n<li class=\"\"><strong>Rychlej\u0161\u00ed n\u00e1bor:<\/strong> Snadno se spojte s kandid\u00e1ty, kte\u0159\u00ed odpov\u00eddaj\u00ed pot\u0159eb\u00e1m va\u0161\u00ed instituce.<\/li>\n<\/ul>\n\n\n\n<p class=\"\"><strong>Dostupn\u00e9 typy u\u010ditel\u016f:<\/strong><\/p>\n\n\n\n<ul class=\"wp-block-list\">\n<li class=\"\">U\u010ditel\u00e9 angli\u010dtiny s certifikacemi TEFL, TESOL, CELTA nebo DELTA<\/li>\n\n\n\n<li class=\"\">Pedagogov\u00e9 pro ran\u00e9 d\u011btstv\u00ed, z\u00e1kladn\u00ed a st\u0159edn\u00ed \u0161koly<\/li>\n\n\n\n<li class=\"\">Specialist\u00e9 v oborech, jako je matematika, p\u0159\u00edrodn\u00ed v\u011bdy a humanitn\u00ed v\u011bdy<\/li>\n\n\n\n<li class=\"\">Instrukto\u0159i pro univerzity a vzd\u011bl\u00e1v\u00e1n\u00ed dosp\u011bl\u00fdch<\/li>\n<\/ul>\n\n\n\n<p class=\"\">Najd\u011bte si je\u0161t\u011b dnes ide\u00e1ln\u00edho u\u010ditele pro va\u0161i instituci v Latinsk\u00e9 Americe.<\/p>\n\n\n\n<hr class=\"wp-block-separator has-alpha-channel-opacity\"\/>\n\n\n\n<h3 class=\"wp-block-heading\"><strong>Najd\u011bte rodil\u00e9 mluv\u010d\u00ed angli\u010dtiny pro individu\u00e1ln\u00ed i skupinov\u00e9 kurzy v Latinsk\u00e9 Americe<\/strong><\/h3>\n\n\n\n<p class=\"\">Najd\u011bte kvalifikovan\u00e9 lektory v Latinsk\u00e9 Americe pro jazykov\u00e9 kurzy, akademickou podporu nebo \u0161kolen\u00ed v oblasti specifick\u00fdch dovednost\u00ed. Tato platforma je ide\u00e1ln\u00ed pro spojen\u00ed s ide\u00e1ln\u00edm lektorem pro va\u0161e pot\u0159eby.<\/p>\n\n\n\n<p class=\"\"><strong>Pro\u010d pou\u017e\u00edvat n\u00e1\u0161 adres\u00e1\u0159 lektor\u016f?<\/strong><\/p>\n\n\n\n<ul class=\"wp-block-list\">\n<li class=\"\"><strong>\u0160irok\u00e1 \u0161k\u00e1la t\u00e9mat:<\/strong> od konverza\u010dn\u00ed angli\u010dtiny po obchodn\u00ed angli\u010dtinu a p\u0159\u00edpravu na zkou\u0161ky jako TOEFL, IELTS a TOEIC.<\/li>\n\n\n\n<li class=\"\"><strong>Flexibiln\u00ed mo\u017enosti:<\/strong> Vyberte si mezi individu\u00e1ln\u00edmi nebo skupinov\u00fdmi lekcemi p\u0159izp\u016fsoben\u00fdmi va\u0161emu stylu u\u010den\u00ed.<\/li>\n\n\n\n<li class=\"\"><strong>Certifikovan\u00ed a odborn\u00ed lekto\u0159i:<\/strong> rodil\u00ed mluv\u010d\u00ed angli\u010dtiny a vysoce kvalifikovan\u00ed odborn\u00edci.<\/li>\n<\/ul>\n\n\n\n<p class=\"\">Za\u010dn\u011bte svou cestu vzd\u011bl\u00e1v\u00e1n\u00edm s odborn\u00fdmi lektory, kte\u0159\u00ed nab\u00edzej\u00ed individu\u00e1ln\u00ed lekce. Najd\u011bte si nejlep\u0161\u00ed podporu pro \u00fasp\u011b\u0161n\u00e9 dosa\u017een\u00ed va\u0161ich vzd\u011bl\u00e1vac\u00edch c\u00edl\u016f.<\/p>\n\n\n\n<hr class=\"wp-block-separator has-alpha-channel-opacity\"\/>\n\n\n\n<h3 class=\"wp-block-heading\"><strong>Nab\u00edz\u00ed profesion\u00e1ln\u00ed slu\u017eby cizinc\u016fm v Latinsk\u00e9 Americe.<\/strong><\/h3>\n\n\n\n<p class=\"\">Tato platforma spojuje cizince \u017eij\u00edc\u00ed v Latinsk\u00e9 Americe s d\u016fv\u011bryhodn\u00fdmi poskytovateli profesion\u00e1ln\u00edch slu\u017eeb. Pokud jste \u00fa\u010detn\u00ed, pr\u00e1vn\u00edk, l\u00e9ka\u0159 nebo jin\u00fd anglicky mluv\u00edc\u00ed profesion\u00e1l, m\u016f\u017eete si zde roz\u0161\u00ed\u0159it klientskou z\u00e1kladnu.<\/p>\n\n\n\n<p class=\"\"><strong>Pro\u010d inzerovat sv\u00e9 slu\u017eby pr\u00e1v\u011b zde?<\/strong><\/p>\n\n\n\n<ul class=\"wp-block-list\">\n<li class=\"\"><strong>Zam\u011b\u0159en\u00ed na cizince:<\/strong> slu\u017eby ur\u010den\u00e9 pro specifick\u00e9 pot\u0159eby mezin\u00e1rodn\u00edho spole\u010denstv\u00ed.<\/li>\n\n\n\n<li class=\"\"><strong>Rozmanitost odv\u011btv\u00ed:<\/strong> Specialist\u00e9 z r\u016fzn\u00fdch odv\u011btv\u00ed zde mohou propagovat sv\u00e9 slu\u017eby.<\/li>\n<\/ul>\n\n\n\n<p class=\"\"><strong>Typy dostupn\u00fdch slu\u017eeb:<\/strong><\/p>\n\n\n\n<ul class=\"wp-block-list\">\n<li class=\"\">Zdravotni\u010dt\u00ed pracovn\u00edci: l\u00e9ka\u0159i, zuba\u0159i, optometrist\u00e9 a dal\u0161\u00ed specialist\u00e9, kte\u0159\u00ed mluv\u00ed anglicky.<\/li>\n\n\n\n<li class=\"\">Pr\u00e1vn\u00ed slu\u017eby: pomoc s v\u00edzy, smlouvami, obchodn\u00edm pr\u00e1vem a osobn\u00edmi z\u00e1le\u017eitostmi.<\/li>\n\n\n\n<li class=\"\">\u00da\u010detnictv\u00ed a finance: dan\u011b, finan\u010dn\u00ed pl\u00e1nov\u00e1n\u00ed a podnikov\u00e9 \u00fa\u010detnictv\u00ed.<\/li>\n\n\n\n<li class=\"\">Poradenstv\u00ed: zakl\u00e1d\u00e1n\u00ed firem, lidsk\u00e9 zdroje a strategie vstupu na trh.<\/li>\n<\/ul>\n\n\n\n<hr class=\"wp-block-separator has-alpha-channel-opacity\"\/>\n\n\n\n<h3 class=\"wp-block-heading\"><strong>Propagujte sv\u00e9 osobn\u00ed akce a komunitn\u00ed skupiny pro cizince v Latinsk\u00e9 Americe<\/strong><\/h3>\n\n\n\n<p class=\"\">Tato platforma je ide\u00e1ln\u00ed pro organiz\u00e1tory akc\u00ed a komunitn\u00ed l\u00eddry, kte\u0159\u00ed se cht\u011bj\u00ed spojit s mezin\u00e1rodn\u00ed komunitou v Latinsk\u00e9 Americe. Pokud po\u0159\u00e1d\u00e1te spole\u010densk\u00e1 setk\u00e1n\u00ed, jazykov\u00e9 v\u00fdm\u011bny, dobrovolnick\u00e9 p\u0159\u00edle\u017eitosti, profesn\u00ed networkingov\u00e9 akce nebo skupinov\u00e9 aktivity, m\u016f\u017eete je zde snadno propagovat.<\/p>\n\n\n\n<p class=\"\"><strong>Pro\u010d inzerovat svou akci nebo skupinu pr\u00e1v\u011b zde?<\/strong><\/p>\n\n\n\n<ul class=\"wp-block-list\">\n<li class=\"\"><strong>Mezin\u00e1rodn\u00ed dosah:<\/strong> Oslovuje cizince se z\u00e1jmem o spole\u010densk\u00e9, kulturn\u00ed a profesn\u00ed aktivity.<\/li>\n\n\n\n<li class=\"\"><strong>V\u011bt\u0161\u00ed \u00fa\u010dast:<\/strong> P\u0159itahuje to v\u00edce \u00fa\u010dastn\u00edk\u016f a vytv\u00e1\u0159\u00ed aktivn\u00ed komunitu.<\/li>\n\n\n\n<li class=\"\"><strong>V\u011bt\u0161\u00ed viditelnost:<\/strong> Zviditeln\u011bte sv\u00e9 akce nebo skupiny v cel\u00e9 komunit\u011b expat\u016f.<\/li>\n<\/ul>\n\n\n\n<p class=\"\"><strong>Typy akc\u00ed a skupin, kter\u00e9 m\u016f\u017eete propagovat:<\/strong><\/p>\n\n\n\n<ul class=\"wp-block-list\">\n<li class=\"\">Jazykov\u00e1 v\u00fdm\u011bna: propojov\u00e1n\u00ed kultur prost\u0159ednictv\u00edm jazyka.<\/li>\n\n\n\n<li class=\"\">Spole\u010densk\u00e1 setk\u00e1n\u00ed: ve\u010de\u0159e, tematick\u00e9 ve\u010d\u00edrky a neform\u00e1ln\u00ed setk\u00e1n\u00ed.<\/li>\n\n\n\n<li class=\"\">Profesn\u00ed s\u00edt\u011b: organizuje oborov\u00e9 akce a setk\u00e1n\u00ed zam\u011b\u0159en\u00e1 na profesn\u00ed rozvoj.<\/li>\n\n\n\n<li class=\"\">Sportovn\u00ed a wellness kluby: b\u011b\u017eeck\u00e9 skupiny, lekce j\u00f3gy, t\u00fdmov\u00e9 sporty.<\/li>\n<\/ul>\n\n\n\n<p class=\"\">Roz\u0161i\u0159te svou komunitu a \u00fasp\u011b\u0161n\u011b propagujte sv\u00e9 akce. Za\u010dn\u011bte se spojovat s mezin\u00e1rodn\u00ed komunitou v Latinsk\u00e9 Americe je\u0161t\u011b dnes!<\/p>\n\n<\/div>","protected":false},"excerpt":{"rendered":"<p>\u00bfQu\u00e9 puedes encontrar en este directorio de clasificados? Publica empleos para profesores y tutores extranjeros en Am\u00e9rica Latina Este es un tabl\u00f3n de anuncios de empleo para profesores y tutores [&hellip;]<\/p>","protected":false},"author":2,"featured_media":0,"parent":0,"menu_order":0,"comment_status":"closed","ping_status":"closed","template":"","meta":{"nf_dc_page":"","footnotes":""},"class_list":["post-4029","page","type-page","status-publish","hentry"],"yoast_head":"<!-- This site is optimized with the Yoast SEO plugin v26.9 - https:\/\/yoast.com\/product\/yoast-seo-wordpress\/ -->\n<title>Am\u00e9rica Latina - Teach Abroad Job Board and Resources<\/title>\n<meta name=\"robots\" content=\"index, follow, max-snippet:-1, max-image-preview:large, max-video-preview:-1\" \/>\n<link rel=\"canonical\" href=\"https:\/\/teachingjobboard.com\/cs\/america-latina\/\" \/>\n<meta property=\"og:locale\" content=\"cs_CZ\" \/>\n<meta property=\"og:type\" content=\"article\" \/>\n<meta property=\"og:title\" content=\"Am\u00e9rica Latina - Teach Abroad Job Board and Resources\" \/>\n<meta property=\"og:description\" content=\"\u00bfQu\u00e9 puedes encontrar en este directorio de clasificados? Publica empleos para profesores y tutores extranjeros en Am\u00e9rica Latina Este es un tabl\u00f3n de anuncios de empleo para profesores y tutores [&hellip;]\" \/>\n<meta property=\"og:url\" content=\"https:\/\/teachingjobboard.com\/cs\/america-latina\/\" \/>\n<meta property=\"og:site_name\" content=\"Teach Abroad Job Board and Resources\" \/>\n<meta property=\"article:modified_time\" content=\"2025-07-06T01:52:50+00:00\" \/>\n<meta name=\"twitter:card\" content=\"summary_large_image\" \/>\n<meta name=\"twitter:label1\" content=\"Odhadovan\u00e1 doba \u010dten\u00ed\" \/>\n\t<meta name=\"twitter:data1\" content=\"5 minut\" \/>\n<script type=\"application\/ld+json\" class=\"yoast-schema-graph\">{\"@context\":\"https:\/\/schema.org\",\"@graph\":[{\"@type\":\"WebPage\",\"@id\":\"https:\/\/teachingjobboard.com\/en\/america-latina\/\",\"url\":\"https:\/\/teachingjobboard.com\/en\/america-latina\/\",\"name\":\"Am\u00e9rica Latina - Teach Abroad Job Board and Resources\",\"isPartOf\":{\"@id\":\"https:\/\/teachingjobboard.com\/#website\"},\"datePublished\":\"2025-07-06T01:42:35+00:00\",\"dateModified\":\"2025-07-06T01:52:50+00:00\",\"breadcrumb\":{\"@id\":\"https:\/\/teachingjobboard.com\/en\/america-latina\/#breadcrumb\"},\"inLanguage\":\"cs\",\"potentialAction\":[{\"@type\":\"ReadAction\",\"target\":[\"https:\/\/teachingjobboard.com\/en\/america-latina\/\"]}]},{\"@type\":\"BreadcrumbList\",\"@id\":\"https:\/\/teachingjobboard.com\/en\/america-latina\/#breadcrumb\",\"itemListElement\":[{\"@type\":\"ListItem\",\"position\":1,\"name\":\"Home\",\"item\":\"https:\/\/teachingjobboard.com\/\"},{\"@type\":\"ListItem\",\"position\":2,\"name\":\"Am\u00e9rica Latina\"}]},{\"@type\":\"WebSite\",\"@id\":\"https:\/\/teachingjobboard.com\/#website\",\"url\":\"https:\/\/teachingjobboard.com\/\",\"name\":\"Teach Abroad Job Board and Resources\",\"description\":\"\",\"publisher\":{\"@id\":\"https:\/\/teachingjobboard.com\/#organization\"},\"potentialAction\":[{\"@type\":\"SearchAction\",\"target\":{\"@type\":\"EntryPoint\",\"urlTemplate\":\"https:\/\/teachingjobboard.com\/?s={search_term_string}\"},\"query-input\":{\"@type\":\"PropertyValueSpecification\",\"valueRequired\":true,\"valueName\":\"search_term_string\"}}],\"inLanguage\":\"cs\"},{\"@type\":\"Organization\",\"@id\":\"https:\/\/teachingjobboard.com\/#organization\",\"name\":\"Teach Abroad Job Board and Resources\",\"url\":\"https:\/\/teachingjobboard.com\/\",\"logo\":{\"@type\":\"ImageObject\",\"inLanguage\":\"cs\",\"@id\":\"https:\/\/teachingjobboard.com\/#\/schema\/logo\/image\/\",\"url\":\"https:\/\/i0.wp.com\/teachingjobboard.com\/wp-content\/uploads\/logo-2.png?fit=643%2C328&ssl=1\",\"contentUrl\":\"https:\/\/i0.wp.com\/teachingjobboard.com\/wp-content\/uploads\/logo-2.png?fit=643%2C328&ssl=1\",\"width\":643,\"height\":328,\"caption\":\"Teach Abroad Job Board and Resources\"},\"image\":{\"@id\":\"https:\/\/teachingjobboard.com\/#\/schema\/logo\/image\/\"}}]}<\/script>\n<!-- \/ Yoast SEO plugin. -->","yoast_head_json":{"title":"Am\u00e9rica Latina - Pracovn\u00ed port\u00e1l a zdroje pro v\u00fduku v zahrani\u010d\u00ed","robots":{"index":"index","follow":"follow","max-snippet":"max-snippet:-1","max-image-preview":"max-image-preview:large","max-video-preview":"max-video-preview:-1"},"canonical":"https:\/\/teachingjobboard.com\/cs\/america-latina\/","og_locale":"cs_CZ","og_type":"article","og_title":"Am\u00e9rica Latina - Teach Abroad Job Board and Resources","og_description":"\u00bfQu\u00e9 puedes encontrar en este directorio de clasificados? Publica empleos para profesores y tutores extranjeros en Am\u00e9rica Latina Este es un tabl\u00f3n de anuncios de empleo para profesores y tutores [&hellip;]","og_url":"https:\/\/teachingjobboard.com\/cs\/america-latina\/","og_site_name":"Teach Abroad Job Board and Resources","article_modified_time":"2025-07-06T01:52:50+00:00","twitter_card":"summary_large_image","twitter_misc":{"Odhadovan\u00e1 doba \u010dten\u00ed":"5 minut"},"schema":{"@context":"https:\/\/schema.org","@graph":[{"@type":"WebPage","@id":"https:\/\/teachingjobboard.com\/en\/america-latina\/","url":"https:\/\/teachingjobboard.com\/en\/america-latina\/","name":"Am\u00e9rica Latina - Pracovn\u00ed port\u00e1l a zdroje pro v\u00fduku v zahrani\u010d\u00ed","isPartOf":{"@id":"https:\/\/teachingjobboard.com\/#website"},"datePublished":"2025-07-06T01:42:35+00:00","dateModified":"2025-07-06T01:52:50+00:00","breadcrumb":{"@id":"https:\/\/teachingjobboard.com\/en\/america-latina\/#breadcrumb"},"inLanguage":"cs","potentialAction":[{"@type":"ReadAction","target":["https:\/\/teachingjobboard.com\/en\/america-latina\/"]}]},{"@type":"BreadcrumbList","@id":"https:\/\/teachingjobboard.com\/en\/america-latina\/#breadcrumb","itemListElement":[{"@type":"ListItem","position":1,"name":"Home","item":"https:\/\/teachingjobboard.com\/"},{"@type":"ListItem","position":2,"name":"Am\u00e9rica Latina"}]},{"@type":"WebSite","@id":"https:\/\/teachingjobboard.com\/#website","url":"https:\/\/teachingjobboard.com\/","name":"Pracovn\u00ed port\u00e1l a zdroje pro v\u00fduku v zahrani\u010d\u00ed","description":"","publisher":{"@id":"https:\/\/teachingjobboard.com\/#organization"},"potentialAction":[{"@type":"SearchAction","target":{"@type":"EntryPoint","urlTemplate":"https:\/\/teachingjobboard.com\/?s={search_term_string}"},"query-input":{"@type":"PropertyValueSpecification","valueRequired":true,"valueName":"search_term_string"}}],"inLanguage":"cs"},{"@type":"Organization","@id":"https:\/\/teachingjobboard.com\/#organization","name":"Pracovn\u00ed port\u00e1l a zdroje pro v\u00fduku v zahrani\u010d\u00ed","url":"https:\/\/teachingjobboard.com\/","logo":{"@type":"ImageObject","inLanguage":"cs","@id":"https:\/\/teachingjobboard.com\/#\/schema\/logo\/image\/","url":"https:\/\/i0.wp.com\/teachingjobboard.com\/wp-content\/uploads\/logo-2.png?fit=643%2C328&ssl=1","contentUrl":"https:\/\/i0.wp.com\/teachingjobboard.com\/wp-content\/uploads\/logo-2.png?fit=643%2C328&ssl=1","width":643,"height":328,"caption":"Teach Abroad Job Board and Resources"},"image":{"@id":"https:\/\/teachingjobboard.com\/#\/schema\/logo\/image\/"}}]}},"jetpack_sharing_enabled":true,"_links":{"self":[{"href":"https:\/\/teachingjobboard.com\/cs\/wp-json\/wp\/v2\/pages\/4029","targetHints":{"allow":["GET"]}}],"collection":[{"href":"https:\/\/teachingjobboard.com\/cs\/wp-json\/wp\/v2\/pages"}],"about":[{"href":"https:\/\/teachingjobboard.com\/cs\/wp-json\/wp\/v2\/types\/page"}],"author":[{"embeddable":true,"href":"https:\/\/teachingjobboard.com\/cs\/wp-json\/wp\/v2\/users\/2"}],"replies":[{"embeddable":true,"href":"https:\/\/teachingjobboard.com\/cs\/wp-json\/wp\/v2\/comments?post=4029"}],"version-history":[{"count":2,"href":"https:\/\/teachingjobboard.com\/cs\/wp-json\/wp\/v2\/pages\/4029\/revisions"}],"predecessor-version":[{"id":4031,"href":"https:\/\/teachingjobboard.com\/cs\/wp-json\/wp\/v2\/pages\/4029\/revisions\/4031"}],"wp:attachment":[{"href":"https:\/\/teachingjobboard.com\/cs\/wp-json\/wp\/v2\/media?parent=4029"}],"curies":[{"name":"wp","href":"https:\/\/api.w.org\/{rel}","templated":true}]}}