{"id":4027,"date":"2025-07-05T23:36:30","date_gmt":"2025-07-05T23:36:30","guid":{"rendered":"https:\/\/teachingjobboard.com\/staging\/?page_id=4027"},"modified":"2025-07-06T01:54:45","modified_gmt":"2025-07-06T01:54:45","slug":"oriente-medio","status":"publish","type":"page","link":"https:\/\/teachingjobboard.com\/es_es\/oriente-medio\/","title":{"rendered":"Oriente Medio"},"content":{"rendered":"<div lang=\"ar\">\n\n<p class=\"\"><strong>\u00bfQu\u00e9 puedes encontrar en esta gu\u00eda categorizada?<\/strong><\/p>\n\n\n\n<hr class=\"wp-block-separator has-alpha-channel-opacity\"\/>\n\n\n\n<h3 class=\"wp-block-heading\"><strong>Publica ofertas de trabajo para profesores e instructores extranjeros en Oriente Medio.<\/strong><\/h3>\n\n\n\n<p class=\"\">Este es un sitio web de empleo dedicado a profesores e instructores extranjeros en el campo de la ense\u00f1anza del idioma ingl\u00e9s en Oriente Medio (clases particulares\/a domicilio, instrucci\u00f3n individual o en grupos peque\u00f1os), para ense\u00f1ar ingl\u00e9s como segunda lengua (ESL), como lengua extranjera (EFL) o como lengua adicional (EAL) a estudiantes de ingl\u00e9s como lengua extranjera (ELL).<\/p>\n\n\n\n<p class=\"\"><strong>Empleadores:<\/strong> Escuelas, instituciones y agencias de empleo en Oriente Medio, incluyendo:<\/p>\n\n\n\n<ul class=\"wp-block-list\">\n<li class=\"\">Escuelas de idiomas y centros de enriquecimiento<\/li>\n\n\n\n<li class=\"\">Jardines de infancia y guarder\u00edas<\/li>\n\n\n\n<li class=\"\">Colegios biling\u00fces e internacionales<\/li>\n\n\n\n<li class=\"\">Proveedores de servicios de idioma ingl\u00e9s para empresas y corporaciones<\/li>\n\n\n\n<li class=\"\">Centros de preparaci\u00f3n para los ex\u00e1menes IELTS, TOEFL y TOEIC<\/li>\n\n\n\n<li class=\"\">Universidades<\/li>\n<\/ul>\n\n\n\n<p class=\"\"><strong>Candidatos:<\/strong> Solicitantes de Oriente Medio y del extranjero:<\/p>\n\n\n\n<ul class=\"wp-block-list\">\n<li class=\"\">Profesores nativos de ingl\u00e9s<\/li>\n\n\n\n<li class=\"\">Profesores con un nivel cercano al de los hablantes nativos (MCER C2, dominio y fluidez).<\/li>\n\n\n\n<li class=\"\">Profesores de Estados Unidos, Reino Unido (Inglaterra), Canad\u00e1, Australia, Nueva Zelanda, Sud\u00e1frica, Irlanda, Filipinas y otros pa\u00edses<\/li>\n\n\n\n<li class=\"\">Profesores con certificaciones TEFL, TESOL, CELTA y DELTA<\/li>\n\n\n\n<li class=\"\">Profesores con cualificaciones profesionales (como PGCE\/QTS), licenciados y acreditados en sus pa\u00edses de origen o en Oriente Medio.<\/li>\n\n\n\n<li class=\"\">Profesores experimentados con t\u00edtulos universitarios (Licenciatura, Maestr\u00eda, Doctorado)<\/li>\n<\/ul>\n\n\n\n<hr class=\"wp-block-separator has-alpha-channel-opacity\"\/>\n\n\n\n<h3 class=\"wp-block-heading\"><strong>Publique anuncios de alquiler de propiedades para profesores extranjeros en Oriente Medio.<\/strong><\/h3>\n\n\n\n<p class=\"\">Este sitio web se dedica a la publicaci\u00f3n de anuncios de alquileres inmobiliarios, ayudando a propietarios, administradores de fincas y agentes inmobiliarios a conectar con profesores expatriados que buscan propiedades de alquiler de alta calidad en Oriente Medio. Tanto si dispone de un apartamento amueblado como sin amueblar, este es el lugar perfecto para contactar con inquilinos responsables que buscan contratos a largo plazo (uno o dos a\u00f1os) o a corto plazo.<\/p>\n\n\n\n<p class=\"\"><strong>\u00bfPor qu\u00e9 publicar su anuncio aqu\u00ed?<\/strong><\/p>\n\n\n\n<p class=\"\">Nuestro sitio web se centra espec\u00edficamente en profesores extranjeros que trabajan en escuelas internacionales, universidades, centros de tutor\u00eda y centros de aprendizaje de idiomas en todo Oriente Medio.<\/p>\n\n\n\n<p class=\"\"><strong>Inquilinos confiables:<\/strong> Los profesores extranjeros son profesionales y a menudo prefieren contratos a largo plazo.<\/p>\n\n\n\n<p class=\"\"><strong>Tipos de propiedades listadas:<\/strong><\/p>\n\n\n\n<ul class=\"wp-block-list\">\n<li class=\"\">Apartamentos totalmente amueblados: listos para entrar a vivir con todas las comodidades b\u00e1sicas.<\/li>\n\n\n\n<li class=\"\">Arrendamientos a largo y corto plazo: flexibilidad en los t\u00e9rminos del contrato seg\u00fan sea necesario.<\/li>\n<\/ul>\n\n\n\n<p class=\"\">Anuncie su propiedad en nuestra plataforma de confianza y comience a atraer la atenci\u00f3n de profesores extranjeros en Oriente Medio.<\/p>\n\n\n\n<hr class=\"wp-block-separator has-alpha-channel-opacity\"\/>\n\n\n\n<h3 class=\"wp-block-heading\"><strong>Ofrecemos clases de \u00e1rabe para extranjeros: Las mejores clases de \u00e1rabe para expatriados en Oriente Medio.<\/strong><\/h3>\n\n\n\n<p class=\"\">Esta p\u00e1gina web conecta escuelas de idiomas y profesores particulares con extranjeros interesados \u200b\u200ben aprender \u00e1rabe. Si ofreces clases de alta calidad, instrucci\u00f3n personalizada individual o programas de integraci\u00f3n cultural, este es el lugar perfecto para promocionar tus servicios.<\/p>\n\n\n\n<p class=\"\"><strong>\u00bfPor qu\u00e9 anunciar sus servicios aqu\u00ed?<\/strong><\/p>\n\n\n\n<ul class=\"wp-block-list\">\n<li class=\"\"><strong>P\u00fablico objetivo:<\/strong> Conecta con extranjeros residentes en Oriente Medio que est\u00e9n interesados \u200b\u200ben aprender \u00e1rabe.<\/li>\n\n\n\n<li class=\"\"><strong>Diversas oportunidades:<\/strong> Atraer a estudiantes de todos los niveles, desde principiantes hasta avanzados, ni\u00f1os y adultos.<\/li>\n\n\n\n<li class=\"\"><strong>Una perspectiva m\u00e1s amplia:<\/strong> Haz visible tu escuela o servicios educativos a una audiencia internacional activa.<\/li>\n<\/ul>\n\n\n\n<p class=\"\"><strong>Tipos de clases que ofrecemos:<\/strong><\/p>\n\n\n\n<ul class=\"wp-block-list\">\n<li class=\"\">Escuelas de idiomas: Programas educativos estructurados con profesores certificados.<\/li>\n\n\n\n<li class=\"\">Clases particulares: Clases individuales o para grupos reducidos y personalizados.<\/li>\n\n\n\n<li class=\"\">Clases online o presenciales: Opciones flexibles seg\u00fan los horarios.<\/li>\n\n\n\n<li class=\"\">Programas de integraci\u00f3n cultural: Aprender el idioma a trav\u00e9s de actividades y experiencias locales.<\/li>\n<\/ul>\n\n\n\n<p class=\"\">Promociona ahora tus clases de \u00e1rabe y ayuda a tus alumnos a alcanzar sus objetivos ling\u00fc\u00edsticos en Oriente Medio.<\/p>\n\n\n\n<hr class=\"wp-block-separator has-alpha-channel-opacity\"\/>\n\n\n\n<h3 class=\"wp-block-heading\"><strong>Consulta los curr\u00edculos de profesores extranjeros cualificados en Oriente Medio.<\/strong><\/h3>\n\n\n\n<p class=\"\">Una plataforma dedicada a escuelas, centros de idiomas, institutos e instituciones educativas que buscan profesores extranjeros profesionales en Oriente Medio. Tanto si busca profesores de ingl\u00e9s, especialistas en otras materias o dise\u00f1adores de curr\u00edculos, aqu\u00ed encontrar\u00e1 lo que necesita.<\/p>\n\n\n\n<p class=\"\"><strong>\u00bfPor qu\u00e9 usar nuestro tabl\u00f3n de curr\u00edculums?<\/strong><\/p>\n\n\n\n<ul class=\"wp-block-list\">\n<li class=\"\">Revisar los curr\u00edculums de los docentes interesados \u200b\u200ben trabajar en el sector educativo en Oriente Medio.<\/li>\n\n\n\n<li class=\"\"><strong>Candidatos cualificados y con experiencia:<\/strong> Certificaciones internacionales, t\u00edtulos universitarios y experiencia real en el aula.<\/li>\n\n\n\n<li class=\"\"><strong>Contrataci\u00f3n m\u00e1s r\u00e1pida:<\/strong> Contacta directamente con los candidatos que mejor se adapten a las necesidades de tu centro educativo.<\/li>\n<\/ul>\n\n\n\n<p class=\"\"><strong>Tipos de profesores disponibles:<\/strong><\/p>\n\n\n\n<ul class=\"wp-block-list\">\n<li class=\"\">Profesores de ingl\u00e9s: con certificados TEFL, TESOL, CELTA y DELTA.<\/li>\n\n\n\n<li class=\"\">Profesores de educaci\u00f3n infantil, primaria y secundaria.<\/li>\n\n\n\n<li class=\"\">Especialistas en materias como matem\u00e1ticas, ciencias y humanidades.<\/li>\n\n\n\n<li class=\"\">Profesores universitarios y de educaci\u00f3n para adultos: Expertos en educaci\u00f3n superior y formaci\u00f3n profesional.<\/li>\n<\/ul>\n\n\n\n<p class=\"\">Empiece hoy mismo a buscar al profesor ideal para su organizaci\u00f3n en Oriente Medio.<\/p>\n\n\n\n<hr class=\"wp-block-separator has-alpha-channel-opacity\"\/>\n\n\n\n<h3 class=\"wp-block-heading\"><strong>Se buscan profesores nativos de ingl\u00e9s para impartir clases individuales y grupales en Oriente Medio.<\/strong><\/h3>\n\n\n\n<p class=\"\">Encuentra profesores cualificados en Oriente Medio para clases de idiomas, apoyo acad\u00e9mico o formaci\u00f3n en habilidades espec\u00edficas. Este es el lugar perfecto para encontrar al profesor ideal para ti.<\/p>\n\n\n\n<p class=\"\"><strong>\u00bfPor qu\u00e9 utilizar nuestra gu\u00eda para profesores?<\/strong><\/p>\n\n\n\n<ul class=\"wp-block-list\">\n<li class=\"\"><strong>Una variedad de materiales:<\/strong> Desde conversaci\u00f3n hasta ingl\u00e9s de negocios y preparaci\u00f3n para ex\u00e1menes como TOEFL, IELTS y TOEIC.<\/li>\n\n\n\n<li class=\"\"><strong>Opciones de aprendizaje flexibles:<\/strong> Clases individuales o en grupo seg\u00fan tus necesidades.<\/li>\n\n\n\n<li class=\"\"><strong>Profesores cualificados:<\/strong> Profesores certificados, hablantes nativos y especialistas expertos.<\/li>\n<\/ul>\n\n\n\n<p class=\"\">Comienza tu trayectoria educativa con profesores profesionales que te ayudar\u00e1n a alcanzar tus metas f\u00e1cilmente.<\/p>\n\n\n\n<hr class=\"wp-block-separator has-alpha-channel-opacity\"\/>\n\n\n\n<h3 class=\"wp-block-heading\"><strong>Prestar servicios profesionales a extranjeros en Oriente Medio<\/strong><\/h3>\n\n\n\n<p class=\"\">Una plataforma que conecta a expatriados residentes en Oriente Medio con proveedores de servicios de confianza. Tanto si eres contable, abogado, m\u00e9dico o profesional de cualquier sector, aqu\u00ed podr\u00e1s captar nuevos clientes.<\/p>\n\n\n\n<p class=\"\"><strong>\u00bfPor qu\u00e9 utilizar nuestro directorio de servicios?<\/strong><\/p>\n\n\n\n<ul class=\"wp-block-list\">\n<li class=\"\"><strong>Dise\u00f1ado para expatriados:<\/strong> Servicios adaptados a las necesidades de la comunidad internacional en Oriente Medio.<\/li>\n\n\n\n<li class=\"\"><strong>M\u00faltiples experiencias:<\/strong> Aqu\u00ed pueden ofrecer sus servicios especialistas de diversos campos.<\/li>\n<\/ul>\n\n\n\n<p class=\"\"><strong>Tipos de servicios disponibles:<\/strong><\/p>\n\n\n\n<ul class=\"wp-block-list\">\n<li class=\"\">Proveedores de atenci\u00f3n m\u00e9dica: m\u00e9dicos, dentistas, optometristas y otros que hablan ingl\u00e9s.<\/li>\n\n\n\n<li class=\"\">Servicios legales: Asistencia con visados, contratos, derecho mercantil y asuntos personales.<\/li>\n\n\n\n<li class=\"\">Contabilidad y finanzas: Impuestos, planificaci\u00f3n financiera, contabilidad empresarial.<\/li>\n\n\n\n<li class=\"\">Servicios de consultor\u00eda: constituci\u00f3n de empresas, soluciones de recursos humanos, estrategias de entrada al mercado.<\/li>\n<\/ul>\n\n\n\n<hr class=\"wp-block-separator has-alpha-channel-opacity\"\/>\n\n\n\n<h3 class=\"wp-block-heading\"><strong>Promociona tus eventos comunitarios y actividades presenciales dirigidas a extranjeros en Oriente Medio.<\/strong><\/h3>\n\n\n\n<p class=\"\">Una plataforma ideal para organizadores y l\u00edderes comunitarios que buscan conectar con la comunidad internacional en Oriente Medio. Si organizas eventos sociales, intercambios de idiomas, oportunidades de voluntariado o encuentros profesionales, este es el lugar perfecto.<\/p>\n\n\n\n<p class=\"\"><strong>\u00bfPor qu\u00e9 promocionas tu evento o grupo aqu\u00ed?<\/strong><\/p>\n\n\n\n<ul class=\"wp-block-list\">\n<li class=\"\"><strong>P\u00fablico internacional:<\/strong> Conecta con extranjeros interesados \u200b\u200ben actividades sociales, culturales y profesionales.<\/li>\n\n\n\n<li class=\"\"><strong>Mayor participaci\u00f3n:<\/strong> Atrae a m\u00e1s asistentes y forma parte de una comunidad activa.<\/li>\n\n\n\n<li class=\"\"><strong>Una perspectiva m\u00e1s amplia:<\/strong> Haz que tu grupo o evento sea m\u00e1s conocido en Oriente Medio.<\/li>\n<\/ul>\n\n\n\n<p class=\"\"><strong>Tipos de eventos y grupos que puedes promocionar:<\/strong><\/p>\n\n\n\n<ul class=\"wp-block-list\">\n<li class=\"\">Intercambio ling\u00fc\u00edstico: Fomentar la comunicaci\u00f3n cultural a trav\u00e9s del aprendizaje de idiomas.<\/li>\n\n\n\n<li class=\"\">Reuniones sociales: fiestas, cenas, encuentros informales.<\/li>\n\n\n\n<li class=\"\">Redes profesionales: Eventos del sector y reuniones de desarrollo profesional.<\/li>\n\n\n\n<li class=\"\">Clubes deportivos: grupos de corredores, clases de yoga y otras actividades grupales.<\/li>\n<\/ul>\n\n\n\n<p class=\"\">Empieza a promocionar tus actividades ahora y atrae a un nuevo p\u00fablico de residentes extranjeros en Oriente Medio.<\/p>\n\n<\/div>","protected":false},"excerpt":{"rendered":"<p>\u0645\u0627 \u0627\u0644\u0630\u064a \u064a\u0645\u0643\u0646\u0643 \u0627\u0644\u0639\u062b\u0648\u0631 \u0639\u0644\u064a\u0647 \u0641\u064a \u0647\u0630\u0627 \u0627\u0644\u062f\u0644\u064a\u0644 \u0627\u0644\u0645\u0628\u0648\u0628\u061f \u0627\u0646\u0634\u0631 \u0648\u0638\u0627\u0626\u0641 \u0644\u0644\u0645\u0639\u0644\u0645\u064a\u0646 \u0648\u0627\u0644\u0645\u062f\u0631\u0633\u064a\u0646 \u0627\u0644\u0623\u062c\u0627\u0646\u0628 \u0641\u064a \u0627\u0644\u0634\u0631\u0642 \u0627\u0644\u0623\u0648\u0633\u0637 \u0647\u0630\u0627 \u0645\u0648\u0642\u0639 \u0644\u0644\u0648\u0638\u0627\u0626\u0641 \u0645\u062e\u0635\u0635 \u0644\u0644\u0645\u0639\u0644\u0645\u064a\u0646 \u0648\u0627\u0644\u0645\u062f\u0631\u0633\u064a\u0646 \u0627\u0644\u0623\u062c\u0627\u0646\u0628 \u0641\u064a \u0645\u062c\u0627\u0644 \u062a\u0639\u0644\u064a\u0645 \u0627\u0644\u0644\u063a\u0629 \u0627\u0644\u0625\u0646\u062c\u0644\u064a\u0632\u064a\u0629 \u0641\u064a [&hellip;]<\/p>","protected":false},"author":2,"featured_media":0,"parent":0,"menu_order":0,"comment_status":"closed","ping_status":"closed","template":"","meta":{"nf_dc_page":"","footnotes":""},"class_list":["post-4027","page","type-page","status-publish","hentry"],"yoast_head":"<!-- This site is optimized with the Yoast SEO plugin v26.9 - https:\/\/yoast.com\/product\/yoast-seo-wordpress\/ -->\n<title>\u0627\u0644\u0634\u0631\u0642 \u0627\u0644\u0623\u0648\u0633\u0637 - Teach Abroad Job Board and Resources<\/title>\n<meta name=\"robots\" content=\"index, follow, max-snippet:-1, max-image-preview:large, max-video-preview:-1\" \/>\n<link rel=\"canonical\" href=\"https:\/\/teachingjobboard.com\/es_es\/oriente-medio\/\" \/>\n<meta property=\"og:locale\" content=\"es_ES\" \/>\n<meta property=\"og:type\" content=\"article\" \/>\n<meta property=\"og:title\" content=\"\u0627\u0644\u0634\u0631\u0642 \u0627\u0644\u0623\u0648\u0633\u0637 - Teach Abroad Job Board and Resources\" \/>\n<meta property=\"og:description\" content=\"\u0645\u0627 \u0627\u0644\u0630\u064a \u064a\u0645\u0643\u0646\u0643 \u0627\u0644\u0639\u062b\u0648\u0631 \u0639\u0644\u064a\u0647 \u0641\u064a \u0647\u0630\u0627 \u0627\u0644\u062f\u0644\u064a\u0644 \u0627\u0644\u0645\u0628\u0648\u0628\u061f \u0627\u0646\u0634\u0631 \u0648\u0638\u0627\u0626\u0641 \u0644\u0644\u0645\u0639\u0644\u0645\u064a\u0646 \u0648\u0627\u0644\u0645\u062f\u0631\u0633\u064a\u0646 \u0627\u0644\u0623\u062c\u0627\u0646\u0628 \u0641\u064a \u0627\u0644\u0634\u0631\u0642 \u0627\u0644\u0623\u0648\u0633\u0637 \u0647\u0630\u0627 \u0645\u0648\u0642\u0639 \u0644\u0644\u0648\u0638\u0627\u0626\u0641 \u0645\u062e\u0635\u0635 \u0644\u0644\u0645\u0639\u0644\u0645\u064a\u0646 \u0648\u0627\u0644\u0645\u062f\u0631\u0633\u064a\u0646 \u0627\u0644\u0623\u062c\u0627\u0646\u0628 \u0641\u064a \u0645\u062c\u0627\u0644 \u062a\u0639\u0644\u064a\u0645 \u0627\u0644\u0644\u063a\u0629 \u0627\u0644\u0625\u0646\u062c\u0644\u064a\u0632\u064a\u0629 \u0641\u064a [&hellip;]\" \/>\n<meta property=\"og:url\" content=\"https:\/\/teachingjobboard.com\/es_es\/oriente-medio\/\" \/>\n<meta property=\"og:site_name\" content=\"Teach Abroad Job Board and Resources\" \/>\n<meta property=\"article:modified_time\" content=\"2025-07-06T01:54:45+00:00\" \/>\n<meta name=\"twitter:card\" content=\"summary_large_image\" \/>\n<meta name=\"twitter:label1\" content=\"Tiempo de lectura\" \/>\n\t<meta name=\"twitter:data1\" content=\"4 minutos\" \/>\n<script type=\"application\/ld+json\" class=\"yoast-schema-graph\">{\"@context\":\"https:\/\/schema.org\",\"@graph\":[{\"@type\":\"WebPage\",\"@id\":\"https:\/\/teachingjobboard.com\/%d8%a7%d9%84%d8%b4%d8%b1%d9%82-%d8%a7%d9%84%d8%a3%d9%88%d8%b3%d8%b7\/\",\"url\":\"https:\/\/teachingjobboard.com\/%d8%a7%d9%84%d8%b4%d8%b1%d9%82-%d8%a7%d9%84%d8%a3%d9%88%d8%b3%d8%b7\/\",\"name\":\"\u0627\u0644\u0634\u0631\u0642 \u0627\u0644\u0623\u0648\u0633\u0637 - Teach Abroad Job Board and Resources\",\"isPartOf\":{\"@id\":\"https:\/\/teachingjobboard.com\/#website\"},\"datePublished\":\"2025-07-05T23:36:30+00:00\",\"dateModified\":\"2025-07-06T01:54:45+00:00\",\"breadcrumb\":{\"@id\":\"https:\/\/teachingjobboard.com\/%d8%a7%d9%84%d8%b4%d8%b1%d9%82-%d8%a7%d9%84%d8%a3%d9%88%d8%b3%d8%b7\/#breadcrumb\"},\"inLanguage\":\"es\",\"potentialAction\":[{\"@type\":\"ReadAction\",\"target\":[\"https:\/\/teachingjobboard.com\/%d8%a7%d9%84%d8%b4%d8%b1%d9%82-%d8%a7%d9%84%d8%a3%d9%88%d8%b3%d8%b7\/\"]}]},{\"@type\":\"BreadcrumbList\",\"@id\":\"https:\/\/teachingjobboard.com\/%d8%a7%d9%84%d8%b4%d8%b1%d9%82-%d8%a7%d9%84%d8%a3%d9%88%d8%b3%d8%b7\/#breadcrumb\",\"itemListElement\":[{\"@type\":\"ListItem\",\"position\":1,\"name\":\"Home\",\"item\":\"https:\/\/teachingjobboard.com\/\"},{\"@type\":\"ListItem\",\"position\":2,\"name\":\"\u0627\u0644\u0634\u0631\u0642 \u0627\u0644\u0623\u0648\u0633\u0637\"}]},{\"@type\":\"WebSite\",\"@id\":\"https:\/\/teachingjobboard.com\/#website\",\"url\":\"https:\/\/teachingjobboard.com\/\",\"name\":\"Teach Abroad Job Board and Resources\",\"description\":\"\",\"publisher\":{\"@id\":\"https:\/\/teachingjobboard.com\/#organization\"},\"potentialAction\":[{\"@type\":\"SearchAction\",\"target\":{\"@type\":\"EntryPoint\",\"urlTemplate\":\"https:\/\/teachingjobboard.com\/?s={search_term_string}\"},\"query-input\":{\"@type\":\"PropertyValueSpecification\",\"valueRequired\":true,\"valueName\":\"search_term_string\"}}],\"inLanguage\":\"es\"},{\"@type\":\"Organization\",\"@id\":\"https:\/\/teachingjobboard.com\/#organization\",\"name\":\"Teach Abroad Job Board and Resources\",\"url\":\"https:\/\/teachingjobboard.com\/\",\"logo\":{\"@type\":\"ImageObject\",\"inLanguage\":\"es\",\"@id\":\"https:\/\/teachingjobboard.com\/#\/schema\/logo\/image\/\",\"url\":\"https:\/\/i0.wp.com\/teachingjobboard.com\/wp-content\/uploads\/logo-2.png?fit=643%2C328&ssl=1\",\"contentUrl\":\"https:\/\/i0.wp.com\/teachingjobboard.com\/wp-content\/uploads\/logo-2.png?fit=643%2C328&ssl=1\",\"width\":643,\"height\":328,\"caption\":\"Teach Abroad Job Board and Resources\"},\"image\":{\"@id\":\"https:\/\/teachingjobboard.com\/#\/schema\/logo\/image\/\"}}]}<\/script>\n<!-- \/ Yoast SEO plugin. -->","yoast_head_json":{"title":"Oriente Medio: Bolsa de trabajo y recursos para ense\u00f1ar en el extranjero","robots":{"index":"index","follow":"follow","max-snippet":"max-snippet:-1","max-image-preview":"max-image-preview:large","max-video-preview":"max-video-preview:-1"},"canonical":"https:\/\/teachingjobboard.com\/es_es\/oriente-medio\/","og_locale":"es_ES","og_type":"article","og_title":"\u0627\u0644\u0634\u0631\u0642 \u0627\u0644\u0623\u0648\u0633\u0637 - Teach Abroad Job Board and Resources","og_description":"\u0645\u0627 \u0627\u0644\u0630\u064a \u064a\u0645\u0643\u0646\u0643 \u0627\u0644\u0639\u062b\u0648\u0631 \u0639\u0644\u064a\u0647 \u0641\u064a \u0647\u0630\u0627 \u0627\u0644\u062f\u0644\u064a\u0644 \u0627\u0644\u0645\u0628\u0648\u0628\u061f \u0627\u0646\u0634\u0631 \u0648\u0638\u0627\u0626\u0641 \u0644\u0644\u0645\u0639\u0644\u0645\u064a\u0646 \u0648\u0627\u0644\u0645\u062f\u0631\u0633\u064a\u0646 \u0627\u0644\u0623\u062c\u0627\u0646\u0628 \u0641\u064a \u0627\u0644\u0634\u0631\u0642 \u0627\u0644\u0623\u0648\u0633\u0637 \u0647\u0630\u0627 \u0645\u0648\u0642\u0639 \u0644\u0644\u0648\u0638\u0627\u0626\u0641 \u0645\u062e\u0635\u0635 \u0644\u0644\u0645\u0639\u0644\u0645\u064a\u0646 \u0648\u0627\u0644\u0645\u062f\u0631\u0633\u064a\u0646 \u0627\u0644\u0623\u062c\u0627\u0646\u0628 \u0641\u064a \u0645\u062c\u0627\u0644 \u062a\u0639\u0644\u064a\u0645 \u0627\u0644\u0644\u063a\u0629 \u0627\u0644\u0625\u0646\u062c\u0644\u064a\u0632\u064a\u0629 \u0641\u064a [&hellip;]","og_url":"https:\/\/teachingjobboard.com\/es_es\/oriente-medio\/","og_site_name":"Teach Abroad Job Board and Resources","article_modified_time":"2025-07-06T01:54:45+00:00","twitter_card":"summary_large_image","twitter_misc":{"Tiempo de lectura":"4 minutos"},"schema":{"@context":"https:\/\/schema.org","@graph":[{"@type":"WebPage","@id":"https:\/\/teachingjobboard.com\/%d8%a7%d9%84%d8%b4%d8%b1%d9%82-%d8%a7%d9%84%d8%a3%d9%88%d8%b3%d8%b7\/","url":"https:\/\/teachingjobboard.com\/%d8%a7%d9%84%d8%b4%d8%b1%d9%82-%d8%a7%d9%84%d8%a3%d9%88%d8%b3%d8%b7\/","name":"Oriente Medio: Bolsa de trabajo y recursos para ense\u00f1ar en el extranjero","isPartOf":{"@id":"https:\/\/teachingjobboard.com\/#website"},"datePublished":"2025-07-05T23:36:30+00:00","dateModified":"2025-07-06T01:54:45+00:00","breadcrumb":{"@id":"https:\/\/teachingjobboard.com\/%d8%a7%d9%84%d8%b4%d8%b1%d9%82-%d8%a7%d9%84%d8%a3%d9%88%d8%b3%d8%b7\/#breadcrumb"},"inLanguage":"es","potentialAction":[{"@type":"ReadAction","target":["https:\/\/teachingjobboard.com\/%d8%a7%d9%84%d8%b4%d8%b1%d9%82-%d8%a7%d9%84%d8%a3%d9%88%d8%b3%d8%b7\/"]}]},{"@type":"BreadcrumbList","@id":"https:\/\/teachingjobboard.com\/%d8%a7%d9%84%d8%b4%d8%b1%d9%82-%d8%a7%d9%84%d8%a3%d9%88%d8%b3%d8%b7\/#breadcrumb","itemListElement":[{"@type":"ListItem","position":1,"name":"Home","item":"https:\/\/teachingjobboard.com\/"},{"@type":"ListItem","position":2,"name":"\u0627\u0644\u0634\u0631\u0642 \u0627\u0644\u0623\u0648\u0633\u0637"}]},{"@type":"WebSite","@id":"https:\/\/teachingjobboard.com\/#website","url":"https:\/\/teachingjobboard.com\/","name":"Bolsa de trabajo y recursos para ense\u00f1ar en el extranjero","description":"","publisher":{"@id":"https:\/\/teachingjobboard.com\/#organization"},"potentialAction":[{"@type":"SearchAction","target":{"@type":"EntryPoint","urlTemplate":"https:\/\/teachingjobboard.com\/?s={search_term_string}"},"query-input":{"@type":"PropertyValueSpecification","valueRequired":true,"valueName":"search_term_string"}}],"inLanguage":"es"},{"@type":"Organization","@id":"https:\/\/teachingjobboard.com\/#organization","name":"Bolsa de trabajo y recursos para ense\u00f1ar en el extranjero","url":"https:\/\/teachingjobboard.com\/","logo":{"@type":"ImageObject","inLanguage":"es","@id":"https:\/\/teachingjobboard.com\/#\/schema\/logo\/image\/","url":"https:\/\/i0.wp.com\/teachingjobboard.com\/wp-content\/uploads\/logo-2.png?fit=643%2C328&ssl=1","contentUrl":"https:\/\/i0.wp.com\/teachingjobboard.com\/wp-content\/uploads\/logo-2.png?fit=643%2C328&ssl=1","width":643,"height":328,"caption":"Teach Abroad Job Board and Resources"},"image":{"@id":"https:\/\/teachingjobboard.com\/#\/schema\/logo\/image\/"}}]}},"jetpack_sharing_enabled":true,"_links":{"self":[{"href":"https:\/\/teachingjobboard.com\/es_es\/wp-json\/wp\/v2\/pages\/4027","targetHints":{"allow":["GET"]}}],"collection":[{"href":"https:\/\/teachingjobboard.com\/es_es\/wp-json\/wp\/v2\/pages"}],"about":[{"href":"https:\/\/teachingjobboard.com\/es_es\/wp-json\/wp\/v2\/types\/page"}],"author":[{"embeddable":true,"href":"https:\/\/teachingjobboard.com\/es_es\/wp-json\/wp\/v2\/users\/2"}],"replies":[{"embeddable":true,"href":"https:\/\/teachingjobboard.com\/es_es\/wp-json\/wp\/v2\/comments?post=4027"}],"version-history":[{"count":2,"href":"https:\/\/teachingjobboard.com\/es_es\/wp-json\/wp\/v2\/pages\/4027\/revisions"}],"predecessor-version":[{"id":4032,"href":"https:\/\/teachingjobboard.com\/es_es\/wp-json\/wp\/v2\/pages\/4027\/revisions\/4032"}],"wp:attachment":[{"href":"https:\/\/teachingjobboard.com\/es_es\/wp-json\/wp\/v2\/media?parent=4027"}],"curies":[{"name":"wp","href":"https:\/\/api.w.org\/{rel}","templated":true}]}}