{"id":4027,"date":"2025-07-05T23:36:30","date_gmt":"2025-07-05T23:36:30","guid":{"rendered":"https:\/\/teachingjobboard.com\/staging\/?page_id=4027"},"modified":"2025-07-06T01:54:45","modified_gmt":"2025-07-06T01:54:45","slug":"a-kozel-kelet","status":"publish","type":"page","link":"https:\/\/teachingjobboard.com\/hu\/a-kozel-kelet\/","title":{"rendered":"A K\u00f6zel-Kelet"},"content":{"rendered":"<div lang=\"ar\">\n\n<p class=\"\"><strong>Mit tal\u00e1lhatsz ebben a kategoriz\u00e1lt \u00fatmutat\u00f3ban?<\/strong><\/p>\n\n\n\n<hr class=\"wp-block-separator has-alpha-channel-opacity\"\/>\n\n\n\n<h3 class=\"wp-block-heading\"><strong>\u00c1ll\u00e1saj\u00e1nlatok k\u00fclf\u00f6ldi tan\u00e1rok \u00e9s oktat\u00f3k sz\u00e1m\u00e1ra a K\u00f6zel-Keleten<\/strong><\/h3>\n\n\n\n<p class=\"\">Ez egy \u00e1ll\u00e1skeres\u0151 oldal k\u00fclf\u00f6ldi tan\u00e1rok \u00e9s oktat\u00f3k sz\u00e1m\u00e1ra, akik a K\u00f6zel-Keleten dolgoznak angol nyelvoktat\u00e1s ter\u00fclet\u00e9n (mag\u00e1n-\/otthoni \u00f3r\u00e1k, egy\u00e9ni vagy kiscsoportos oktat\u00e1s), angol nyelvet m\u00e1sodik nyelvk\u00e9nt (ESL), idegen nyelvk\u00e9nt (EFL) vagy tov\u00e1bbi nyelvk\u00e9nt (EAL) tan\u00edtanak angolul tanul\u00f3knak (ELL).<\/p>\n\n\n\n<p class=\"\"><strong>Munk\u00e1ltat\u00f3k:<\/strong> Iskol\u00e1k, int\u00e9zm\u00e9nyek \u00e9s munkak\u00f6zvet\u00edt\u0151 \u00fcgyn\u00f6ks\u00e9gek a K\u00f6zel-Keleten, bele\u00e9rtve:<\/p>\n\n\n\n<ul class=\"wp-block-list\">\n<li class=\"\">Nyelviskol\u00e1k \u00e9s kieg\u00e9sz\u00edt\u0151 k\u00f6zpontok<\/li>\n\n\n\n<li class=\"\">\u00d3vod\u00e1k \u00e9s b\u00f6lcs\u0151d\u00e9k<\/li>\n\n\n\n<li class=\"\">K\u00e9tnyelv\u0171 \u00e9s nemzetk\u00f6zi iskol\u00e1k<\/li>\n\n\n\n<li class=\"\">Angol nyelvi szolg\u00e1ltat\u00f3k v\u00e1llalkoz\u00e1sok \u00e9s v\u00e1llalatok sz\u00e1m\u00e1ra<\/li>\n\n\n\n<li class=\"\">IELTS, TOEFL \u00e9s TOEIC tesztek felk\u00e9sz\u00edt\u0151 k\u00f6zpontjai<\/li>\n\n\n\n<li class=\"\">Egyetemek<\/li>\n<\/ul>\n\n\n\n<p class=\"\"><strong>Jel\u00f6ltek:<\/strong> K\u00f6zel-Keletr\u0151l \u00e9s k\u00fclf\u00f6ldr\u0151l \u00e9rkez\u0151 jelentkez\u0151k:<\/p>\n\n\n\n<ul class=\"wp-block-list\">\n<li class=\"\">Anyanyelvi angol tan\u00e1rok<\/li>\n\n\n\n<li class=\"\">Anyanyelvi szint\u0171 tan\u00e1rok (CEFR C2, j\u00e1rtass\u00e1g \u00e9s foly\u00e9konys\u00e1g)<\/li>\n\n\n\n<li class=\"\">Tan\u00e1rok az Egyes\u00fclt \u00c1llamokb\u00f3l, az Egyes\u00fclt Kir\u00e1lys\u00e1gb\u00f3l (Anglia), Kanad\u00e1b\u00f3l, Ausztr\u00e1li\u00e1b\u00f3l, \u00daj-Z\u00e9landr\u00f3l, D\u00e9l-Afrik\u00e1b\u00f3l, \u00cdrorsz\u00e1gb\u00f3l, a F\u00fcl\u00f6p-szigetekr\u0151l \u00e9s m\u00e1s orsz\u00e1gokb\u00f3l<\/li>\n\n\n\n<li class=\"\">TEFL, TESOL, CELTA \u00e9s DELTA min\u0151s\u00edt\u00e9ssel rendelkez\u0151 tan\u00e1rok<\/li>\n\n\n\n<li class=\"\">Szakk\u00e9pes\u00edt\u00e9ssel (p\u00e9ld\u00e1ul PGCE\/QTS) rendelkez\u0151 tan\u00e1rok, akik haz\u00e1jukban vagy a K\u00f6zel-Keleten rendelkeznek enged\u00e9llyel \u00e9s akkredit\u00e1ci\u00f3val.<\/li>\n\n\n\n<li class=\"\">Tapasztalt, egyetemi diplom\u00e1val (alapk\u00e9pz\u00e9s, mesterk\u00e9pz\u00e9s, PhD) rendelkez\u0151 tan\u00e1rok<\/li>\n<\/ul>\n\n\n\n<hr class=\"wp-block-separator has-alpha-channel-opacity\"\/>\n\n\n\n<h3 class=\"wp-block-heading\"><strong>Ingatlanhirdet\u00e9sek k\u00f6zz\u00e9t\u00e9tele k\u00fclf\u00f6ldi tan\u00e1rok sz\u00e1m\u00e1ra a K\u00f6zel-Keleten<\/strong><\/h3>\n\n\n\n<p class=\"\">Ez a weboldal ingatlanhirdet\u00e9seknek szentelt, seg\u00edtve a b\u00e9rbead\u00f3kat, ingatlankezel\u0151ket \u00e9s b\u00e9rbead\u00e1si \u00fcgyn\u00f6k\u00f6ket abban, hogy kapcsolatba l\u00e9pjenek a K\u00f6zel-Keleten min\u0151s\u00e9gi b\u00e9rlem\u00e9nyeket keres\u0151 k\u00fclf\u00f6ldi tan\u00e1rokkal. Ak\u00e1r b\u00fatorozott, ak\u00e1r b\u00fatorozatlan lak\u00e1sa van, ez a t\u00f6k\u00e9letes hely a felel\u0151ss\u00e9gteljes b\u00e9rl\u0151k el\u00e9r\u00e9s\u00e9hez, akik hossz\u00fa t\u00e1v\u00fa (egy vagy k\u00e9t \u00e9ves) vagy r\u00f6vid t\u00e1v\u00fa szerz\u0151d\u00e9seket keresnek.<\/p>\n\n\n\n<p class=\"\"><strong>Mi\u00e9rt ide teszed fel a hirdet\u00e9sed?<\/strong><\/p>\n\n\n\n<p class=\"\">Weboldalunk kifejezetten a K\u00f6zel-Kelet nemzetk\u00f6zi iskol\u00e1iban, egyetemein, korrepet\u00e1l\u00f3 k\u00f6zpontokban \u00e9s nyelvoktat\u00f3 k\u00f6zpontokban dolgoz\u00f3 k\u00fclf\u00f6ldi tan\u00e1rokra \u00f6sszpontos\u00edt.<\/p>\n\n\n\n<p class=\"\"><strong>Megb\u00edzhat\u00f3 b\u00e9rl\u0151k:<\/strong> A k\u00fclf\u00f6ldi tan\u00e1rok profik, \u00e9s gyakran a hossz\u00fa t\u00e1v\u00fa szerz\u0151d\u00e9seket r\u00e9szes\u00edtik el\u0151nyben.<\/p>\n\n\n\n<p class=\"\"><strong>A felsorolt \u200b\u200bingatlanok t\u00edpusai:<\/strong><\/p>\n\n\n\n<ul class=\"wp-block-list\">\n<li class=\"\">Teljesen berendezett apartmanok: azonnal k\u00f6lt\u00f6zhet\u0151ek, minden alapvet\u0151 k\u00e9nyelemmel felszerelve.<\/li>\n\n\n\n<li class=\"\">Hossz\u00fa \u00e9s r\u00f6vid t\u00e1v\u00fa b\u00e9rleti szerz\u0151d\u00e9sek: rugalmas szerz\u0151d\u00e9si felt\u00e9telek ig\u00e9ny szerint.<\/li>\n<\/ul>\n\n\n\n<p class=\"\">Hirdesse ingatlan\u00e1t megb\u00edzhat\u00f3 platformunkon, \u00e9s kezdje el felkelteni a k\u00fclf\u00f6ldi tan\u00e1rok figyelm\u00e9t a K\u00f6zel-Keleten.<\/p>\n\n\n\n<hr class=\"wp-block-separator has-alpha-channel-opacity\"\/>\n\n\n\n<h3 class=\"wp-block-heading\"><strong>Arab nyelv\u00f3r\u00e1k k\u00fclf\u00f6ldieknek: A legjobb arab nyelv\u00f3r\u00e1k a K\u00f6zel-Keleten \u00e9l\u0151 k\u00fclf\u00f6ldieknek<\/strong><\/h3>\n\n\n\n<p class=\"\">Ez a weboldal nyelviskol\u00e1kat \u00e9s mag\u00e1ntan\u00e1rokat k\u00f6t \u00f6ssze az arab nyelv tanul\u00e1sa ir\u00e1nt \u00e9rdekl\u0151d\u0151 k\u00fclf\u00f6ldiekkel. Ha magas sz\u00ednvonal\u00fa \u00f3r\u00e1kat, szem\u00e9lyre szabott egy\u00e9ni oktat\u00e1st vagy kultur\u00e1lis integr\u00e1ci\u00f3s programokat k\u00edn\u00e1l, ez a t\u00f6k\u00e9letes hely szolg\u00e1ltat\u00e1sai n\u00e9pszer\u0171s\u00edt\u00e9s\u00e9re.<\/p>\n\n\n\n<p class=\"\"><strong>Mi\u00e9rt sorolja fel itt a szolg\u00e1ltat\u00e1sait?<\/strong><\/p>\n\n\n\n<ul class=\"wp-block-list\">\n<li class=\"\"><strong>C\u00e9lk\u00f6z\u00f6ns\u00e9g:<\/strong> L\u00e9pj kapcsolatba a K\u00f6zel-Keleten \u00e9l\u0151 k\u00fclf\u00f6ldiekkel, akik \u00e9rdekl\u0151dnek az arab nyelvtanul\u00e1s ir\u00e1nt.<\/li>\n\n\n\n<li class=\"\"><strong>Sokf\u00e9le lehet\u0151s\u00e9g:<\/strong> Minden szint\u0171 di\u00e1kot vonz, kezd\u0151t\u0151l a halad\u00f3ig, gyerekekt\u0151l \u00e9s feln\u0151ttekig.<\/li>\n\n\n\n<li class=\"\"><strong>Egy t\u00e1gabb perspekt\u00edva:<\/strong> Tedd l\u00e1that\u00f3v\u00e1 iskol\u00e1dat vagy oktat\u00e1si szolg\u00e1ltat\u00e1saidat egy akt\u00edv nemzetk\u00f6zi k\u00f6z\u00f6ns\u00e9g sz\u00e1m\u00e1ra.<\/li>\n<\/ul>\n\n\n\n<p class=\"\"><strong>Az \u00e1ltalunk k\u00edn\u00e1lt \u00f3r\u00e1k t\u00edpusai:<\/strong><\/p>\n\n\n\n<ul class=\"wp-block-list\">\n<li class=\"\">Nyelviskol\u00e1k: Struktur\u00e1lt oktat\u00e1si programok min\u0151s\u00edtett tan\u00e1rokkal.<\/li>\n\n\n\n<li class=\"\">Mag\u00e1ntan\u00e1rok: Egy\u00e9ni \u00f3r\u00e1k vagy kis, szem\u00e9lyre szabott csoportok sz\u00e1m\u00e1ra.<\/li>\n\n\n\n<li class=\"\">Online vagy szem\u00e9lyes \u00f3r\u00e1k: Rugalmas lehet\u0151s\u00e9gek az id\u0151beoszt\u00e1st\u00f3l f\u00fcgg\u0151en.<\/li>\n\n\n\n<li class=\"\">Kultur\u00e1lis integr\u00e1ci\u00f3s programok: Nyelvtanul\u00e1s helyi tev\u00e9kenys\u00e9gek \u00e9s \u00e9lm\u00e9nyek r\u00e9v\u00e9n.<\/li>\n<\/ul>\n\n\n\n<p class=\"\">Rekl\u00e1mozd arab nyelv\u00f3r\u00e1idat most, \u00e9s seg\u00edts a di\u00e1koknak el\u00e9rni nyelvi c\u00e9ljaikat a K\u00f6zel-Keleten.<\/p>\n\n\n\n<hr class=\"wp-block-separator has-alpha-channel-opacity\"\/>\n\n\n\n<h3 class=\"wp-block-heading\"><strong>Tekintse meg a k\u00f6zel-keleti, k\u00e9pzett k\u00fclf\u00f6ldi tan\u00e1rok \u00f6n\u00e9letrajzait<\/strong><\/h3>\n\n\n\n<p class=\"\">Egy platform, amely iskol\u00e1knak, nyelvi k\u00f6zpontoknak, int\u00e9zeteknek \u00e9s oktat\u00e1si int\u00e9zm\u00e9nyeknek sz\u00f3l, \u00e9s professzion\u00e1lis k\u00fclf\u00f6ldi tan\u00e1rokat keres a K\u00f6zel-Keleten. Ak\u00e1r angoltan\u00e1rokat, m\u00e1s tant\u00e1rgyak specialist\u00e1it vagy tantervfejleszt\u0151ket keres, itt megtal\u00e1lja, amit keres.<\/p>\n\n\n\n<p class=\"\"><strong>Mi\u00e9rt \u00e9rdemes az \u00f6n\u00e9letrajz-t\u00e1bl\u00e1nkat haszn\u00e1lni?<\/strong><\/p>\n\n\n\n<ul class=\"wp-block-list\">\n<li class=\"\">Tekintse \u00e1t a k\u00f6zel-keleti oktat\u00e1si szektorban dolgozni k\u00edv\u00e1n\u00f3 tan\u00e1rok \u00f6n\u00e9letrajzait.<\/li>\n\n\n\n<li class=\"\"><strong>K\u00e9pzett \u00e9s tapasztalt jel\u00f6ltek:<\/strong> Nemzetk\u00f6zi tan\u00fas\u00edtv\u00e1nyok, egyetemi diplom\u00e1k \u00e9s val\u00f3s oszt\u00e1lytermi tapasztalat.<\/li>\n\n\n\n<li class=\"\"><strong>Gyorsabb felv\u00e9tel:<\/strong> L\u00e9pj k\u00f6zvetlen\u00fcl kapcsolatba azokkal a jel\u00f6ltekkel, akik megfelelnek az iskol\u00e1d ig\u00e9nyeinek.<\/li>\n<\/ul>\n\n\n\n<p class=\"\"><strong>El\u00e9rhet\u0151 tan\u00e1rt\u00edpusok:<\/strong><\/p>\n\n\n\n<ul class=\"wp-block-list\">\n<li class=\"\">Angol nyelvtan\u00e1rok: TEFL, TESOL, CELTA, DELTA bizony\u00edtv\u00e1nnyal.<\/li>\n\n\n\n<li class=\"\">\u00d3vodai, \u00e1ltal\u00e1nos iskolai \u00e9s k\u00f6z\u00e9piskolai tan\u00e1rok.<\/li>\n\n\n\n<li class=\"\">Olyan ter\u00fcleteken dolgoz\u00f3 szakemberek, mint a matematika, a term\u00e9szettudom\u00e1nyok \u00e9s a hum\u00e1n tudom\u00e1nyok.<\/li>\n\n\n\n<li class=\"\">Egyetemi \u00e9s feln\u0151ttk\u00e9pz\u00e9si tan\u00e1rok: Fels\u0151oktat\u00e1si \u00e9s szakk\u00e9pz\u00e9si szak\u00e9rt\u0151k.<\/li>\n<\/ul>\n\n\n\n<p class=\"\">Kezdje m\u00e9g ma azzal, hogy megtal\u00e1lja az ide\u00e1lis tan\u00e1rt a k\u00f6zel-keleti szervezete sz\u00e1m\u00e1ra.<\/p>\n\n\n\n<hr class=\"wp-block-separator has-alpha-channel-opacity\"\/>\n\n\n\n<h3 class=\"wp-block-heading\"><strong>Angol anyanyelv\u0171 tan\u00e1rokat keres\u00fcnk egy\u00e9ni \u00e9s csoportos \u00f3r\u00e1k tart\u00e1s\u00e1ra a K\u00f6zel-Keleten<\/strong><\/h3>\n\n\n\n<p class=\"\">Keressen k\u00e9pzett tan\u00e1rokat a K\u00f6zel-Keleten nyelvoktat\u00e1shoz, tanulm\u00e1nyi t\u00e1mogat\u00e1shoz vagy speci\u00e1lis k\u00e9szs\u00e9gek fejleszt\u00e9s\u00e9hez. Ez a t\u00f6k\u00e9letes hely a megfelel\u0151 tan\u00e1r megtal\u00e1l\u00e1s\u00e1hoz az \u00d6n sz\u00e1m\u00e1ra.<\/p>\n\n\n\n<p class=\"\"><strong>Mi\u00e9rt \u00e9rdemes tan\u00e1ri \u00fatmutat\u00f3nkat haszn\u00e1lni?<\/strong><\/p>\n\n\n\n<ul class=\"wp-block-list\">\n<li class=\"\"><strong>K\u00fcl\u00f6nf\u00e9le anyagok:<\/strong> A t\u00e1rsalg\u00e1si k\u00e9szs\u00e9gekt\u0151l az \u00fczleti angolon \u00e1t a TOEFL, IELTS \u00e9s TOEIC vizsg\u00e1kra val\u00f3 felk\u00e9sz\u00edt\u00e9sig.<\/li>\n\n\n\n<li class=\"\"><strong>Rugalmas tanul\u00e1si lehet\u0151s\u00e9gek:<\/strong> Egy\u00e9ni vagy csoportos \u00f3r\u00e1k az \u00d6n ig\u00e9nyei szerint.<\/li>\n\n\n\n<li class=\"\"><strong>K\u00e9pzett tan\u00e1rok:<\/strong> Okleveles tan\u00e1rok, anyanyelvi besz\u00e9l\u0151k \u00e9s szak\u00e9rt\u0151 szakemberek.<\/li>\n<\/ul>\n\n\n\n<p class=\"\">Kezdje tanulm\u00e1nyait profi tan\u00e1rokkal, akik seg\u00edtenek k\u00f6nnyed\u00e9n el\u00e9rni c\u00e9ljait.<\/p>\n\n\n\n<hr class=\"wp-block-separator has-alpha-channel-opacity\"\/>\n\n\n\n<h3 class=\"wp-block-heading\"><strong>Professzion\u00e1lis szolg\u00e1ltat\u00e1sokat ny\u00fajtani k\u00fclf\u00f6ldieknek a K\u00f6zel-Keleten<\/strong><\/h3>\n\n\n\n<p class=\"\">Egy platform, amely a K\u00f6zel-Keleten \u00e9l\u0151 k\u00fclf\u00f6ldieket megb\u00edzhat\u00f3 szolg\u00e1ltat\u00f3kkal k\u00f6ti \u00f6ssze. Ak\u00e1r k\u00f6nyvel\u0151, \u00fcgyv\u00e9d, orvos vagy b\u00e1rmilyen m\u00e1s ter\u00fclet szakembere vagy, itt \u00faj \u00fcgyfeleket \u00e9rhetsz el.<\/p>\n\n\n\n<p class=\"\"><strong>Mi\u00e9rt \u00e9rdemes a szolg\u00e1ltat\u00e1slist\u00e1nkat haszn\u00e1lni?<\/strong><\/p>\n\n\n\n<ul class=\"wp-block-list\">\n<li class=\"\"><strong>K\u00fclf\u00f6ldieknek tervezve:<\/strong> A k\u00f6zel-keleti nemzetk\u00f6zi k\u00f6z\u00f6ss\u00e9g ig\u00e9nyeihez igaz\u00edtott szolg\u00e1ltat\u00e1sok.<\/li>\n\n\n\n<li class=\"\"><strong>T\u00f6bbsz\u00f6r\u00f6s \u00e9lm\u00e9nyek:<\/strong> K\u00fcl\u00f6nb\u00f6z\u0151 ter\u00fcletek specialist\u00e1i k\u00edn\u00e1lhatj\u00e1k itt szolg\u00e1ltat\u00e1saikat.<\/li>\n<\/ul>\n\n\n\n<p class=\"\"><strong>El\u00e9rhet\u0151 szolg\u00e1ltat\u00e1sok t\u00edpusai:<\/strong><\/p>\n\n\n\n<ul class=\"wp-block-list\">\n<li class=\"\">Eg\u00e9szs\u00e9g\u00fcgyi szolg\u00e1ltat\u00f3k: orvosok, fogorvosok, optometrist\u00e1k \u00e9s m\u00e1s angolul besz\u00e9l\u0151 szakemberek.<\/li>\n\n\n\n<li class=\"\">Jogi szolg\u00e1ltat\u00e1sok: Seg\u00edts\u00e9gny\u00fajt\u00e1s v\u00edzumokkal, szerz\u0151d\u00e9sekkel, \u00fczleti joggal \u00e9s szem\u00e9lyes \u00fcgyekkel kapcsolatban.<\/li>\n\n\n\n<li class=\"\">Sz\u00e1mvitel \u00e9s p\u00e9nz\u00fcgy: ad\u00f3k, p\u00e9nz\u00fcgyi tervez\u00e9s, \u00fczleti sz\u00e1mvitel.<\/li>\n\n\n\n<li class=\"\">Tan\u00e1csad\u00e1si szolg\u00e1ltat\u00e1sok: c\u00e9galap\u00edt\u00e1s, hum\u00e1ner\u0151forr\u00e1s-megold\u00e1sok, piacra l\u00e9p\u00e9si strat\u00e9gi\u00e1k.<\/li>\n<\/ul>\n\n\n\n<hr class=\"wp-block-separator has-alpha-channel-opacity\"\/>\n\n\n\n<h3 class=\"wp-block-heading\"><strong>Hirdesse k\u00f6z\u00f6ss\u00e9gi esem\u00e9nyeit \u00e9s szem\u00e9lyes tev\u00e9kenys\u00e9geit a K\u00f6zel-Keleten \u00e9l\u0151 k\u00fclf\u00f6ldieknek<\/strong><\/h3>\n\n\n\n<p class=\"\">Ide\u00e1lis platform szervez\u0151k \u00e9s k\u00f6z\u00f6ss\u00e9gi vezet\u0151k sz\u00e1m\u00e1ra, akik kapcsolatba szeretn\u00e9nek l\u00e9pni a k\u00f6zel-keleti nemzetk\u00f6zi k\u00f6z\u00f6ss\u00e9ggel. Ha t\u00e1rsas\u00e1gi esem\u00e9nyeket, nyelvi csereprogramokat, \u00f6nk\u00e9ntes lehet\u0151s\u00e9geket vagy szakmai \u00f6sszej\u00f6veteleket szervez, akkor itt a megfelel\u0151 hely.<\/p>\n\n\n\n<p class=\"\"><strong>Mi\u00e9rt n\u00e9pszer\u0171s\u00edted itt az esem\u00e9nyedet vagy csoportodat?<\/strong><\/p>\n\n\n\n<ul class=\"wp-block-list\">\n<li class=\"\"><strong>Nemzetk\u00f6zi k\u00f6z\u00f6ns\u00e9g:<\/strong> Kapcsolatot teremthet olyan k\u00fclf\u00f6ldiekkel, akiket \u00e9rdekelnek a t\u00e1rsadalmi, kultur\u00e1lis \u00e9s szakmai tev\u00e9kenys\u00e9gek.<\/li>\n\n\n\n<li class=\"\"><strong>Fokozott r\u00e9szv\u00e9tel:<\/strong> Vonzz be t\u00f6bb r\u00e9sztvev\u0151t \u00e9s legy\u00e9l egy akt\u00edv k\u00f6z\u00f6ss\u00e9g r\u00e9sze.<\/li>\n\n\n\n<li class=\"\"><strong>Egy t\u00e1gabb perspekt\u00edva:<\/strong> Tedd ismertebb\u00e9 csoportodat vagy rendezv\u00e9nyedet a K\u00f6zel-Keleten.<\/li>\n<\/ul>\n\n\n\n<p class=\"\"><strong>Esem\u00e9nyt\u00edpusok \u00e9s csoportok, amelyeket n\u00e9pszer\u0171s\u00edthetsz:<\/strong><\/p>\n\n\n\n<ul class=\"wp-block-list\">\n<li class=\"\">Nyelvcsere: A kultur\u00e1lis kommunik\u00e1ci\u00f3 el\u0151mozd\u00edt\u00e1sa nyelvtanul\u00e1son kereszt\u00fcl.<\/li>\n\n\n\n<li class=\"\">T\u00e1rsas\u00e1gi \u00f6sszej\u00f6vetelek: partik, vacsor\u00e1k, k\u00f6tetlen tal\u00e1lkoz\u00f3k.<\/li>\n\n\n\n<li class=\"\">Szakmai h\u00e1l\u00f3zatok: Ipar\u00e1gi rendezv\u00e9nyek \u00e9s szakmai tov\u00e1bbk\u00e9pz\u00e9si tal\u00e1lkoz\u00f3k.<\/li>\n\n\n\n<li class=\"\">Sportklubok: fut\u00f3csoportok, j\u00f3ga\u00f3r\u00e1k \u00e9s egy\u00e9b csoportos tev\u00e9kenys\u00e9gek.<\/li>\n<\/ul>\n\n\n\n<p class=\"\">Kezdje el tev\u00e9kenys\u00e9geinek n\u00e9pszer\u0171s\u00edt\u00e9s\u00e9t most, \u00e9s vonzzon be egy \u00faj, k\u00fclf\u00f6ldi lakosokb\u00f3l \u00e1ll\u00f3 k\u00f6z\u00f6ns\u00e9get a K\u00f6zel-Keleten.<\/p>\n\n<\/div>","protected":false},"excerpt":{"rendered":"<p>\u0645\u0627 \u0627\u0644\u0630\u064a \u064a\u0645\u0643\u0646\u0643 \u0627\u0644\u0639\u062b\u0648\u0631 \u0639\u0644\u064a\u0647 \u0641\u064a \u0647\u0630\u0627 \u0627\u0644\u062f\u0644\u064a\u0644 \u0627\u0644\u0645\u0628\u0648\u0628\u061f \u0627\u0646\u0634\u0631 \u0648\u0638\u0627\u0626\u0641 \u0644\u0644\u0645\u0639\u0644\u0645\u064a\u0646 \u0648\u0627\u0644\u0645\u062f\u0631\u0633\u064a\u0646 \u0627\u0644\u0623\u062c\u0627\u0646\u0628 \u0641\u064a \u0627\u0644\u0634\u0631\u0642 \u0627\u0644\u0623\u0648\u0633\u0637 \u0647\u0630\u0627 \u0645\u0648\u0642\u0639 \u0644\u0644\u0648\u0638\u0627\u0626\u0641 \u0645\u062e\u0635\u0635 \u0644\u0644\u0645\u0639\u0644\u0645\u064a\u0646 \u0648\u0627\u0644\u0645\u062f\u0631\u0633\u064a\u0646 \u0627\u0644\u0623\u062c\u0627\u0646\u0628 \u0641\u064a \u0645\u062c\u0627\u0644 \u062a\u0639\u0644\u064a\u0645 \u0627\u0644\u0644\u063a\u0629 \u0627\u0644\u0625\u0646\u062c\u0644\u064a\u0632\u064a\u0629 \u0641\u064a [&hellip;]<\/p>","protected":false},"author":2,"featured_media":0,"parent":0,"menu_order":0,"comment_status":"closed","ping_status":"closed","template":"","meta":{"nf_dc_page":"","footnotes":""},"class_list":["post-4027","page","type-page","status-publish","hentry"],"yoast_head":"<!-- This site is optimized with the Yoast SEO plugin v26.9 - https:\/\/yoast.com\/product\/yoast-seo-wordpress\/ -->\n<title>\u0627\u0644\u0634\u0631\u0642 \u0627\u0644\u0623\u0648\u0633\u0637 - Teach Abroad Job Board and Resources<\/title>\n<meta name=\"robots\" content=\"index, follow, max-snippet:-1, max-image-preview:large, max-video-preview:-1\" \/>\n<link rel=\"canonical\" href=\"https:\/\/teachingjobboard.com\/hu\/a-kozel-kelet\/\" \/>\n<meta property=\"og:locale\" content=\"hu_HU\" \/>\n<meta property=\"og:type\" content=\"article\" \/>\n<meta property=\"og:title\" content=\"\u0627\u0644\u0634\u0631\u0642 \u0627\u0644\u0623\u0648\u0633\u0637 - Teach Abroad Job Board and Resources\" \/>\n<meta property=\"og:description\" content=\"\u0645\u0627 \u0627\u0644\u0630\u064a \u064a\u0645\u0643\u0646\u0643 \u0627\u0644\u0639\u062b\u0648\u0631 \u0639\u0644\u064a\u0647 \u0641\u064a \u0647\u0630\u0627 \u0627\u0644\u062f\u0644\u064a\u0644 \u0627\u0644\u0645\u0628\u0648\u0628\u061f \u0627\u0646\u0634\u0631 \u0648\u0638\u0627\u0626\u0641 \u0644\u0644\u0645\u0639\u0644\u0645\u064a\u0646 \u0648\u0627\u0644\u0645\u062f\u0631\u0633\u064a\u0646 \u0627\u0644\u0623\u062c\u0627\u0646\u0628 \u0641\u064a \u0627\u0644\u0634\u0631\u0642 \u0627\u0644\u0623\u0648\u0633\u0637 \u0647\u0630\u0627 \u0645\u0648\u0642\u0639 \u0644\u0644\u0648\u0638\u0627\u0626\u0641 \u0645\u062e\u0635\u0635 \u0644\u0644\u0645\u0639\u0644\u0645\u064a\u0646 \u0648\u0627\u0644\u0645\u062f\u0631\u0633\u064a\u0646 \u0627\u0644\u0623\u062c\u0627\u0646\u0628 \u0641\u064a \u0645\u062c\u0627\u0644 \u062a\u0639\u0644\u064a\u0645 \u0627\u0644\u0644\u063a\u0629 \u0627\u0644\u0625\u0646\u062c\u0644\u064a\u0632\u064a\u0629 \u0641\u064a [&hellip;]\" \/>\n<meta property=\"og:url\" content=\"https:\/\/teachingjobboard.com\/hu\/a-kozel-kelet\/\" \/>\n<meta property=\"og:site_name\" content=\"Teach Abroad Job Board and Resources\" \/>\n<meta property=\"article:modified_time\" content=\"2025-07-06T01:54:45+00:00\" \/>\n<meta name=\"twitter:card\" content=\"summary_large_image\" \/>\n<meta name=\"twitter:label1\" content=\"Becs\u00fclt olvas\u00e1si id\u0151\" \/>\n\t<meta name=\"twitter:data1\" content=\"4 perc\" \/>\n<script type=\"application\/ld+json\" class=\"yoast-schema-graph\">{\"@context\":\"https:\/\/schema.org\",\"@graph\":[{\"@type\":\"WebPage\",\"@id\":\"https:\/\/teachingjobboard.com\/%d8%a7%d9%84%d8%b4%d8%b1%d9%82-%d8%a7%d9%84%d8%a3%d9%88%d8%b3%d8%b7\/\",\"url\":\"https:\/\/teachingjobboard.com\/%d8%a7%d9%84%d8%b4%d8%b1%d9%82-%d8%a7%d9%84%d8%a3%d9%88%d8%b3%d8%b7\/\",\"name\":\"\u0627\u0644\u0634\u0631\u0642 \u0627\u0644\u0623\u0648\u0633\u0637 - Teach Abroad Job Board and Resources\",\"isPartOf\":{\"@id\":\"https:\/\/teachingjobboard.com\/#website\"},\"datePublished\":\"2025-07-05T23:36:30+00:00\",\"dateModified\":\"2025-07-06T01:54:45+00:00\",\"breadcrumb\":{\"@id\":\"https:\/\/teachingjobboard.com\/%d8%a7%d9%84%d8%b4%d8%b1%d9%82-%d8%a7%d9%84%d8%a3%d9%88%d8%b3%d8%b7\/#breadcrumb\"},\"inLanguage\":\"hu\",\"potentialAction\":[{\"@type\":\"ReadAction\",\"target\":[\"https:\/\/teachingjobboard.com\/%d8%a7%d9%84%d8%b4%d8%b1%d9%82-%d8%a7%d9%84%d8%a3%d9%88%d8%b3%d8%b7\/\"]}]},{\"@type\":\"BreadcrumbList\",\"@id\":\"https:\/\/teachingjobboard.com\/%d8%a7%d9%84%d8%b4%d8%b1%d9%82-%d8%a7%d9%84%d8%a3%d9%88%d8%b3%d8%b7\/#breadcrumb\",\"itemListElement\":[{\"@type\":\"ListItem\",\"position\":1,\"name\":\"Home\",\"item\":\"https:\/\/teachingjobboard.com\/\"},{\"@type\":\"ListItem\",\"position\":2,\"name\":\"\u0627\u0644\u0634\u0631\u0642 \u0627\u0644\u0623\u0648\u0633\u0637\"}]},{\"@type\":\"WebSite\",\"@id\":\"https:\/\/teachingjobboard.com\/#website\",\"url\":\"https:\/\/teachingjobboard.com\/\",\"name\":\"Teach Abroad Job Board and Resources\",\"description\":\"\",\"publisher\":{\"@id\":\"https:\/\/teachingjobboard.com\/#organization\"},\"potentialAction\":[{\"@type\":\"SearchAction\",\"target\":{\"@type\":\"EntryPoint\",\"urlTemplate\":\"https:\/\/teachingjobboard.com\/?s={search_term_string}\"},\"query-input\":{\"@type\":\"PropertyValueSpecification\",\"valueRequired\":true,\"valueName\":\"search_term_string\"}}],\"inLanguage\":\"hu\"},{\"@type\":\"Organization\",\"@id\":\"https:\/\/teachingjobboard.com\/#organization\",\"name\":\"Teach Abroad Job Board and Resources\",\"url\":\"https:\/\/teachingjobboard.com\/\",\"logo\":{\"@type\":\"ImageObject\",\"inLanguage\":\"hu\",\"@id\":\"https:\/\/teachingjobboard.com\/#\/schema\/logo\/image\/\",\"url\":\"https:\/\/i0.wp.com\/teachingjobboard.com\/wp-content\/uploads\/logo-2.png?fit=643%2C328&ssl=1\",\"contentUrl\":\"https:\/\/i0.wp.com\/teachingjobboard.com\/wp-content\/uploads\/logo-2.png?fit=643%2C328&ssl=1\",\"width\":643,\"height\":328,\"caption\":\"Teach Abroad Job Board and Resources\"},\"image\":{\"@id\":\"https:\/\/teachingjobboard.com\/#\/schema\/logo\/image\/\"}}]}<\/script>\n<!-- \/ Yoast SEO plugin. -->","yoast_head_json":{"title":"K\u00f6zel-Kelet - Tan\u00e1ri \u00e1ll\u00e1sok k\u00fclf\u00f6ld\u00f6n \u00e9s forr\u00e1sok","robots":{"index":"index","follow":"follow","max-snippet":"max-snippet:-1","max-image-preview":"max-image-preview:large","max-video-preview":"max-video-preview:-1"},"canonical":"https:\/\/teachingjobboard.com\/hu\/a-kozel-kelet\/","og_locale":"hu_HU","og_type":"article","og_title":"\u0627\u0644\u0634\u0631\u0642 \u0627\u0644\u0623\u0648\u0633\u0637 - Teach Abroad Job Board and Resources","og_description":"\u0645\u0627 \u0627\u0644\u0630\u064a \u064a\u0645\u0643\u0646\u0643 \u0627\u0644\u0639\u062b\u0648\u0631 \u0639\u0644\u064a\u0647 \u0641\u064a \u0647\u0630\u0627 \u0627\u0644\u062f\u0644\u064a\u0644 \u0627\u0644\u0645\u0628\u0648\u0628\u061f \u0627\u0646\u0634\u0631 \u0648\u0638\u0627\u0626\u0641 \u0644\u0644\u0645\u0639\u0644\u0645\u064a\u0646 \u0648\u0627\u0644\u0645\u062f\u0631\u0633\u064a\u0646 \u0627\u0644\u0623\u062c\u0627\u0646\u0628 \u0641\u064a \u0627\u0644\u0634\u0631\u0642 \u0627\u0644\u0623\u0648\u0633\u0637 \u0647\u0630\u0627 \u0645\u0648\u0642\u0639 \u0644\u0644\u0648\u0638\u0627\u0626\u0641 \u0645\u062e\u0635\u0635 \u0644\u0644\u0645\u0639\u0644\u0645\u064a\u0646 \u0648\u0627\u0644\u0645\u062f\u0631\u0633\u064a\u0646 \u0627\u0644\u0623\u062c\u0627\u0646\u0628 \u0641\u064a \u0645\u062c\u0627\u0644 \u062a\u0639\u0644\u064a\u0645 \u0627\u0644\u0644\u063a\u0629 \u0627\u0644\u0625\u0646\u062c\u0644\u064a\u0632\u064a\u0629 \u0641\u064a [&hellip;]","og_url":"https:\/\/teachingjobboard.com\/hu\/a-kozel-kelet\/","og_site_name":"Teach Abroad Job Board and Resources","article_modified_time":"2025-07-06T01:54:45+00:00","twitter_card":"summary_large_image","twitter_misc":{"Becs\u00fclt olvas\u00e1si id\u0151":"4 perc"},"schema":{"@context":"https:\/\/schema.org","@graph":[{"@type":"WebPage","@id":"https:\/\/teachingjobboard.com\/%d8%a7%d9%84%d8%b4%d8%b1%d9%82-%d8%a7%d9%84%d8%a3%d9%88%d8%b3%d8%b7\/","url":"https:\/\/teachingjobboard.com\/%d8%a7%d9%84%d8%b4%d8%b1%d9%82-%d8%a7%d9%84%d8%a3%d9%88%d8%b3%d8%b7\/","name":"K\u00f6zel-Kelet - Tan\u00e1ri \u00e1ll\u00e1sok k\u00fclf\u00f6ld\u00f6n \u00e9s forr\u00e1sok","isPartOf":{"@id":"https:\/\/teachingjobboard.com\/#website"},"datePublished":"2025-07-05T23:36:30+00:00","dateModified":"2025-07-06T01:54:45+00:00","breadcrumb":{"@id":"https:\/\/teachingjobboard.com\/%d8%a7%d9%84%d8%b4%d8%b1%d9%82-%d8%a7%d9%84%d8%a3%d9%88%d8%b3%d8%b7\/#breadcrumb"},"inLanguage":"hu","potentialAction":[{"@type":"ReadAction","target":["https:\/\/teachingjobboard.com\/%d8%a7%d9%84%d8%b4%d8%b1%d9%82-%d8%a7%d9%84%d8%a3%d9%88%d8%b3%d8%b7\/"]}]},{"@type":"BreadcrumbList","@id":"https:\/\/teachingjobboard.com\/%d8%a7%d9%84%d8%b4%d8%b1%d9%82-%d8%a7%d9%84%d8%a3%d9%88%d8%b3%d8%b7\/#breadcrumb","itemListElement":[{"@type":"ListItem","position":1,"name":"Home","item":"https:\/\/teachingjobboard.com\/"},{"@type":"ListItem","position":2,"name":"\u0627\u0644\u0634\u0631\u0642 \u0627\u0644\u0623\u0648\u0633\u0637"}]},{"@type":"WebSite","@id":"https:\/\/teachingjobboard.com\/#website","url":"https:\/\/teachingjobboard.com\/","name":"Tan\u00e1ri \u00e1ll\u00e1sok k\u00fclf\u00f6ld\u00f6n \u00e9s forr\u00e1sok","description":"","publisher":{"@id":"https:\/\/teachingjobboard.com\/#organization"},"potentialAction":[{"@type":"SearchAction","target":{"@type":"EntryPoint","urlTemplate":"https:\/\/teachingjobboard.com\/?s={search_term_string}"},"query-input":{"@type":"PropertyValueSpecification","valueRequired":true,"valueName":"search_term_string"}}],"inLanguage":"hu"},{"@type":"Organization","@id":"https:\/\/teachingjobboard.com\/#organization","name":"Tan\u00e1ri \u00e1ll\u00e1sok k\u00fclf\u00f6ld\u00f6n \u00e9s forr\u00e1sok","url":"https:\/\/teachingjobboard.com\/","logo":{"@type":"ImageObject","inLanguage":"hu","@id":"https:\/\/teachingjobboard.com\/#\/schema\/logo\/image\/","url":"https:\/\/i0.wp.com\/teachingjobboard.com\/wp-content\/uploads\/logo-2.png?fit=643%2C328&ssl=1","contentUrl":"https:\/\/i0.wp.com\/teachingjobboard.com\/wp-content\/uploads\/logo-2.png?fit=643%2C328&ssl=1","width":643,"height":328,"caption":"Teach Abroad Job Board and Resources"},"image":{"@id":"https:\/\/teachingjobboard.com\/#\/schema\/logo\/image\/"}}]}},"jetpack_sharing_enabled":true,"_links":{"self":[{"href":"https:\/\/teachingjobboard.com\/hu\/wp-json\/wp\/v2\/pages\/4027","targetHints":{"allow":["GET"]}}],"collection":[{"href":"https:\/\/teachingjobboard.com\/hu\/wp-json\/wp\/v2\/pages"}],"about":[{"href":"https:\/\/teachingjobboard.com\/hu\/wp-json\/wp\/v2\/types\/page"}],"author":[{"embeddable":true,"href":"https:\/\/teachingjobboard.com\/hu\/wp-json\/wp\/v2\/users\/2"}],"replies":[{"embeddable":true,"href":"https:\/\/teachingjobboard.com\/hu\/wp-json\/wp\/v2\/comments?post=4027"}],"version-history":[{"count":2,"href":"https:\/\/teachingjobboard.com\/hu\/wp-json\/wp\/v2\/pages\/4027\/revisions"}],"predecessor-version":[{"id":4032,"href":"https:\/\/teachingjobboard.com\/hu\/wp-json\/wp\/v2\/pages\/4027\/revisions\/4032"}],"wp:attachment":[{"href":"https:\/\/teachingjobboard.com\/hu\/wp-json\/wp\/v2\/media?parent=4027"}],"curies":[{"name":"wp","href":"https:\/\/api.w.org\/{rel}","templated":true}]}}