{"id":4029,"date":"2025-07-06T01:42:35","date_gmt":"2025-07-06T01:42:35","guid":{"rendered":"https:\/\/teachingjobboard.com\/staging\/?page_id=4029"},"modified":"2025-07-06T01:52:50","modified_gmt":"2025-07-06T01:52:50","slug":"america-latina","status":"publish","type":"page","link":"https:\/\/teachingjobboard.com\/hu\/america-latina\/","title":{"rendered":"Latin-Amerika"},"content":{"rendered":"<div lang=\"es\">\n\n<p class=\"\"><strong>Mit tal\u00e1lhatsz ebben az apr\u00f3hirdet\u00e9si jegyz\u00e9kben?<\/strong><\/p>\n\n\n\n<hr class=\"wp-block-separator has-alpha-channel-opacity\"\/>\n\n\n\n<h3 class=\"wp-block-heading\"><strong>\u00c1ll\u00e1sokat hirdet k\u00fclf\u00f6ldi tan\u00e1roknak \u00e9s korrepetitoroknak Latin-Amerik\u00e1ban<\/strong><\/h3>\n\n\n\n<p class=\"\">Ez egy \u00e1ll\u00e1shirdet\u00e9si oldal k\u00fclf\u00f6ldi angoltan\u00e1rok \u00e9s korrepetitorok (mag\u00e1n-\/otthoni, egy\u00e9ni \u00e9s csoportos \u00f3r\u00e1k) sz\u00e1m\u00e1ra Latin-Amerik\u00e1ban. Az oldal angol mint m\u00e1sodik nyelv (ESL), angol mint idegen nyelv (EFL) \u00e9s angol mint tov\u00e1bbi nyelv (EAL) oktat\u00e1s\u00e1ra \u00f6sszpontos\u00edt angolul tanul\u00f3k (ELL) sz\u00e1m\u00e1ra.<\/p>\n\n\n\n<p class=\"\"><strong>Munk\u00e1ltat\u00f3k:<\/strong> Latin-amerikai iskol\u00e1k, int\u00e9zm\u00e9nyek \u00e9s toborz\u00f3k, bele\u00e9rtve:<\/p>\n\n\n\n<ul class=\"wp-block-list\">\n<li class=\"\">Nyelviskol\u00e1k \u00e9s tanulm\u00e1nyi t\u00e1mogat\u00f3 k\u00f6zpontok<\/li>\n\n\n\n<li class=\"\">\u00d3vod\u00e1k \u00e9s el\u0151k\u00e9sz\u00edt\u0151 int\u00e9zm\u00e9nyek<\/li>\n\n\n\n<li class=\"\">K\u00e9tnyelv\u0171 \u00e9s nemzetk\u00f6zi iskol\u00e1k<\/li>\n\n\n\n<li class=\"\">\u00dczleti angol v\u00e1llalati szolg\u00e1ltat\u00f3k<\/li>\n\n\n\n<li class=\"\">IELTS, TOEFL \u00e9s TOEIC vizsgafelk\u00e9sz\u00edt\u0151 k\u00f6zpontok<\/li>\n\n\n\n<li class=\"\">Egyetemek<\/li>\n<\/ul>\n\n\n\n<p class=\"\"><strong>Jel\u00f6ltek:<\/strong> Latin-Amerik\u00e1ban \u00e9s k\u00fclf\u00f6ld\u00f6n \u00e9l\u0151 jelentkez\u0151k:<\/p>\n\n\n\n<ul class=\"wp-block-list\">\n<li class=\"\">Anyanyelvi angol tan\u00e1rok \u00e9s korrepetitorok<\/li>\n\n\n\n<li class=\"\">K\u00f6zel anyanyelvi szint\u0171 tan\u00e1rok \u00e9s tutorok (CEFR C2, foly\u00e9konyan \u00e9s j\u00e1rtasan)<\/li>\n\n\n\n<li class=\"\">Tan\u00e1rok az Egyes\u00fclt \u00c1llamokb\u00f3l, az Egyes\u00fclt Kir\u00e1lys\u00e1gb\u00f3l (Anglia), Kanad\u00e1b\u00f3l, Ausztr\u00e1li\u00e1b\u00f3l, \u00daj-Z\u00e9landr\u00f3l, D\u00e9l-Afrik\u00e1b\u00f3l, \u00cdrorsz\u00e1gb\u00f3l, a F\u00fcl\u00f6p-szigetekr\u0151l \u00e9s m\u00e1s r\u00e9gi\u00f3kb\u00f3l<\/li>\n\n\n\n<li class=\"\">TEFL, TESOL, CELTA vagy DELTA min\u0151s\u00edt\u00e9ssel rendelkez\u0151 tan\u00e1rok<\/li>\n\n\n\n<li class=\"\">Hivatalos k\u00e9pes\u00edt\u00e9ssel (PGCE\/QTS) rendelkez\u0151 szakemberek, akik sz\u00e1rmaz\u00e1si orsz\u00e1gukban vagy Latin-Amerik\u00e1ban rendelkeznek enged\u00e9llyel<\/li>\n\n\n\n<li class=\"\">Tapasztalt professzorok, akik egyetemi diplom\u00e1val (alapk\u00e9pz\u00e9s, mesterk\u00e9pz\u00e9s, doktori fokozat) rendelkeznek<\/li>\n<\/ul>\n\n\n\n<hr class=\"wp-block-separator has-alpha-channel-opacity\"\/>\n\n\n\n<h3 class=\"wp-block-heading\"><strong>Tegyen k\u00f6zz\u00e9 k\u00fclf\u00f6ldi tan\u00e1rok b\u00e9rl\u00e9s\u00e9re vonatkoz\u00f3 hirdet\u00e9seket Latin-Amerik\u00e1ban<\/strong><\/h3>\n\n\n\n<p class=\"\">Ez egy ingatlanhirdet\u00e9si oldal, amely a b\u00e9rbead\u00f3kat, ingatlankezel\u0151ket \u00e9s ingatlan\u00fcgyn\u00f6k\u00f6ket k\u00f6ti \u00f6ssze a Latin-Amerik\u00e1ban min\u0151s\u00e9gi sz\u00e1ll\u00e1st keres\u0151 nemzetk\u00f6zi tan\u00e1rokkal. Ha b\u00fatorozott vagy b\u00fatorozatlan lak\u00e1sa vagy h\u00e1za van, ez az ide\u00e1lis hely felel\u0151ss\u00e9gteljes hossz\u00fa t\u00e1v\u00fa (egy vagy k\u00e9t \u00e9ves) vagy r\u00f6vid t\u00e1v\u00fa b\u00e9rl\u0151k vonz\u00e1s\u00e1ra.<\/p>\n\n\n\n<p class=\"\"><strong>Mi\u00e9rt hirdeti itt az ingatlan\u00e1t?<\/strong><\/p>\n\n\n\n<p class=\"\">Platformunk kifejezetten a Latin-Amerika-szerte nemzetk\u00f6zi iskol\u00e1kban, egyetemeken, akad\u00e9mi\u00e1kon \u00e9s nyelvi k\u00f6zpontokban dolgoz\u00f3 k\u00fclf\u00f6ldi tan\u00e1rokra \u00f6sszpontos\u00edt.<\/p>\n\n\n\n<p class=\"\"><strong>Min\u0151s\u00e9gi b\u00e9rl\u0151k:<\/strong> A k\u00fclf\u00f6ldi tan\u00e1rok \u00e1ltal\u00e1ban felel\u0151ss\u00e9gteljes szakemberek, akiket stabil szerz\u0151d\u00e9sek \u00e9rdekelnek.<\/p>\n\n\n\n<p class=\"\"><strong>Kiemelt ingatlan t\u00edpusok:<\/strong><\/p>\n\n\n\n<ul class=\"wp-block-list\">\n<li class=\"\">Teljesen berendezett, azonnal k\u00f6lt\u00f6zhet\u0151 lak\u00e1sok, minden sz\u00fcks\u00e9ges szolg\u00e1ltat\u00e1ssal.<\/li>\n\n\n\n<li class=\"\">R\u00f6vid \u00e9s hossz\u00fa t\u00e1v\u00fa b\u00e9rl\u00e9s: rugalmas felt\u00e9telek az \u00d6n ig\u00e9nyei szerint.<\/li>\n<\/ul>\n\n\n\n<p class=\"\">Hirdesse ingatlan\u00e1t megb\u00edzhat\u00f3 platformunkon, \u00e9s kezdje el fogadni a jelentkez\u00e9seket latin-amerikai nemzetk\u00f6zi tan\u00e1rokt\u00f3l.<\/p>\n\n\n\n<hr class=\"wp-block-separator has-alpha-channel-opacity\"\/>\n\n\n\n<h3 class=\"wp-block-heading\"><strong>Spanyol\u00f3r\u00e1kat k\u00edn\u00e1l k\u00fclf\u00f6ldieknek: a legjobb spanyol\u00f3r\u00e1k \u00e9s leck\u00e9k Latin-Amerik\u00e1ban<\/strong><\/h3>\n\n\n\n<p class=\"\">Ez az oldal nyelviskol\u00e1kat \u00e9s mag\u00e1ntan\u00e1rokat k\u00f6t \u00f6ssze a spanyol nyelv tanul\u00e1sa ir\u00e1nt \u00e9rdekl\u0151d\u0151 k\u00fclf\u00f6ldiekkel. Ha magas sz\u00ednvonal\u00fa \u00f3r\u00e1kat, szem\u00e9lyre szabott oktat\u00e1st vagy kultur\u00e1lis immerzi\u00f3s programokat k\u00edn\u00e1l, ez az ide\u00e1lis platform szolg\u00e1ltat\u00e1sai n\u00e9pszer\u0171s\u00edt\u00e9s\u00e9re.<\/p>\n\n\n\n<p class=\"\"><strong>Mi\u00e9rt k\u00edn\u00e1lja itt szolg\u00e1ltat\u00e1sait?<\/strong><\/p>\n\n\n\n<ul class=\"wp-block-list\">\n<li class=\"\"><strong>C\u00e9lk\u00f6z\u00f6ns\u00e9g:<\/strong> El\u00e9ri azokat a Latin-Amerik\u00e1ban \u00e9l\u0151 k\u00fclf\u00f6ldieket, akik akt\u00edvan keresnek spanyol nyelvtanfolyamokat.<\/li>\n\n\n\n<li class=\"\"><strong>V\u00e1ltozatos lehet\u0151s\u00e9gek:<\/strong> Minden szint\u0171 di\u00e1kot vonz, a kezd\u0151t\u0151l a halad\u00f3ig, feln\u0151tteket \u00e9s gyerekeket egyar\u00e1nt.<\/li>\n\n\n\n<li class=\"\"><strong>Nagyobb l\u00e1that\u00f3s\u00e1g:<\/strong> Rekl\u00e1mozd iskol\u00e1dat vagy korrepet\u00e1l\u00e1si szolg\u00e1ltat\u00e1saidat egy motiv\u00e1lt nemzetk\u00f6zi k\u00f6z\u00f6ns\u00e9gnek.<\/li>\n<\/ul>\n\n\n\n<p class=\"\"><strong>Az \u00e1ltalunk t\u00e1mogatott kurzust\u00edpusok:<\/strong><\/p>\n\n\n\n<ul class=\"wp-block-list\">\n<li class=\"\">Nyelviskol\u00e1k: struktur\u00e1lt programok min\u0151s\u00edtett tan\u00e1rokkal.<\/li>\n\n\n\n<li class=\"\">Mag\u00e1ntan\u00e1rok: szem\u00e9lyre szabott \u00f3r\u00e1k, egy\u00e9nileg vagy kiscsoportos form\u00e1ban.<\/li>\n\n\n\n<li class=\"\">Szem\u00e9lyes \u00e9s online \u00f3r\u00e1k: rugalmas lehet\u0151s\u00e9gek, amelyek alkalmazkodnak a k\u00fcl\u00f6nb\u00f6z\u0151 id\u0151beoszt\u00e1sokhoz.<\/li>\n\n\n\n<li class=\"\">Kultur\u00e1lis immerzi\u00f3s programok: a nyelvtanul\u00e1st helyi tev\u00e9kenys\u00e9gekkel \u00f6tv\u00f6zik.<\/li>\n<\/ul>\n\n\n\n<p class=\"\">Rekl\u00e1mozd spanyol nyelv\u00f3r\u00e1idat, \u00e9s seg\u00edts a k\u00fclf\u00f6ldi di\u00e1koknak el\u00e9rni nyelvi c\u00e9ljaikat Latin-Amerik\u00e1ban.<\/p>\n\n\n\n<hr class=\"wp-block-separator has-alpha-channel-opacity\"\/>\n\n\n\n<h3 class=\"wp-block-heading\"><strong>Tekintse meg a k\u00e9pzett k\u00fclf\u00f6ldi tan\u00e1rok \u00f6n\u00e9letrajzait Latin-Amerik\u00e1ban<\/strong><\/h3>\n\n\n\n<p class=\"\">Ez a platform iskol\u00e1k, nyelvi k\u00f6zpontok, akad\u00e9mi\u00e1k \u00e9s oktat\u00e1si int\u00e9zm\u00e9nyek sz\u00e1m\u00e1ra k\u00e9sz\u00fclt, amelyek Latin-Amerik\u00e1ban keresnek hivat\u00e1sos k\u00fclf\u00f6ldi tan\u00e1rokat. Ha angoltan\u00e1rokat, szaktan\u00e1rokat, tapasztalt oktat\u00f3kat vagy tantervfejleszt\u0151ket keres, itt megtal\u00e1lja a sz\u00fcks\u00e9ges tehets\u00e9get.<\/p>\n\n\n\n<p class=\"\"><strong>Mi\u00e9rt \u00e9rdemes az \u00f6n\u00e9letrajz-kezel\u0151fel\u00fclet\u00fcnket haszn\u00e1lni?<\/strong><\/p>\n\n\n\n<ul class=\"wp-block-list\">\n<li class=\"\">Fedezze fel a latin-amerikai oktat\u00e1si szektorban dolgozni k\u00edv\u00e1n\u00f3 tan\u00e1rok profiljait.<\/li>\n\n\n\n<li class=\"\"><strong>K\u00e9pzett \u00e9s tapasztalt jel\u00f6ltek:<\/strong> nemzetk\u00f6zi diplom\u00e1k, k\u00e9pes\u00edt\u00e9sek, val\u00f3s oszt\u00e1lytermi tapasztalat.<\/li>\n\n\n\n<li class=\"\"><strong>Gyorsabb felv\u00e9tel:<\/strong> K\u00f6nnyed\u00e9n kapcsolatba l\u00e9phetsz az int\u00e9zm\u00e9nyed ig\u00e9nyeinek megfelel\u0151 jel\u00f6ltekkel.<\/li>\n<\/ul>\n\n\n\n<p class=\"\"><strong>El\u00e9rhet\u0151 tan\u00e1rt\u00edpusok:<\/strong><\/p>\n\n\n\n<ul class=\"wp-block-list\">\n<li class=\"\">TEFL, TESOL, CELTA vagy DELTA min\u0151s\u00edt\u00e9ssel rendelkez\u0151 angoltan\u00e1rok<\/li>\n\n\n\n<li class=\"\">\u00d3vodai, \u00e1ltal\u00e1nos \u00e9s k\u00f6z\u00e9piskolai szint\u0171 pedag\u00f3gusok<\/li>\n\n\n\n<li class=\"\">Olyan ter\u00fcleteken dolgoz\u00f3 szakemberek, mint a matematika, a term\u00e9szettudom\u00e1nyok \u00e9s a hum\u00e1n tudom\u00e1nyok<\/li>\n\n\n\n<li class=\"\">Oktat\u00f3k egyetemek \u00e9s feln\u0151ttk\u00e9pz\u00e9s sz\u00e1m\u00e1ra<\/li>\n<\/ul>\n\n\n\n<p class=\"\">Tal\u00e1ld meg m\u00e9g ma az ide\u00e1lis tan\u00e1rt latin-amerikai int\u00e9zm\u00e9nyed sz\u00e1m\u00e1ra!<\/p>\n\n\n\n<hr class=\"wp-block-separator has-alpha-channel-opacity\"\/>\n\n\n\n<h3 class=\"wp-block-heading\"><strong>Keressen anyanyelvi angol tan\u00e1rokat egy\u00e9ni \u00e9s csoportos \u00f3r\u00e1kra Latin-Amerik\u00e1ban<\/strong><\/h3>\n\n\n\n<p class=\"\">Tal\u00e1lj k\u00e9pzett oktat\u00f3kat Latin-Amerik\u00e1ban nyelvi \u00f3r\u00e1kra, tanulm\u00e1nyi t\u00e1mogat\u00e1sra vagy speci\u00e1lis k\u00e9szs\u00e9gek elsaj\u00e1t\u00edt\u00e1s\u00e1ra. Ez a platform t\u00f6k\u00e9letes arra, hogy kapcsolatba l\u00e9pj az ig\u00e9nyeidnek megfelel\u0151 oktat\u00f3val.<\/p>\n\n\n\n<p class=\"\"><strong>Mi\u00e9rt \u00e9rdemes haszn\u00e1lni az oktat\u00f3i jegyz\u00e9k\u00fcnket?<\/strong><\/p>\n\n\n\n<ul class=\"wp-block-list\">\n<li class=\"\"><strong>Sz\u00e9lesk\u00f6r\u0171 t\u00e9mav\u00e1laszt\u00e9k:<\/strong> a t\u00e1rsalg\u00e1si k\u00e9szs\u00e9gekt\u0151l az \u00fczleti angolig \u00e9s a TOEFL, IELTS \u00e9s TOEIC vizsg\u00e1kra val\u00f3 felk\u00e9sz\u00edt\u00e9sig.<\/li>\n\n\n\n<li class=\"\"><strong>Rugalmas lehet\u0151s\u00e9gek:<\/strong> V\u00e1lasszon egy\u00e9ni vagy csoportos \u00f3r\u00e1k k\u00f6z\u00fcl, amelyek az \u00d6n tanul\u00e1si st\u00edlus\u00e1hoz igazodnak.<\/li>\n\n\n\n<li class=\"\"><strong>Min\u0151s\u00edtett \u00e9s szak\u00e9rt\u0151 oktat\u00f3k:<\/strong> anyanyelvi angolul besz\u00e9l\u0151k \u00e9s magasan k\u00e9pzett szakemberek.<\/li>\n<\/ul>\n\n\n\n<p class=\"\">Kezdje tanul\u00e1si \u00fatj\u00e1t szak\u00e9rt\u0151 oktat\u00f3kkal, akik szem\u00e9lyre szabott \u00f3r\u00e1kat k\u00edn\u00e1lnak. Tal\u00e1lja meg a legjobb t\u00e1mogat\u00e1st tanulm\u00e1nyi c\u00e9ljai sikeres el\u00e9r\u00e9s\u00e9hez.<\/p>\n\n\n\n<hr class=\"wp-block-separator has-alpha-channel-opacity\"\/>\n\n\n\n<h3 class=\"wp-block-heading\"><strong>Professzion\u00e1lis szolg\u00e1ltat\u00e1sokat k\u00edn\u00e1l k\u00fclf\u00f6ldieknek Latin-Amerik\u00e1ban.<\/strong><\/h3>\n\n\n\n<p class=\"\">Ez a platform megb\u00edzhat\u00f3 professzion\u00e1lis szolg\u00e1ltat\u00f3kkal k\u00f6ti \u00f6ssze a Latin-Amerik\u00e1ban \u00e9l\u0151 k\u00fclf\u00f6ldieket. Ha \u00d6n k\u00f6nyvel\u0151, \u00fcgyv\u00e9d, orvos vagy m\u00e1s angolul besz\u00e9l\u0151 szakember, itt b\u0151v\u00edtheti \u00fcgyf\u00e9lk\u00f6r\u00e9t.<\/p>\n\n\n\n<p class=\"\"><strong>Mi\u00e9rt rekl\u00e1mozn\u00e1d itt a szolg\u00e1ltat\u00e1saidat?<\/strong><\/p>\n\n\n\n<ul class=\"wp-block-list\">\n<li class=\"\"><strong>F\u00f3kuszban a k\u00fclf\u00f6ldiek:<\/strong> a nemzetk\u00f6zi k\u00f6z\u00f6ss\u00e9g speci\u00e1lis ig\u00e9nyeire szabott szolg\u00e1ltat\u00e1sok.<\/li>\n\n\n\n<li class=\"\"><strong>\u00c1gazatok sokf\u00e9les\u00e9ge:<\/strong> T\u00f6bb ipar\u00e1g specialist\u00e1i is n\u00e9pszer\u0171s\u00edthetik itt szolg\u00e1ltat\u00e1saikat.<\/li>\n<\/ul>\n\n\n\n<p class=\"\"><strong>El\u00e9rhet\u0151 szolg\u00e1ltat\u00e1sok t\u00edpusai:<\/strong><\/p>\n\n\n\n<ul class=\"wp-block-list\">\n<li class=\"\">Eg\u00e9szs\u00e9g\u00fcgyi szakemberek: orvosok, fogorvosok, optometrist\u00e1k \u00e9s m\u00e1s angolul besz\u00e9l\u0151 szakemberek.<\/li>\n\n\n\n<li class=\"\">Jogi szolg\u00e1ltat\u00e1sok: seg\u00edts\u00e9gny\u00fajt\u00e1s v\u00edzumokkal, szerz\u0151d\u00e9sekkel, kereskedelmi joggal \u00e9s szem\u00e9lyi \u00fcgyekkel kapcsolatban.<\/li>\n\n\n\n<li class=\"\">Sz\u00e1mvitel \u00e9s p\u00e9nz\u00fcgy: ad\u00f3k, p\u00e9nz\u00fcgyi tervez\u00e9s \u00e9s \u00fczleti sz\u00e1mvitel.<\/li>\n\n\n\n<li class=\"\">Tan\u00e1csad\u00e1s: v\u00e1llalkoz\u00e1salap\u00edt\u00e1s, hum\u00e1ner\u0151forr\u00e1s \u00e9s piacra l\u00e9p\u00e9si strat\u00e9gi\u00e1k.<\/li>\n<\/ul>\n\n\n\n<hr class=\"wp-block-separator has-alpha-channel-opacity\"\/>\n\n\n\n<h3 class=\"wp-block-heading\"><strong>Szem\u00e9lyes rendezv\u00e9nyek \u00e9s k\u00f6z\u00f6ss\u00e9gi csoportok n\u00e9pszer\u0171s\u00edt\u00e9se k\u00fclf\u00f6ldiek sz\u00e1m\u00e1ra Latin-Amerik\u00e1ban<\/strong><\/h3>\n\n\n\n<p class=\"\">Ez a platform ide\u00e1lis rendezv\u00e9nyszervez\u0151k \u00e9s k\u00f6z\u00f6ss\u00e9gi vezet\u0151k sz\u00e1m\u00e1ra, akik kapcsolatba szeretn\u00e9nek l\u00e9pni a latin-amerikai nemzetk\u00f6zi k\u00f6z\u00f6ss\u00e9ggel. Ha t\u00e1rsas\u00e1gi \u00f6sszej\u00f6veteleket, nyelvi csereprogramokat, \u00f6nk\u00e9ntes lehet\u0151s\u00e9geket, szakmai h\u00e1l\u00f3zat\u00e9p\u00edt\u0151 esem\u00e9nyeket vagy tev\u00e9kenys\u00e9gi csoportokat szervez, k\u00f6nnyen n\u00e9pszer\u0171s\u00edtheti azokat itt.<\/p>\n\n\n\n<p class=\"\"><strong>Mi\u00e9rt hirdesse itt rendezv\u00e9ny\u00e9t vagy csoportj\u00e1t?<\/strong><\/p>\n\n\n\n<ul class=\"wp-block-list\">\n<li class=\"\"><strong>Nemzetk\u00f6zi el\u00e9rhet\u0151s\u00e9g:<\/strong> Olyan k\u00fclf\u00f6ldieket \u00e9r el, akiket \u00e9rdekelnek a t\u00e1rsadalmi, kultur\u00e1lis \u00e9s szakmai tev\u00e9kenys\u00e9gek.<\/li>\n\n\n\n<li class=\"\"><strong>Nagyobb r\u00e9szv\u00e9tel:<\/strong> T\u00f6bb r\u00e9sztvev\u0151t vonz, \u00e9s akt\u00edv k\u00f6z\u00f6ss\u00e9get teremt.<\/li>\n\n\n\n<li class=\"\"><strong>Nagyobb l\u00e1that\u00f3s\u00e1g:<\/strong> Tedd ismertt\u00e9 esem\u00e9nyeidet vagy csoportjaidat az eg\u00e9sz k\u00fclf\u00f6ldi k\u00f6z\u00f6ss\u00e9gben.<\/li>\n<\/ul>\n\n\n\n<p class=\"\"><strong>Esem\u00e9nyt\u00edpusok \u00e9s csoportok, amelyeket n\u00e9pszer\u0171s\u00edthetsz:<\/strong><\/p>\n\n\n\n<ul class=\"wp-block-list\">\n<li class=\"\">Nyelvi cser\u00e9k: a kult\u00far\u00e1k nyelven kereszt\u00fcl kapcsol\u00f3dnak \u00f6ssze.<\/li>\n\n\n\n<li class=\"\">T\u00e1rsas\u00e1gi \u00f6sszej\u00f6vetelek: vacsor\u00e1k, tematikus partik \u00e9s k\u00f6tetlen \u00f6sszej\u00f6vetelek.<\/li>\n\n\n\n<li class=\"\">Szakmai h\u00e1l\u00f3zatok: ipar\u00e1gi rendezv\u00e9nyeket \u00e9s szakmai tov\u00e1bbk\u00e9pz\u00e9si tal\u00e1lkoz\u00f3kat szervez.<\/li>\n\n\n\n<li class=\"\">Sport- \u00e9s wellness klubok: fut\u00f3csoportok, j\u00f3ga\u00f3r\u00e1k, csapatsportok.<\/li>\n<\/ul>\n\n\n\n<p class=\"\">N\u00f6veld k\u00f6z\u00f6ss\u00e9ged \u00e9s n\u00e9pszer\u0171s\u00edtsd rendezv\u00e9nyeidet sikeresen. Kezdj el kapcsolatba l\u00e9pni a latin-amerikai nemzetk\u00f6zi k\u00f6z\u00f6ss\u00e9ggel m\u00e9g ma!<\/p>\n\n<\/div>","protected":false},"excerpt":{"rendered":"<p>\u00bfQu\u00e9 puedes encontrar en este directorio de clasificados? Publica empleos para profesores y tutores extranjeros en Am\u00e9rica Latina Este es un tabl\u00f3n de anuncios de empleo para profesores y tutores [&hellip;]<\/p>","protected":false},"author":2,"featured_media":0,"parent":0,"menu_order":0,"comment_status":"closed","ping_status":"closed","template":"","meta":{"nf_dc_page":"","footnotes":""},"class_list":["post-4029","page","type-page","status-publish","hentry"],"yoast_head":"<!-- This site is optimized with the Yoast SEO plugin v26.9 - https:\/\/yoast.com\/product\/yoast-seo-wordpress\/ -->\n<title>Am\u00e9rica Latina - Teach Abroad Job Board and Resources<\/title>\n<meta name=\"robots\" content=\"index, follow, max-snippet:-1, max-image-preview:large, max-video-preview:-1\" \/>\n<link rel=\"canonical\" href=\"https:\/\/teachingjobboard.com\/hu\/america-latina\/\" \/>\n<meta property=\"og:locale\" content=\"hu_HU\" \/>\n<meta property=\"og:type\" content=\"article\" \/>\n<meta property=\"og:title\" content=\"Am\u00e9rica Latina - Teach Abroad Job Board and Resources\" \/>\n<meta property=\"og:description\" content=\"\u00bfQu\u00e9 puedes encontrar en este directorio de clasificados? Publica empleos para profesores y tutores extranjeros en Am\u00e9rica Latina Este es un tabl\u00f3n de anuncios de empleo para profesores y tutores [&hellip;]\" \/>\n<meta property=\"og:url\" content=\"https:\/\/teachingjobboard.com\/hu\/america-latina\/\" \/>\n<meta property=\"og:site_name\" content=\"Teach Abroad Job Board and Resources\" \/>\n<meta property=\"article:modified_time\" content=\"2025-07-06T01:52:50+00:00\" \/>\n<meta name=\"twitter:card\" content=\"summary_large_image\" \/>\n<meta name=\"twitter:label1\" content=\"Becs\u00fclt olvas\u00e1si id\u0151\" \/>\n\t<meta name=\"twitter:data1\" content=\"5 perc\" \/>\n<script type=\"application\/ld+json\" class=\"yoast-schema-graph\">{\"@context\":\"https:\/\/schema.org\",\"@graph\":[{\"@type\":\"WebPage\",\"@id\":\"https:\/\/teachingjobboard.com\/en\/america-latina\/\",\"url\":\"https:\/\/teachingjobboard.com\/en\/america-latina\/\",\"name\":\"Am\u00e9rica Latina - Teach Abroad Job Board and Resources\",\"isPartOf\":{\"@id\":\"https:\/\/teachingjobboard.com\/#website\"},\"datePublished\":\"2025-07-06T01:42:35+00:00\",\"dateModified\":\"2025-07-06T01:52:50+00:00\",\"breadcrumb\":{\"@id\":\"https:\/\/teachingjobboard.com\/en\/america-latina\/#breadcrumb\"},\"inLanguage\":\"hu\",\"potentialAction\":[{\"@type\":\"ReadAction\",\"target\":[\"https:\/\/teachingjobboard.com\/en\/america-latina\/\"]}]},{\"@type\":\"BreadcrumbList\",\"@id\":\"https:\/\/teachingjobboard.com\/en\/america-latina\/#breadcrumb\",\"itemListElement\":[{\"@type\":\"ListItem\",\"position\":1,\"name\":\"Home\",\"item\":\"https:\/\/teachingjobboard.com\/\"},{\"@type\":\"ListItem\",\"position\":2,\"name\":\"Am\u00e9rica Latina\"}]},{\"@type\":\"WebSite\",\"@id\":\"https:\/\/teachingjobboard.com\/#website\",\"url\":\"https:\/\/teachingjobboard.com\/\",\"name\":\"Teach Abroad Job Board and Resources\",\"description\":\"\",\"publisher\":{\"@id\":\"https:\/\/teachingjobboard.com\/#organization\"},\"potentialAction\":[{\"@type\":\"SearchAction\",\"target\":{\"@type\":\"EntryPoint\",\"urlTemplate\":\"https:\/\/teachingjobboard.com\/?s={search_term_string}\"},\"query-input\":{\"@type\":\"PropertyValueSpecification\",\"valueRequired\":true,\"valueName\":\"search_term_string\"}}],\"inLanguage\":\"hu\"},{\"@type\":\"Organization\",\"@id\":\"https:\/\/teachingjobboard.com\/#organization\",\"name\":\"Teach Abroad Job Board and Resources\",\"url\":\"https:\/\/teachingjobboard.com\/\",\"logo\":{\"@type\":\"ImageObject\",\"inLanguage\":\"hu\",\"@id\":\"https:\/\/teachingjobboard.com\/#\/schema\/logo\/image\/\",\"url\":\"https:\/\/i0.wp.com\/teachingjobboard.com\/wp-content\/uploads\/logo-2.png?fit=643%2C328&ssl=1\",\"contentUrl\":\"https:\/\/i0.wp.com\/teachingjobboard.com\/wp-content\/uploads\/logo-2.png?fit=643%2C328&ssl=1\",\"width\":643,\"height\":328,\"caption\":\"Teach Abroad Job Board and Resources\"},\"image\":{\"@id\":\"https:\/\/teachingjobboard.com\/#\/schema\/logo\/image\/\"}}]}<\/script>\n<!-- \/ Yoast SEO plugin. -->","yoast_head_json":{"title":"Am\u00e9rica Latina - Tan\u00e1ri \u00e1ll\u00e1sok \u00e9s forr\u00e1sok k\u00fclf\u00f6ld\u00f6n","robots":{"index":"index","follow":"follow","max-snippet":"max-snippet:-1","max-image-preview":"max-image-preview:large","max-video-preview":"max-video-preview:-1"},"canonical":"https:\/\/teachingjobboard.com\/hu\/america-latina\/","og_locale":"hu_HU","og_type":"article","og_title":"Am\u00e9rica Latina - Teach Abroad Job Board and Resources","og_description":"\u00bfQu\u00e9 puedes encontrar en este directorio de clasificados? Publica empleos para profesores y tutores extranjeros en Am\u00e9rica Latina Este es un tabl\u00f3n de anuncios de empleo para profesores y tutores [&hellip;]","og_url":"https:\/\/teachingjobboard.com\/hu\/america-latina\/","og_site_name":"Teach Abroad Job Board and Resources","article_modified_time":"2025-07-06T01:52:50+00:00","twitter_card":"summary_large_image","twitter_misc":{"Becs\u00fclt olvas\u00e1si id\u0151":"5 perc"},"schema":{"@context":"https:\/\/schema.org","@graph":[{"@type":"WebPage","@id":"https:\/\/teachingjobboard.com\/en\/america-latina\/","url":"https:\/\/teachingjobboard.com\/en\/america-latina\/","name":"Am\u00e9rica Latina - Tan\u00e1ri \u00e1ll\u00e1sok \u00e9s forr\u00e1sok k\u00fclf\u00f6ld\u00f6n","isPartOf":{"@id":"https:\/\/teachingjobboard.com\/#website"},"datePublished":"2025-07-06T01:42:35+00:00","dateModified":"2025-07-06T01:52:50+00:00","breadcrumb":{"@id":"https:\/\/teachingjobboard.com\/en\/america-latina\/#breadcrumb"},"inLanguage":"hu","potentialAction":[{"@type":"ReadAction","target":["https:\/\/teachingjobboard.com\/en\/america-latina\/"]}]},{"@type":"BreadcrumbList","@id":"https:\/\/teachingjobboard.com\/en\/america-latina\/#breadcrumb","itemListElement":[{"@type":"ListItem","position":1,"name":"Home","item":"https:\/\/teachingjobboard.com\/"},{"@type":"ListItem","position":2,"name":"Am\u00e9rica Latina"}]},{"@type":"WebSite","@id":"https:\/\/teachingjobboard.com\/#website","url":"https:\/\/teachingjobboard.com\/","name":"Tan\u00e1ri \u00e1ll\u00e1sok k\u00fclf\u00f6ld\u00f6n \u00e9s forr\u00e1sok","description":"","publisher":{"@id":"https:\/\/teachingjobboard.com\/#organization"},"potentialAction":[{"@type":"SearchAction","target":{"@type":"EntryPoint","urlTemplate":"https:\/\/teachingjobboard.com\/?s={search_term_string}"},"query-input":{"@type":"PropertyValueSpecification","valueRequired":true,"valueName":"search_term_string"}}],"inLanguage":"hu"},{"@type":"Organization","@id":"https:\/\/teachingjobboard.com\/#organization","name":"Tan\u00e1ri \u00e1ll\u00e1sok k\u00fclf\u00f6ld\u00f6n \u00e9s forr\u00e1sok","url":"https:\/\/teachingjobboard.com\/","logo":{"@type":"ImageObject","inLanguage":"hu","@id":"https:\/\/teachingjobboard.com\/#\/schema\/logo\/image\/","url":"https:\/\/i0.wp.com\/teachingjobboard.com\/wp-content\/uploads\/logo-2.png?fit=643%2C328&ssl=1","contentUrl":"https:\/\/i0.wp.com\/teachingjobboard.com\/wp-content\/uploads\/logo-2.png?fit=643%2C328&ssl=1","width":643,"height":328,"caption":"Teach Abroad Job Board and Resources"},"image":{"@id":"https:\/\/teachingjobboard.com\/#\/schema\/logo\/image\/"}}]}},"jetpack_sharing_enabled":true,"_links":{"self":[{"href":"https:\/\/teachingjobboard.com\/hu\/wp-json\/wp\/v2\/pages\/4029","targetHints":{"allow":["GET"]}}],"collection":[{"href":"https:\/\/teachingjobboard.com\/hu\/wp-json\/wp\/v2\/pages"}],"about":[{"href":"https:\/\/teachingjobboard.com\/hu\/wp-json\/wp\/v2\/types\/page"}],"author":[{"embeddable":true,"href":"https:\/\/teachingjobboard.com\/hu\/wp-json\/wp\/v2\/users\/2"}],"replies":[{"embeddable":true,"href":"https:\/\/teachingjobboard.com\/hu\/wp-json\/wp\/v2\/comments?post=4029"}],"version-history":[{"count":2,"href":"https:\/\/teachingjobboard.com\/hu\/wp-json\/wp\/v2\/pages\/4029\/revisions"}],"predecessor-version":[{"id":4031,"href":"https:\/\/teachingjobboard.com\/hu\/wp-json\/wp\/v2\/pages\/4029\/revisions\/4031"}],"wp:attachment":[{"href":"https:\/\/teachingjobboard.com\/hu\/wp-json\/wp\/v2\/media?parent=4029"}],"curies":[{"name":"wp","href":"https:\/\/api.w.org\/{rel}","templated":true}]}}