{"id":4027,"date":"2025-07-05T23:36:30","date_gmt":"2025-07-05T23:36:30","guid":{"rendered":"https:\/\/teachingjobboard.com\/staging\/?page_id=4027"},"modified":"2025-07-06T01:54:45","modified_gmt":"2025-07-06T01:54:45","slug":"il-medio-oriente","status":"publish","type":"page","link":"https:\/\/teachingjobboard.com\/it\/il-medio-oriente\/","title":{"rendered":"Il Medio Oriente"},"content":{"rendered":"<div lang=\"ar\">\n\n<p class=\"\"><strong>Cosa puoi trovare in questa guida suddivisa in categorie?<\/strong><\/p>\n\n\n\n<hr class=\"wp-block-separator has-alpha-channel-opacity\"\/>\n\n\n\n<h3 class=\"wp-block-heading\"><strong>Pubblica offerte di lavoro per insegnanti e istruttori stranieri in Medio Oriente<\/strong><\/h3>\n\n\n\n<p class=\"\">Questo \u00e8 un sito di lavoro dedicato a insegnanti e istruttori stranieri nel campo dell'insegnamento della lingua inglese in Medio Oriente (lezioni private\/a domicilio, lezioni individuali o in piccoli gruppi), per insegnare l'inglese come seconda lingua (ESL), come lingua straniera (EFL) o come lingua aggiuntiva (EAL) a studenti di lingua inglese (ELL).<\/p>\n\n\n\n<p class=\"\"><strong>Datori di lavoro:<\/strong> Scuole, istituzioni e agenzie per l'impiego in Medio Oriente, tra cui:<\/p>\n\n\n\n<ul class=\"wp-block-list\">\n<li class=\"\">Scuole di lingua e centri di arricchimento<\/li>\n\n\n\n<li class=\"\">Asili nido e scuole materne<\/li>\n\n\n\n<li class=\"\">Scuole bilingue e internazionali<\/li>\n\n\n\n<li class=\"\">Fornitori di servizi di lingua inglese per aziende e societ\u00e0<\/li>\n\n\n\n<li class=\"\">Centri di preparazione per i test IELTS, TOEFL e TOEIC<\/li>\n\n\n\n<li class=\"\">Universit\u00e0<\/li>\n<\/ul>\n\n\n\n<p class=\"\"><strong>Candidati:<\/strong> Candidati dal Medio Oriente e dall'estero:<\/p>\n\n\n\n<ul class=\"wp-block-list\">\n<li class=\"\">Insegnanti madrelingua inglese<\/li>\n\n\n\n<li class=\"\">Insegnanti con un livello vicino a quello dei madrelingua (CEFR C2, competenza e fluidit\u00e0)<\/li>\n\n\n\n<li class=\"\">Insegnanti provenienti dagli Stati Uniti, dal Regno Unito (Inghilterra), dal Canada, dall'Australia, dalla Nuova Zelanda, dal Sud Africa, dall'Irlanda, dalle Filippine e da altri paesi<\/li>\n\n\n\n<li class=\"\">Insegnanti con certificazioni TEFL, TESOL, CELTA e DELTA<\/li>\n\n\n\n<li class=\"\">Insegnanti con qualifiche professionali (come PGCE\/QTS), autorizzati e accreditati nei loro paesi di origine o in Medio Oriente<\/li>\n\n\n\n<li class=\"\">Insegnanti esperti con titoli universitari (laurea triennale, magistrale, dottorato)<\/li>\n<\/ul>\n\n\n\n<hr class=\"wp-block-separator has-alpha-channel-opacity\"\/>\n\n\n\n<h3 class=\"wp-block-heading\"><strong>Pubblica annunci di affitto di immobili per insegnanti stranieri in Medio Oriente<\/strong><\/h3>\n\n\n\n<p class=\"\">Questo sito web \u00e8 dedicato agli annunci immobiliari in affitto, aiutando proprietari, amministratori di propriet\u00e0 e agenti immobiliari a entrare in contatto con insegnanti espatriati alla ricerca di immobili in affitto di alta qualit\u00e0 in Medio Oriente. Che abbiate un appartamento arredato o vuoto, questo \u00e8 il posto perfetto per raggiungere inquilini responsabili alla ricerca di contratti a lungo termine (uno o due anni) o a breve termine.<\/p>\n\n\n\n<p class=\"\"><strong>Perch\u00e9 pubblicare il tuo annuncio qui?<\/strong><\/p>\n\n\n\n<p class=\"\">Il nostro sito web si concentra specificamente sugli insegnanti stranieri che lavorano in scuole internazionali, universit\u00e0, centri di tutoraggio e centri di apprendimento delle lingue in tutto il Medio Oriente.<\/p>\n\n\n\n<p class=\"\"><strong>Inquilini affidabili:<\/strong> Gli insegnanti stranieri sono professionisti e spesso preferiscono contratti a lungo termine.<\/p>\n\n\n\n<p class=\"\"><strong>Tipi di propriet\u00e0 elencati:<\/strong><\/p>\n\n\n\n<ul class=\"wp-block-list\">\n<li class=\"\">Appartamenti completamente arredati: pronti per essere abitati, dotati di tutti i comfort di base.<\/li>\n\n\n\n<li class=\"\">Locazioni a lungo e breve termine: flessibilit\u00e0 nelle condizioni contrattuali in base alle esigenze.<\/li>\n<\/ul>\n\n\n\n<p class=\"\">Pubblica la tua propriet\u00e0 sulla nostra piattaforma affidabile e inizia ad attirare l'attenzione degli insegnanti stranieri in Medio Oriente.<\/p>\n\n\n\n<hr class=\"wp-block-separator has-alpha-channel-opacity\"\/>\n\n\n\n<h3 class=\"wp-block-heading\"><strong>Offri lezioni di lingua araba per stranieri: le migliori lezioni di lingua araba per espatriati in Medio Oriente<\/strong><\/h3>\n\n\n\n<p class=\"\">Questo sito web mette in contatto scuole di lingua e insegnanti privati \u200b\u200bcon stranieri interessati a imparare l'arabo. Se offri lezioni di alta qualit\u00e0, lezioni personalizzate individuali o programmi di integrazione culturale, questo \u00e8 il posto perfetto per promuovere i tuoi servizi.<\/p>\n\n\n\n<p class=\"\"><strong>Perch\u00e9 elencare i vostri servizi qui?<\/strong><\/p>\n\n\n\n<ul class=\"wp-block-list\">\n<li class=\"\"><strong>Pubblico di destinazione:<\/strong> Entra in contatto con gli stranieri che vivono in Medio Oriente e sono interessati a imparare l'arabo.<\/li>\n\n\n\n<li class=\"\"><strong>Diverse opportunit\u00e0:<\/strong> Attirare studenti di tutti i livelli, dai principianti agli avanzati, bambini e adulti.<\/li>\n\n\n\n<li class=\"\"><strong>Una prospettiva pi\u00f9 ampia:<\/strong> Rendi visibili la tua scuola o i tuoi servizi educativi a un pubblico internazionale attivo.<\/li>\n<\/ul>\n\n\n\n<p class=\"\"><strong>Tipi di lezioni che offriamo:<\/strong><\/p>\n\n\n\n<ul class=\"wp-block-list\">\n<li class=\"\">Scuole di lingua: programmi educativi strutturati con insegnanti certificati.<\/li>\n\n\n\n<li class=\"\">Insegnanti privati: lezioni individuali o per piccoli gruppi personalizzati.<\/li>\n\n\n\n<li class=\"\">Lezioni online o in presenza: opzioni flessibili a seconda degli orari.<\/li>\n\n\n\n<li class=\"\">Programmi di integrazione culturale: apprendimento della lingua attraverso attivit\u00e0 ed esperienze locali.<\/li>\n<\/ul>\n\n\n\n<p class=\"\">Promuovi subito le tue lezioni di lingua araba e aiuta gli studenti a raggiungere i loro obiettivi linguistici in Medio Oriente.<\/p>\n\n\n\n<hr class=\"wp-block-separator has-alpha-channel-opacity\"\/>\n\n\n\n<h3 class=\"wp-block-heading\"><strong>Visualizza i CV degli insegnanti stranieri qualificati in Medio Oriente<\/strong><\/h3>\n\n\n\n<p class=\"\">Una piattaforma dedicata a scuole, centri linguistici, istituti e istituti scolastici che cercano insegnanti stranieri professionisti in Medio Oriente. Che tu stia cercando insegnanti di inglese, specialisti in altre materie o sviluppatori di programmi di studio, qui troverai ci\u00f2 di cui hai bisogno.<\/p>\n\n\n\n<p class=\"\"><strong>Perch\u00e9 utilizzare la nostra bacheca per curriculum?<\/strong><\/p>\n\n\n\n<ul class=\"wp-block-list\">\n<li class=\"\">Esamina i CV degli insegnanti interessati a lavorare nel settore dell'istruzione in Medio Oriente.<\/li>\n\n\n\n<li class=\"\"><strong>Candidati qualificati ed esperti:<\/strong> Certificazioni internazionali, lauree universitarie ed esperienza reale in aula.<\/li>\n\n\n\n<li class=\"\"><strong>Assunzioni pi\u00f9 rapide:<\/strong> Contatta direttamente i candidati pi\u00f9 adatti alle esigenze della tua scuola.<\/li>\n<\/ul>\n\n\n\n<p class=\"\"><strong>Tipi di insegnanti disponibili:<\/strong><\/p>\n\n\n\n<ul class=\"wp-block-list\">\n<li class=\"\">Insegnanti di lingua inglese: in possesso di certificazioni TEFL, TESOL, CELTA, DELTA.<\/li>\n\n\n\n<li class=\"\">Insegnanti della scuola dell'infanzia, primaria e secondaria.<\/li>\n\n\n\n<li class=\"\">Specialisti in materie quali matematica, scienze e discipline umanistiche.<\/li>\n\n\n\n<li class=\"\">Insegnanti universitari e di formazione per adulti: esperti in istruzione superiore e formazione professionale.<\/li>\n<\/ul>\n\n\n\n<p class=\"\">Inizia oggi stesso a cercare l'insegnante ideale per la tua organizzazione in Medio Oriente.<\/p>\n\n\n\n<hr class=\"wp-block-separator has-alpha-channel-opacity\"\/>\n\n\n\n<h3 class=\"wp-block-heading\"><strong>Cerchiamo insegnanti madrelingua inglese per lezioni individuali e di gruppo in Medio Oriente<\/strong><\/h3>\n\n\n\n<p class=\"\">Trova insegnanti qualificati in Medio Oriente per lezioni di lingua, supporto accademico o formazione di competenze specifiche. Questo \u00e8 il posto perfetto per trovare l'insegnante giusto per te.<\/p>\n\n\n\n<p class=\"\"><strong>Perch\u00e9 utilizzare la nostra guida per gli insegnanti?<\/strong><\/p>\n\n\n\n<ul class=\"wp-block-list\">\n<li class=\"\"><strong>Una variet\u00e0 di materiali:<\/strong> Dalla conversazione all'inglese commerciale e alla preparazione di test come TOEFL, IELTS, TOEIC.<\/li>\n\n\n\n<li class=\"\"><strong>Opzioni di apprendimento flessibili:<\/strong> Lezioni individuali o di gruppo in base alle vostre esigenze.<\/li>\n\n\n\n<li class=\"\"><strong>Insegnanti qualificati:<\/strong> Insegnanti certificati, madrelingua e specialisti esperti.<\/li>\n<\/ul>\n\n\n\n<p class=\"\">Inizia il tuo percorso formativo con insegnanti professionisti che ti aiuteranno a raggiungere facilmente i tuoi obiettivi.<\/p>\n\n\n\n<hr class=\"wp-block-separator has-alpha-channel-opacity\"\/>\n\n\n\n<h3 class=\"wp-block-heading\"><strong>Fornire servizi professionali agli stranieri in Medio Oriente<\/strong><\/h3>\n\n\n\n<p class=\"\">Una piattaforma che mette in contatto gli espatriati che vivono in Medio Oriente con fornitori di servizi affidabili. Che tu sia un commercialista, un avvocato, un medico o un professionista di qualsiasi settore, qui puoi raggiungere nuovi clienti.<\/p>\n\n\n\n<p class=\"\"><strong>Perch\u00e9 utilizzare la nostra directory dei servizi?<\/strong><\/p>\n\n\n\n<ul class=\"wp-block-list\">\n<li class=\"\"><strong>Progettato per gli espatriati:<\/strong> Servizi su misura per le esigenze della comunit\u00e0 internazionale in Medio Oriente.<\/li>\n\n\n\n<li class=\"\"><strong>Esperienze multiple:<\/strong> Qui possono offrire i loro servizi specialisti provenienti da vari settori.<\/li>\n<\/ul>\n\n\n\n<p class=\"\"><strong>Tipi di servizi disponibili:<\/strong><\/p>\n\n\n\n<ul class=\"wp-block-list\">\n<li class=\"\">Operatori sanitari: medici, dentisti, optometristi e altri che parlano inglese.<\/li>\n\n\n\n<li class=\"\">Servizi legali: assistenza per visti, contratti, diritto commerciale e questioni personali.<\/li>\n\n\n\n<li class=\"\">Contabilit\u00e0 e finanza: tasse, pianificazione finanziaria, contabilit\u00e0 aziendale.<\/li>\n\n\n\n<li class=\"\">Servizi di consulenza: costituzione di societ\u00e0, soluzioni per le risorse umane, strategie di ingresso nel mercato.<\/li>\n<\/ul>\n\n\n\n<hr class=\"wp-block-separator has-alpha-channel-opacity\"\/>\n\n\n\n<h3 class=\"wp-block-heading\"><strong>Promuovi gli eventi della tua comunit\u00e0 e le attivit\u00e0 in presenza rivolte agli stranieri in Medio Oriente<\/strong><\/h3>\n\n\n\n<p class=\"\">Una piattaforma ideale per organizzatori e leader di comunit\u00e0 che desiderano entrare in contatto con la comunit\u00e0 internazionale in Medio Oriente. Se organizzate eventi sociali, scambi linguistici, opportunit\u00e0 di volontariato o incontri professionali, questo \u00e8 il posto giusto.<\/p>\n\n\n\n<p class=\"\"><strong>Perch\u00e9 stai promuovendo il tuo evento o gruppo qui?<\/strong><\/p>\n\n\n\n<ul class=\"wp-block-list\">\n<li class=\"\"><strong>Pubblico internazionale:<\/strong> Entra in contatto con stranieri interessati ad attivit\u00e0 sociali, culturali e professionali.<\/li>\n\n\n\n<li class=\"\"><strong>Maggiore partecipazione:<\/strong> Attira pi\u00f9 partecipanti e diventa parte di una comunit\u00e0 attiva.<\/li>\n\n\n\n<li class=\"\"><strong>Una prospettiva pi\u00f9 ampia:<\/strong> Fai conoscere meglio il tuo gruppo o evento in Medio Oriente.<\/li>\n<\/ul>\n\n\n\n<p class=\"\"><strong>Tipi di eventi e gruppi che puoi promuovere:<\/strong><\/p>\n\n\n\n<ul class=\"wp-block-list\">\n<li class=\"\">Scambio linguistico: promuovere la comunicazione culturale attraverso l'apprendimento delle lingue.<\/li>\n\n\n\n<li class=\"\">Riunioni sociali: feste, cene, riunioni informali.<\/li>\n\n\n\n<li class=\"\">Reti professionali: eventi di settore e incontri di sviluppo professionale.<\/li>\n\n\n\n<li class=\"\">Associazioni sportive: gruppi di corsa, corsi di yoga e altre attivit\u00e0 di gruppo.<\/li>\n<\/ul>\n\n\n\n<p class=\"\">Inizia subito a promuovere le tue attivit\u00e0 e attira un nuovo pubblico di residenti stranieri in Medio Oriente.<\/p>\n\n<\/div>","protected":false},"excerpt":{"rendered":"<p>\u0645\u0627 \u0627\u0644\u0630\u064a \u064a\u0645\u0643\u0646\u0643 \u0627\u0644\u0639\u062b\u0648\u0631 \u0639\u0644\u064a\u0647 \u0641\u064a \u0647\u0630\u0627 \u0627\u0644\u062f\u0644\u064a\u0644 \u0627\u0644\u0645\u0628\u0648\u0628\u061f \u0627\u0646\u0634\u0631 \u0648\u0638\u0627\u0626\u0641 \u0644\u0644\u0645\u0639\u0644\u0645\u064a\u0646 \u0648\u0627\u0644\u0645\u062f\u0631\u0633\u064a\u0646 \u0627\u0644\u0623\u062c\u0627\u0646\u0628 \u0641\u064a \u0627\u0644\u0634\u0631\u0642 \u0627\u0644\u0623\u0648\u0633\u0637 \u0647\u0630\u0627 \u0645\u0648\u0642\u0639 \u0644\u0644\u0648\u0638\u0627\u0626\u0641 \u0645\u062e\u0635\u0635 \u0644\u0644\u0645\u0639\u0644\u0645\u064a\u0646 \u0648\u0627\u0644\u0645\u062f\u0631\u0633\u064a\u0646 \u0627\u0644\u0623\u062c\u0627\u0646\u0628 \u0641\u064a \u0645\u062c\u0627\u0644 \u062a\u0639\u0644\u064a\u0645 \u0627\u0644\u0644\u063a\u0629 \u0627\u0644\u0625\u0646\u062c\u0644\u064a\u0632\u064a\u0629 \u0641\u064a [&hellip;]<\/p>","protected":false},"author":2,"featured_media":0,"parent":0,"menu_order":0,"comment_status":"closed","ping_status":"closed","template":"","meta":{"nf_dc_page":"","footnotes":""},"class_list":["post-4027","page","type-page","status-publish","hentry"],"yoast_head":"<!-- This site is optimized with the Yoast SEO plugin v26.9 - https:\/\/yoast.com\/product\/yoast-seo-wordpress\/ -->\n<title>\u0627\u0644\u0634\u0631\u0642 \u0627\u0644\u0623\u0648\u0633\u0637 - Teach Abroad Job Board and Resources<\/title>\n<meta name=\"robots\" content=\"index, follow, max-snippet:-1, max-image-preview:large, max-video-preview:-1\" \/>\n<link rel=\"canonical\" href=\"https:\/\/teachingjobboard.com\/it\/il-medio-oriente\/\" \/>\n<meta property=\"og:locale\" content=\"it_IT\" \/>\n<meta property=\"og:type\" content=\"article\" \/>\n<meta property=\"og:title\" content=\"\u0627\u0644\u0634\u0631\u0642 \u0627\u0644\u0623\u0648\u0633\u0637 - Teach Abroad Job Board and Resources\" \/>\n<meta property=\"og:description\" content=\"\u0645\u0627 \u0627\u0644\u0630\u064a \u064a\u0645\u0643\u0646\u0643 \u0627\u0644\u0639\u062b\u0648\u0631 \u0639\u0644\u064a\u0647 \u0641\u064a \u0647\u0630\u0627 \u0627\u0644\u062f\u0644\u064a\u0644 \u0627\u0644\u0645\u0628\u0648\u0628\u061f \u0627\u0646\u0634\u0631 \u0648\u0638\u0627\u0626\u0641 \u0644\u0644\u0645\u0639\u0644\u0645\u064a\u0646 \u0648\u0627\u0644\u0645\u062f\u0631\u0633\u064a\u0646 \u0627\u0644\u0623\u062c\u0627\u0646\u0628 \u0641\u064a \u0627\u0644\u0634\u0631\u0642 \u0627\u0644\u0623\u0648\u0633\u0637 \u0647\u0630\u0627 \u0645\u0648\u0642\u0639 \u0644\u0644\u0648\u0638\u0627\u0626\u0641 \u0645\u062e\u0635\u0635 \u0644\u0644\u0645\u0639\u0644\u0645\u064a\u0646 \u0648\u0627\u0644\u0645\u062f\u0631\u0633\u064a\u0646 \u0627\u0644\u0623\u062c\u0627\u0646\u0628 \u0641\u064a \u0645\u062c\u0627\u0644 \u062a\u0639\u0644\u064a\u0645 \u0627\u0644\u0644\u063a\u0629 \u0627\u0644\u0625\u0646\u062c\u0644\u064a\u0632\u064a\u0629 \u0641\u064a [&hellip;]\" \/>\n<meta property=\"og:url\" content=\"https:\/\/teachingjobboard.com\/it\/il-medio-oriente\/\" \/>\n<meta property=\"og:site_name\" content=\"Teach Abroad Job Board and Resources\" \/>\n<meta property=\"article:modified_time\" content=\"2025-07-06T01:54:45+00:00\" \/>\n<meta name=\"twitter:card\" content=\"summary_large_image\" \/>\n<meta name=\"twitter:label1\" content=\"Tempo di lettura stimato\" \/>\n\t<meta name=\"twitter:data1\" content=\"4 minuti\" \/>\n<script type=\"application\/ld+json\" class=\"yoast-schema-graph\">{\"@context\":\"https:\/\/schema.org\",\"@graph\":[{\"@type\":\"WebPage\",\"@id\":\"https:\/\/teachingjobboard.com\/%d8%a7%d9%84%d8%b4%d8%b1%d9%82-%d8%a7%d9%84%d8%a3%d9%88%d8%b3%d8%b7\/\",\"url\":\"https:\/\/teachingjobboard.com\/%d8%a7%d9%84%d8%b4%d8%b1%d9%82-%d8%a7%d9%84%d8%a3%d9%88%d8%b3%d8%b7\/\",\"name\":\"\u0627\u0644\u0634\u0631\u0642 \u0627\u0644\u0623\u0648\u0633\u0637 - Teach Abroad Job Board and Resources\",\"isPartOf\":{\"@id\":\"https:\/\/teachingjobboard.com\/#website\"},\"datePublished\":\"2025-07-05T23:36:30+00:00\",\"dateModified\":\"2025-07-06T01:54:45+00:00\",\"breadcrumb\":{\"@id\":\"https:\/\/teachingjobboard.com\/%d8%a7%d9%84%d8%b4%d8%b1%d9%82-%d8%a7%d9%84%d8%a3%d9%88%d8%b3%d8%b7\/#breadcrumb\"},\"inLanguage\":\"it-IT\",\"potentialAction\":[{\"@type\":\"ReadAction\",\"target\":[\"https:\/\/teachingjobboard.com\/%d8%a7%d9%84%d8%b4%d8%b1%d9%82-%d8%a7%d9%84%d8%a3%d9%88%d8%b3%d8%b7\/\"]}]},{\"@type\":\"BreadcrumbList\",\"@id\":\"https:\/\/teachingjobboard.com\/%d8%a7%d9%84%d8%b4%d8%b1%d9%82-%d8%a7%d9%84%d8%a3%d9%88%d8%b3%d8%b7\/#breadcrumb\",\"itemListElement\":[{\"@type\":\"ListItem\",\"position\":1,\"name\":\"Home\",\"item\":\"https:\/\/teachingjobboard.com\/\"},{\"@type\":\"ListItem\",\"position\":2,\"name\":\"\u0627\u0644\u0634\u0631\u0642 \u0627\u0644\u0623\u0648\u0633\u0637\"}]},{\"@type\":\"WebSite\",\"@id\":\"https:\/\/teachingjobboard.com\/#website\",\"url\":\"https:\/\/teachingjobboard.com\/\",\"name\":\"Teach Abroad Job Board and Resources\",\"description\":\"\",\"publisher\":{\"@id\":\"https:\/\/teachingjobboard.com\/#organization\"},\"potentialAction\":[{\"@type\":\"SearchAction\",\"target\":{\"@type\":\"EntryPoint\",\"urlTemplate\":\"https:\/\/teachingjobboard.com\/?s={search_term_string}\"},\"query-input\":{\"@type\":\"PropertyValueSpecification\",\"valueRequired\":true,\"valueName\":\"search_term_string\"}}],\"inLanguage\":\"it-IT\"},{\"@type\":\"Organization\",\"@id\":\"https:\/\/teachingjobboard.com\/#organization\",\"name\":\"Teach Abroad Job Board and Resources\",\"url\":\"https:\/\/teachingjobboard.com\/\",\"logo\":{\"@type\":\"ImageObject\",\"inLanguage\":\"it-IT\",\"@id\":\"https:\/\/teachingjobboard.com\/#\/schema\/logo\/image\/\",\"url\":\"https:\/\/i0.wp.com\/teachingjobboard.com\/wp-content\/uploads\/logo-2.png?fit=643%2C328&ssl=1\",\"contentUrl\":\"https:\/\/i0.wp.com\/teachingjobboard.com\/wp-content\/uploads\/logo-2.png?fit=643%2C328&ssl=1\",\"width\":643,\"height\":328,\"caption\":\"Teach Abroad Job Board and Resources\"},\"image\":{\"@id\":\"https:\/\/teachingjobboard.com\/#\/schema\/logo\/image\/\"}}]}<\/script>\n<!-- \/ Yoast SEO plugin. -->","yoast_head_json":{"title":"Medio Oriente - Bacheca di lavoro e risorse per insegnare all'estero","robots":{"index":"index","follow":"follow","max-snippet":"max-snippet:-1","max-image-preview":"max-image-preview:large","max-video-preview":"max-video-preview:-1"},"canonical":"https:\/\/teachingjobboard.com\/it\/il-medio-oriente\/","og_locale":"it_IT","og_type":"article","og_title":"\u0627\u0644\u0634\u0631\u0642 \u0627\u0644\u0623\u0648\u0633\u0637 - Teach Abroad Job Board and Resources","og_description":"\u0645\u0627 \u0627\u0644\u0630\u064a \u064a\u0645\u0643\u0646\u0643 \u0627\u0644\u0639\u062b\u0648\u0631 \u0639\u0644\u064a\u0647 \u0641\u064a \u0647\u0630\u0627 \u0627\u0644\u062f\u0644\u064a\u0644 \u0627\u0644\u0645\u0628\u0648\u0628\u061f \u0627\u0646\u0634\u0631 \u0648\u0638\u0627\u0626\u0641 \u0644\u0644\u0645\u0639\u0644\u0645\u064a\u0646 \u0648\u0627\u0644\u0645\u062f\u0631\u0633\u064a\u0646 \u0627\u0644\u0623\u062c\u0627\u0646\u0628 \u0641\u064a \u0627\u0644\u0634\u0631\u0642 \u0627\u0644\u0623\u0648\u0633\u0637 \u0647\u0630\u0627 \u0645\u0648\u0642\u0639 \u0644\u0644\u0648\u0638\u0627\u0626\u0641 \u0645\u062e\u0635\u0635 \u0644\u0644\u0645\u0639\u0644\u0645\u064a\u0646 \u0648\u0627\u0644\u0645\u062f\u0631\u0633\u064a\u0646 \u0627\u0644\u0623\u062c\u0627\u0646\u0628 \u0641\u064a \u0645\u062c\u0627\u0644 \u062a\u0639\u0644\u064a\u0645 \u0627\u0644\u0644\u063a\u0629 \u0627\u0644\u0625\u0646\u062c\u0644\u064a\u0632\u064a\u0629 \u0641\u064a [&hellip;]","og_url":"https:\/\/teachingjobboard.com\/it\/il-medio-oriente\/","og_site_name":"Teach Abroad Job Board and Resources","article_modified_time":"2025-07-06T01:54:45+00:00","twitter_card":"summary_large_image","twitter_misc":{"Tempo di lettura stimato":"4 minuti"},"schema":{"@context":"https:\/\/schema.org","@graph":[{"@type":"WebPage","@id":"https:\/\/teachingjobboard.com\/%d8%a7%d9%84%d8%b4%d8%b1%d9%82-%d8%a7%d9%84%d8%a3%d9%88%d8%b3%d8%b7\/","url":"https:\/\/teachingjobboard.com\/%d8%a7%d9%84%d8%b4%d8%b1%d9%82-%d8%a7%d9%84%d8%a3%d9%88%d8%b3%d8%b7\/","name":"Medio Oriente - Bacheca di lavoro e risorse per insegnare all'estero","isPartOf":{"@id":"https:\/\/teachingjobboard.com\/#website"},"datePublished":"2025-07-05T23:36:30+00:00","dateModified":"2025-07-06T01:54:45+00:00","breadcrumb":{"@id":"https:\/\/teachingjobboard.com\/%d8%a7%d9%84%d8%b4%d8%b1%d9%82-%d8%a7%d9%84%d8%a3%d9%88%d8%b3%d8%b7\/#breadcrumb"},"inLanguage":"it-IT","potentialAction":[{"@type":"ReadAction","target":["https:\/\/teachingjobboard.com\/%d8%a7%d9%84%d8%b4%d8%b1%d9%82-%d8%a7%d9%84%d8%a3%d9%88%d8%b3%d8%b7\/"]}]},{"@type":"BreadcrumbList","@id":"https:\/\/teachingjobboard.com\/%d8%a7%d9%84%d8%b4%d8%b1%d9%82-%d8%a7%d9%84%d8%a3%d9%88%d8%b3%d8%b7\/#breadcrumb","itemListElement":[{"@type":"ListItem","position":1,"name":"Home","item":"https:\/\/teachingjobboard.com\/"},{"@type":"ListItem","position":2,"name":"\u0627\u0644\u0634\u0631\u0642 \u0627\u0644\u0623\u0648\u0633\u0637"}]},{"@type":"WebSite","@id":"https:\/\/teachingjobboard.com\/#website","url":"https:\/\/teachingjobboard.com\/","name":"Bacheca di lavoro e risorse per insegnare all'estero","description":"","publisher":{"@id":"https:\/\/teachingjobboard.com\/#organization"},"potentialAction":[{"@type":"SearchAction","target":{"@type":"EntryPoint","urlTemplate":"https:\/\/teachingjobboard.com\/?s={search_term_string}"},"query-input":{"@type":"PropertyValueSpecification","valueRequired":true,"valueName":"search_term_string"}}],"inLanguage":"it-IT"},{"@type":"Organization","@id":"https:\/\/teachingjobboard.com\/#organization","name":"Bacheca di lavoro e risorse per insegnare all'estero","url":"https:\/\/teachingjobboard.com\/","logo":{"@type":"ImageObject","inLanguage":"it-IT","@id":"https:\/\/teachingjobboard.com\/#\/schema\/logo\/image\/","url":"https:\/\/i0.wp.com\/teachingjobboard.com\/wp-content\/uploads\/logo-2.png?fit=643%2C328&ssl=1","contentUrl":"https:\/\/i0.wp.com\/teachingjobboard.com\/wp-content\/uploads\/logo-2.png?fit=643%2C328&ssl=1","width":643,"height":328,"caption":"Teach Abroad Job Board and Resources"},"image":{"@id":"https:\/\/teachingjobboard.com\/#\/schema\/logo\/image\/"}}]}},"jetpack_sharing_enabled":true,"_links":{"self":[{"href":"https:\/\/teachingjobboard.com\/it\/wp-json\/wp\/v2\/pages\/4027","targetHints":{"allow":["GET"]}}],"collection":[{"href":"https:\/\/teachingjobboard.com\/it\/wp-json\/wp\/v2\/pages"}],"about":[{"href":"https:\/\/teachingjobboard.com\/it\/wp-json\/wp\/v2\/types\/page"}],"author":[{"embeddable":true,"href":"https:\/\/teachingjobboard.com\/it\/wp-json\/wp\/v2\/users\/2"}],"replies":[{"embeddable":true,"href":"https:\/\/teachingjobboard.com\/it\/wp-json\/wp\/v2\/comments?post=4027"}],"version-history":[{"count":2,"href":"https:\/\/teachingjobboard.com\/it\/wp-json\/wp\/v2\/pages\/4027\/revisions"}],"predecessor-version":[{"id":4032,"href":"https:\/\/teachingjobboard.com\/it\/wp-json\/wp\/v2\/pages\/4027\/revisions\/4032"}],"wp:attachment":[{"href":"https:\/\/teachingjobboard.com\/it\/wp-json\/wp\/v2\/media?parent=4027"}],"curies":[{"name":"wp","href":"https:\/\/api.w.org\/{rel}","templated":true}]}}