{"id":4027,"date":"2025-07-05T23:36:30","date_gmt":"2025-07-05T23:36:30","guid":{"rendered":"https:\/\/teachingjobboard.com\/staging\/?page_id=4027"},"modified":"2025-07-06T01:54:45","modified_gmt":"2025-07-06T01:54:45","slug":"orta-dogu","status":"publish","type":"page","link":"https:\/\/teachingjobboard.com\/tr\/orta-dogu\/","title":{"rendered":"Orta Do\u011fu"},"content":{"rendered":"<div lang=\"ar\">\n\n<p class=\"\"><strong>Bu kategorilere ayr\u0131lm\u0131\u015f rehberde neler bulabilirsiniz?<\/strong><\/p>\n\n\n\n<hr class=\"wp-block-separator has-alpha-channel-opacity\"\/>\n\n\n\n<h3 class=\"wp-block-heading\"><strong>Orta Do\u011fu'da yabanc\u0131 \u00f6\u011fretmenler ve e\u011fitmenler i\u00e7in i\u015f ilanlar\u0131 yay\u0131nlay\u0131n<\/strong><\/h3>\n\n\n\n<p class=\"\">Bu, Orta Do\u011fu'da \u0130ngilizce dil \u00f6\u011fretimi alan\u0131nda (\u00f6zel\/ev dersleri, bireysel veya k\u00fc\u00e7\u00fck grup e\u011fitimi) yabanc\u0131 \u00f6\u011fretmenlere ve e\u011fitmenlere, \u0130ngilizceyi \u0130kinci Dil (ESL), Yabanc\u0131 Dil (EFL) veya \u0130ngilizce \u00d6\u011frenenlere (ELL) Ek Dil (EAL) olarak \u00f6\u011fretmek i\u00e7in ayr\u0131lm\u0131\u015f bir i\u015f sitesidir.<\/p>\n\n\n\n<p class=\"\"><strong>\u0130\u015fverenler:<\/strong> Orta Do\u011fu'daki okullar, kurumlar ve istihdam ajanslar\u0131, \u015funlar\u0131 i\u00e7erir:<\/p>\n\n\n\n<ul class=\"wp-block-list\">\n<li class=\"\">Dil okullar\u0131 ve zenginle\u015ftirme merkezleri<\/li>\n\n\n\n<li class=\"\">Anaokullar\u0131 ve kre\u015fler<\/li>\n\n\n\n<li class=\"\">\u0130ki Dilli ve Uluslararas\u0131 Okullar<\/li>\n\n\n\n<li class=\"\">\u0130\u015fletmeler ve \u015firketler i\u00e7in \u0130ngilizce dil hizmeti sa\u011flay\u0131c\u0131lar\u0131<\/li>\n\n\n\n<li class=\"\">IELTS, TOEFL ve TOEIC s\u0131navlar\u0131na haz\u0131rl\u0131k merkezleri<\/li>\n\n\n\n<li class=\"\">\u00dcniversiteler<\/li>\n<\/ul>\n\n\n\n<p class=\"\"><strong>Adaylar:<\/strong> Ortado\u011fu ve yurtd\u0131\u015f\u0131ndan ba\u015fvuranlar:<\/p>\n\n\n\n<ul class=\"wp-block-list\">\n<li class=\"\">Ana dili \u0130ngilizce olan \u00f6\u011fretmenler<\/li>\n\n\n\n<li class=\"\">Ana dili \u0130ngilizce olanlara yak\u0131n seviyedeki \u00f6\u011fretmenler (CEFR C2, yeterlilik ve ak\u0131c\u0131l\u0131k)<\/li>\n\n\n\n<li class=\"\">Amerika Birle\u015fik Devletleri, Birle\u015fik Krall\u0131k (\u0130ngiltere), Kanada, Avustralya, Yeni Zelanda, G\u00fcney Afrika, \u0130rlanda, Filipinler ve di\u011fer \u00fclkelerden \u00f6\u011fretmenler<\/li>\n\n\n\n<li class=\"\">TEFL, TESOL, CELTA ve DELTA sertifikalar\u0131na sahip \u00f6\u011fretmenler<\/li>\n\n\n\n<li class=\"\">Kendi \u00fclkelerinde veya Orta Do\u011fu'da lisansl\u0131 ve akredite edilmi\u015f, mesleki yeterliliklere (PGCE\/QTS gibi) sahip \u00f6\u011fretmenler<\/li>\n\n\n\n<li class=\"\">\u00dcniversite mezunu (Lisans, Y\u00fcksek Lisans, Doktora) deneyimli \u00f6\u011fretmenler<\/li>\n<\/ul>\n\n\n\n<hr class=\"wp-block-separator has-alpha-channel-opacity\"\/>\n\n\n\n<h3 class=\"wp-block-heading\"><strong>Orta Do\u011fu'da yabanc\u0131 \u00f6\u011fretmenler i\u00e7in kiral\u0131k m\u00fclk ilanlar\u0131 yay\u0131nlay\u0131n<\/strong><\/h3>\n\n\n\n<p class=\"\">Bu web sitesi, emlak kiralama ilanlar\u0131na adanm\u0131\u015f olup, ev sahiplerinin, emlak y\u00f6neticilerinin ve kiralama acentelerinin Orta Do\u011fu'da y\u00fcksek kaliteli kiral\u0131k m\u00fclk arayan yabanc\u0131 \u00f6\u011fretmenlerle ba\u011flant\u0131 kurmas\u0131na yard\u0131mc\u0131 olmaktad\u0131r. \u0130ster e\u015fyal\u0131 ister e\u015fyas\u0131z bir daireniz olsun, buras\u0131 uzun vadeli (bir veya iki y\u0131ll\u0131k) veya k\u0131sa vadeli s\u00f6zle\u015fmeler arayan sorumlu kirac\u0131lara ula\u015fmak i\u00e7in m\u00fckemmel bir yerdir.<\/p>\n\n\n\n<p class=\"\"><strong>\u0130lan\u0131n\u0131z\u0131 neden buraya koymal\u0131s\u0131n\u0131z?<\/strong><\/p>\n\n\n\n<p class=\"\">Web sitemiz \u00f6zellikle Orta Do\u011fu'daki uluslararas\u0131 okullarda, \u00fcniversitelerde, dershanelerde ve dil \u00f6\u011frenme merkezlerinde \u00e7al\u0131\u015fan yabanc\u0131 \u00f6\u011fretmenlere odaklanmaktad\u0131r.<\/p>\n\n\n\n<p class=\"\"><strong>G\u00fcvenilir kirac\u0131lar:<\/strong> Yabanc\u0131 \u00f6\u011fretmenler profesyoneldir ve genellikle uzun vadeli s\u00f6zle\u015fmeleri tercih ederler.<\/p>\n\n\n\n<p class=\"\"><strong>Listelenen m\u00fclk t\u00fcrleri:<\/strong><\/p>\n\n\n\n<ul class=\"wp-block-list\">\n<li class=\"\">Tamamen mobilyal\u0131 daireler: T\u00fcm temel olanaklara sahip, ta\u015f\u0131nmaya haz\u0131r.<\/li>\n\n\n\n<li class=\"\">Uzun vadeli ve k\u0131sa vadeli kiralamalar: Gerekti\u011finde s\u00f6zle\u015fme ko\u015fullar\u0131nda esneklik.<\/li>\n<\/ul>\n\n\n\n<p class=\"\">Emlak\u0131n\u0131z\u0131 g\u00fcvenilir platformumuza kaydedin ve Orta Do\u011fu'daki yabanc\u0131 \u00f6\u011fretmenlerin dikkatini \u00e7ekmeye ba\u015flay\u0131n.<\/p>\n\n\n\n<hr class=\"wp-block-separator has-alpha-channel-opacity\"\/>\n\n\n\n<h3 class=\"wp-block-heading\"><strong>Yabanc\u0131lara Arap\u00e7a dersleri sunun: Orta Do\u011fu'daki gurbet\u00e7iler i\u00e7in en iyi Arap\u00e7a dersleri<\/strong><\/h3>\n\n\n\n<p class=\"\">Bu web sitesi, dil okullar\u0131n\u0131 ve \u00f6zel \u00f6\u011fretmenleri Arap\u00e7a \u00f6\u011frenmek isteyen yabanc\u0131larla bulu\u015fturuyor. Y\u00fcksek kaliteli dersler, ki\u015fiye \u00f6zel bire bir e\u011fitim veya k\u00fclt\u00fcrel entegrasyon programlar\u0131 sunuyorsan\u0131z, hizmetlerinizi tan\u0131tmak i\u00e7in m\u00fckemmel bir yer buras\u0131.<\/p>\n\n\n\n<p class=\"\"><strong>Hizmetlerinizi neden burada listelemelisiniz?<\/strong><\/p>\n\n\n\n<ul class=\"wp-block-list\">\n<li class=\"\"><strong>Hedef kitle:<\/strong> Arap\u00e7a \u00f6\u011frenmek isteyen Ortado\u011fu'daki yabanc\u0131larla ba\u011flant\u0131 kurun.<\/li>\n\n\n\n<li class=\"\"><strong>\u00c7e\u015fitli f\u0131rsatlar:<\/strong> Ba\u015flang\u0131\u00e7 \u200b\u200bseviyesinden ileri seviyeye, \u00e7ocuklardan yeti\u015fkinlere kadar her seviyeden \u00f6\u011frenciye hitap ediyoruz.<\/li>\n\n\n\n<li class=\"\"><strong>Daha geni\u015f bir bak\u0131\u015f a\u00e7\u0131s\u0131:<\/strong> Okulunuzu veya e\u011fitim hizmetlerinizi aktif uluslararas\u0131 bir kitleye g\u00f6r\u00fcn\u00fcr k\u0131l\u0131n.<\/li>\n<\/ul>\n\n\n\n<p class=\"\"><strong>Sundu\u011fumuz ders t\u00fcrleri:<\/strong><\/p>\n\n\n\n<ul class=\"wp-block-list\">\n<li class=\"\">Dil okullar\u0131: Sertifikal\u0131 \u00f6\u011fretmenlerle yap\u0131land\u0131r\u0131lm\u0131\u015f e\u011fitim programlar\u0131.<\/li>\n\n\n\n<li class=\"\">\u00d6zel \u00f6\u011fretmenler: Bireysel dersler veya k\u00fc\u00e7\u00fck, \u00f6zelle\u015ftirilmi\u015f gruplar i\u00e7in.<\/li>\n\n\n\n<li class=\"\">\u00c7evrimi\u00e7i veya y\u00fcz y\u00fcze dersler: Programlara ba\u011fl\u0131 olarak esnek se\u00e7enekler.<\/li>\n\n\n\n<li class=\"\">K\u00fclt\u00fcrel entegrasyon programlar\u0131: Yerel etkinlikler ve deneyimler yoluyla dili \u00f6\u011frenmek.<\/li>\n<\/ul>\n\n\n\n<p class=\"\">Arap\u00e7a derslerinizi \u015fimdi tan\u0131t\u0131n ve \u00f6\u011frencilerin Orta Do\u011fu'daki dil hedeflerine ula\u015fmalar\u0131na yard\u0131mc\u0131 olun.<\/p>\n\n\n\n<hr class=\"wp-block-separator has-alpha-channel-opacity\"\/>\n\n\n\n<h3 class=\"wp-block-heading\"><strong>Orta Do\u011fu'daki nitelikli yabanc\u0131 \u00f6\u011fretmenlerin \u00f6zge\u00e7mi\u015flerini g\u00f6r\u00fcnt\u00fcleyin<\/strong><\/h3>\n\n\n\n<p class=\"\">Orta Do\u011fu'da profesyonel yabanc\u0131 \u00f6\u011fretmenler arayan okullara, dil merkezlerine, enstit\u00fclere ve e\u011fitim kurumlar\u0131na \u00f6zel bir platform. \u0130ster \u0130ngilizce \u00f6\u011fretmenleri, ister di\u011fer alanlarda uzmanlar, ister m\u00fcfredat geli\u015ftiricileri ar\u0131yor olun, ihtiyac\u0131n\u0131z olan\u0131 burada bulacaks\u0131n\u0131z.<\/p>\n\n\n\n<p class=\"\"><strong>\u00d6zge\u00e7mi\u015f panomuzu neden kullanmal\u0131s\u0131n\u0131z?<\/strong><\/p>\n\n\n\n<ul class=\"wp-block-list\">\n<li class=\"\">Ortado\u011fu'da e\u011fitim sekt\u00f6r\u00fcnde \u00e7al\u0131\u015fmak isteyen \u00f6\u011fretmenlerin \u00f6zge\u00e7mi\u015flerini inceleyin.<\/li>\n\n\n\n<li class=\"\"><strong>Nitelikli ve deneyimli adaylar:<\/strong> Uluslararas\u0131 sertifikalar, \u00fcniversite diplomalar\u0131 ve ger\u00e7ek s\u0131n\u0131f deneyimi.<\/li>\n\n\n\n<li class=\"\"><strong>Daha h\u0131zl\u0131 i\u015fe al\u0131m:<\/strong> Okulunuzun ihtiya\u00e7lar\u0131na uygun adaylarla do\u011frudan ileti\u015fime ge\u00e7in.<\/li>\n<\/ul>\n\n\n\n<p class=\"\"><strong>Mevcut \u00f6\u011fretmen t\u00fcrleri:<\/strong><\/p>\n\n\n\n<ul class=\"wp-block-list\">\n<li class=\"\">\u0130ngilizce \u00f6\u011fretmenleri: TEFL, TESOL, CELTA, DELTA sertifikalar\u0131na sahip.<\/li>\n\n\n\n<li class=\"\">Okul \u00f6ncesi, ilkokul ve ortaokul \u00f6\u011fretmenleri.<\/li>\n\n\n\n<li class=\"\">Matematik, fen ve be\u015feri bilimler gibi konularda uzmanlar.<\/li>\n\n\n\n<li class=\"\">\u00dcniversite ve yeti\u015fkin e\u011fitimi \u00f6\u011fretmenleri: Y\u00fcksek\u00f6\u011fretim ve mesleki e\u011fitim uzmanlar\u0131.<\/li>\n<\/ul>\n\n\n\n<p class=\"\">Bug\u00fcn Orta Do\u011fu'daki kurulu\u015funuz i\u00e7in ideal \u00f6\u011fretmeni aramaya ba\u015flay\u0131n.<\/p>\n\n\n\n<hr class=\"wp-block-separator has-alpha-channel-opacity\"\/>\n\n\n\n<h3 class=\"wp-block-heading\"><strong>Orta Do\u011fu'da bireysel ve grup dersleri vermek \u00fczere ana dili \u0130ngilizce olan \u00f6\u011fretmenler ar\u0131yoruz<\/strong><\/h3>\n\n\n\n<p class=\"\">Dil e\u011fitimi, akademik destek veya \u00f6zel beceri e\u011fitimi i\u00e7in Orta Do\u011fu'da nitelikli \u00f6\u011fretmenler bulun. Sizin i\u00e7in do\u011fru \u00f6\u011fretmeni bulmak i\u00e7in m\u00fckemmel bir yer.<\/p>\n\n\n\n<p class=\"\"><strong>\u00d6\u011fretmen rehberimizi neden kullanmal\u0131s\u0131n\u0131z?<\/strong><\/p>\n\n\n\n<ul class=\"wp-block-list\">\n<li class=\"\"><strong>\u00c7e\u015fitli malzemeler:<\/strong> Konu\u015fmadan i\u015f \u0130ngilizcesine ve TOEFL, IELTS, TOEIC gibi s\u0131navlara haz\u0131rl\u0131klara kadar.<\/li>\n\n\n\n<li class=\"\"><strong>Esnek \u00f6\u011frenme se\u00e7enekleri:<\/strong> \u0130htiyac\u0131n\u0131za g\u00f6re bireysel veya grup dersleri.<\/li>\n\n\n\n<li class=\"\"><strong>Nitelikli \u00f6\u011fretmenler:<\/strong> Sertifikal\u0131 \u00f6\u011fretmenler, ana dili \u0130ngilizce olanlar ve alan\u0131nda uzman ki\u015filer.<\/li>\n<\/ul>\n\n\n\n<p class=\"\">Hedeflerinize kolayca ula\u015fman\u0131za yard\u0131mc\u0131 olacak profesyonel \u00f6\u011fretmenlerle e\u011fitim yolculu\u011funuza ba\u015flay\u0131n.<\/p>\n\n\n\n<hr class=\"wp-block-separator has-alpha-channel-opacity\"\/>\n\n\n\n<h3 class=\"wp-block-heading\"><strong>Orta Do\u011fu'daki yabanc\u0131lara profesyonel hizmetler sunmak<\/strong><\/h3>\n\n\n\n<p class=\"\">Orta Do\u011fu'da ya\u015fayan gurbet\u00e7ileri g\u00fcvenilir hizmet sa\u011flay\u0131c\u0131larla bulu\u015fturan bir platform. \u0130ster muhasebeci, ister avukat, ister doktor veya herhangi bir alanda \u00e7al\u0131\u015fan bir profesyonel olun, burada yeni m\u00fc\u015fterilere ula\u015fabilirsiniz.<\/p>\n\n\n\n<p class=\"\"><strong>Hizmet dizinimizi neden kullanmal\u0131s\u0131n\u0131z?<\/strong><\/p>\n\n\n\n<ul class=\"wp-block-list\">\n<li class=\"\"><strong>Gurbet\u00e7iler i\u00e7in tasarland\u0131:<\/strong> Ortado\u011fu'daki uluslararas\u0131 toplumun ihtiya\u00e7lar\u0131na g\u00f6re haz\u0131rlanm\u0131\u015f hizmetler.<\/li>\n\n\n\n<li class=\"\"><strong>\u00c7oklu deneyimler:<\/strong> Burada farkl\u0131 alanlardan uzmanlar hizmet sunabiliyor.<\/li>\n<\/ul>\n\n\n\n<p class=\"\"><strong>Mevcut hizmet t\u00fcrleri:<\/strong><\/p>\n\n\n\n<ul class=\"wp-block-list\">\n<li class=\"\">Sa\u011fl\u0131k hizmeti sa\u011flay\u0131c\u0131lar\u0131: \u0130ngilizce konu\u015fan doktorlar, di\u015f\u00e7iler, g\u00f6z doktorlar\u0131 ve di\u011ferleri.<\/li>\n\n\n\n<li class=\"\">Hukuki hizmetler: Vize, s\u00f6zle\u015fme, i\u015f hukuku ve ki\u015fisel konularda yard\u0131m.<\/li>\n\n\n\n<li class=\"\">Muhasebe ve Finans: Vergiler, Finansal Planlama, \u0130\u015fletme Muhasebesi.<\/li>\n\n\n\n<li class=\"\">Dan\u0131\u015fmanl\u0131k hizmetleri: \u015firket kurulu\u015fu, insan kaynaklar\u0131 \u00e7\u00f6z\u00fcmleri, pazara giri\u015f stratejileri.<\/li>\n<\/ul>\n\n\n\n<hr class=\"wp-block-separator has-alpha-channel-opacity\"\/>\n\n\n\n<h3 class=\"wp-block-heading\"><strong>Orta Do\u011fu'daki yabanc\u0131lara y\u00f6nelik topluluk etkinliklerinizi ve y\u00fcz y\u00fcze faaliyetlerinizi tan\u0131t\u0131n<\/strong><\/h3>\n\n\n\n<p class=\"\">Orta Do\u011fu'daki uluslararas\u0131 toplulukla ba\u011flant\u0131 kurmak isteyen organizat\u00f6rler ve topluluk liderleri i\u00e7in ideal bir platform. Sosyal etkinlikler, dil de\u011fi\u015fimleri, g\u00f6n\u00fcll\u00fcl\u00fck f\u0131rsatlar\u0131 veya profesyonel toplant\u0131lar d\u00fczenliyorsan\u0131z, buras\u0131 tam size g\u00f6re.<\/p>\n\n\n\n<p class=\"\"><strong>Etkinli\u011finizi veya grubunuzu neden burada tan\u0131t\u0131yorsunuz?<\/strong><\/p>\n\n\n\n<ul class=\"wp-block-list\">\n<li class=\"\"><strong>Uluslararas\u0131 izleyici kitlesi:<\/strong> Sosyal, k\u00fclt\u00fcrel ve mesleki faaliyetlere ilgi duyan yabanc\u0131larla ba\u011flant\u0131 kurun.<\/li>\n\n\n\n<li class=\"\"><strong>Artan kat\u0131l\u0131m:<\/strong> Daha fazla kat\u0131l\u0131mc\u0131 \u00e7ekin ve aktif bir toplulu\u011fun par\u00e7as\u0131 olun.<\/li>\n\n\n\n<li class=\"\"><strong>Daha geni\u015f bir bak\u0131\u015f a\u00e7\u0131s\u0131:<\/strong> Grubunuzu veya etkinli\u011finizi Orta Do\u011fu'da daha geni\u015f kitlelere duyurun.<\/li>\n<\/ul>\n\n\n\n<p class=\"\"><strong>Tan\u0131tabilece\u011finiz etkinlik ve grup t\u00fcrleri:<\/strong><\/p>\n\n\n\n<ul class=\"wp-block-list\">\n<li class=\"\">Dil de\u011fi\u015fimi: Dil \u00f6\u011frenimi yoluyla k\u00fclt\u00fcrel ileti\u015fimin te\u015fvik edilmesi.<\/li>\n\n\n\n<li class=\"\">Sosyal toplant\u0131lar: partiler, ak\u015fam yemekleri, resmi olmayan toplant\u0131lar.<\/li>\n\n\n\n<li class=\"\">Profesyonel a\u011flar: Sekt\u00f6r etkinlikleri ve profesyonel geli\u015fim toplant\u0131lar\u0131.<\/li>\n\n\n\n<li class=\"\">Spor kul\u00fcpleri: ko\u015fu gruplar\u0131, yoga dersleri ve di\u011fer grup aktiviteleri.<\/li>\n<\/ul>\n\n\n\n<p class=\"\">Faaliyetlerinizi hemen tan\u0131tmaya ba\u015flay\u0131n ve Orta Do\u011fu'da ikamet eden yabanc\u0131lardan olu\u015fan yeni bir kitleye ula\u015f\u0131n.<\/p>\n\n<\/div>","protected":false},"excerpt":{"rendered":"<p>\u0645\u0627 \u0627\u0644\u0630\u064a \u064a\u0645\u0643\u0646\u0643 \u0627\u0644\u0639\u062b\u0648\u0631 \u0639\u0644\u064a\u0647 \u0641\u064a \u0647\u0630\u0627 \u0627\u0644\u062f\u0644\u064a\u0644 \u0627\u0644\u0645\u0628\u0648\u0628\u061f \u0627\u0646\u0634\u0631 \u0648\u0638\u0627\u0626\u0641 \u0644\u0644\u0645\u0639\u0644\u0645\u064a\u0646 \u0648\u0627\u0644\u0645\u062f\u0631\u0633\u064a\u0646 \u0627\u0644\u0623\u062c\u0627\u0646\u0628 \u0641\u064a \u0627\u0644\u0634\u0631\u0642 \u0627\u0644\u0623\u0648\u0633\u0637 \u0647\u0630\u0627 \u0645\u0648\u0642\u0639 \u0644\u0644\u0648\u0638\u0627\u0626\u0641 \u0645\u062e\u0635\u0635 \u0644\u0644\u0645\u0639\u0644\u0645\u064a\u0646 \u0648\u0627\u0644\u0645\u062f\u0631\u0633\u064a\u0646 \u0627\u0644\u0623\u062c\u0627\u0646\u0628 \u0641\u064a \u0645\u062c\u0627\u0644 \u062a\u0639\u0644\u064a\u0645 \u0627\u0644\u0644\u063a\u0629 \u0627\u0644\u0625\u0646\u062c\u0644\u064a\u0632\u064a\u0629 \u0641\u064a [&hellip;]<\/p>","protected":false},"author":2,"featured_media":0,"parent":0,"menu_order":0,"comment_status":"closed","ping_status":"closed","template":"","meta":{"nf_dc_page":"","footnotes":""},"class_list":["post-4027","page","type-page","status-publish","hentry"],"yoast_head":"<!-- This site is optimized with the Yoast SEO plugin v26.9 - https:\/\/yoast.com\/product\/yoast-seo-wordpress\/ -->\n<title>\u0627\u0644\u0634\u0631\u0642 \u0627\u0644\u0623\u0648\u0633\u0637 - Teach Abroad Job Board and Resources<\/title>\n<meta name=\"robots\" content=\"index, follow, max-snippet:-1, max-image-preview:large, max-video-preview:-1\" \/>\n<link rel=\"canonical\" href=\"https:\/\/teachingjobboard.com\/tr\/orta-dogu\/\" \/>\n<meta property=\"og:locale\" content=\"tr_TR\" \/>\n<meta property=\"og:type\" content=\"article\" \/>\n<meta property=\"og:title\" content=\"\u0627\u0644\u0634\u0631\u0642 \u0627\u0644\u0623\u0648\u0633\u0637 - Teach Abroad Job Board and Resources\" \/>\n<meta property=\"og:description\" content=\"\u0645\u0627 \u0627\u0644\u0630\u064a \u064a\u0645\u0643\u0646\u0643 \u0627\u0644\u0639\u062b\u0648\u0631 \u0639\u0644\u064a\u0647 \u0641\u064a \u0647\u0630\u0627 \u0627\u0644\u062f\u0644\u064a\u0644 \u0627\u0644\u0645\u0628\u0648\u0628\u061f \u0627\u0646\u0634\u0631 \u0648\u0638\u0627\u0626\u0641 \u0644\u0644\u0645\u0639\u0644\u0645\u064a\u0646 \u0648\u0627\u0644\u0645\u062f\u0631\u0633\u064a\u0646 \u0627\u0644\u0623\u062c\u0627\u0646\u0628 \u0641\u064a \u0627\u0644\u0634\u0631\u0642 \u0627\u0644\u0623\u0648\u0633\u0637 \u0647\u0630\u0627 \u0645\u0648\u0642\u0639 \u0644\u0644\u0648\u0638\u0627\u0626\u0641 \u0645\u062e\u0635\u0635 \u0644\u0644\u0645\u0639\u0644\u0645\u064a\u0646 \u0648\u0627\u0644\u0645\u062f\u0631\u0633\u064a\u0646 \u0627\u0644\u0623\u062c\u0627\u0646\u0628 \u0641\u064a \u0645\u062c\u0627\u0644 \u062a\u0639\u0644\u064a\u0645 \u0627\u0644\u0644\u063a\u0629 \u0627\u0644\u0625\u0646\u062c\u0644\u064a\u0632\u064a\u0629 \u0641\u064a [&hellip;]\" \/>\n<meta property=\"og:url\" content=\"https:\/\/teachingjobboard.com\/tr\/orta-dogu\/\" \/>\n<meta property=\"og:site_name\" content=\"Teach Abroad Job Board and Resources\" \/>\n<meta property=\"article:modified_time\" content=\"2025-07-06T01:54:45+00:00\" \/>\n<meta name=\"twitter:card\" content=\"summary_large_image\" \/>\n<meta name=\"twitter:label1\" content=\"Tahmini okuma s\u00fcresi\" \/>\n\t<meta name=\"twitter:data1\" content=\"4 dakika\" \/>\n<script type=\"application\/ld+json\" class=\"yoast-schema-graph\">{\"@context\":\"https:\/\/schema.org\",\"@graph\":[{\"@type\":\"WebPage\",\"@id\":\"https:\/\/teachingjobboard.com\/%d8%a7%d9%84%d8%b4%d8%b1%d9%82-%d8%a7%d9%84%d8%a3%d9%88%d8%b3%d8%b7\/\",\"url\":\"https:\/\/teachingjobboard.com\/%d8%a7%d9%84%d8%b4%d8%b1%d9%82-%d8%a7%d9%84%d8%a3%d9%88%d8%b3%d8%b7\/\",\"name\":\"\u0627\u0644\u0634\u0631\u0642 \u0627\u0644\u0623\u0648\u0633\u0637 - Teach Abroad Job Board and Resources\",\"isPartOf\":{\"@id\":\"https:\/\/teachingjobboard.com\/#website\"},\"datePublished\":\"2025-07-05T23:36:30+00:00\",\"dateModified\":\"2025-07-06T01:54:45+00:00\",\"breadcrumb\":{\"@id\":\"https:\/\/teachingjobboard.com\/%d8%a7%d9%84%d8%b4%d8%b1%d9%82-%d8%a7%d9%84%d8%a3%d9%88%d8%b3%d8%b7\/#breadcrumb\"},\"inLanguage\":\"tr\",\"potentialAction\":[{\"@type\":\"ReadAction\",\"target\":[\"https:\/\/teachingjobboard.com\/%d8%a7%d9%84%d8%b4%d8%b1%d9%82-%d8%a7%d9%84%d8%a3%d9%88%d8%b3%d8%b7\/\"]}]},{\"@type\":\"BreadcrumbList\",\"@id\":\"https:\/\/teachingjobboard.com\/%d8%a7%d9%84%d8%b4%d8%b1%d9%82-%d8%a7%d9%84%d8%a3%d9%88%d8%b3%d8%b7\/#breadcrumb\",\"itemListElement\":[{\"@type\":\"ListItem\",\"position\":1,\"name\":\"Home\",\"item\":\"https:\/\/teachingjobboard.com\/\"},{\"@type\":\"ListItem\",\"position\":2,\"name\":\"\u0627\u0644\u0634\u0631\u0642 \u0627\u0644\u0623\u0648\u0633\u0637\"}]},{\"@type\":\"WebSite\",\"@id\":\"https:\/\/teachingjobboard.com\/#website\",\"url\":\"https:\/\/teachingjobboard.com\/\",\"name\":\"Teach Abroad Job Board and Resources\",\"description\":\"\",\"publisher\":{\"@id\":\"https:\/\/teachingjobboard.com\/#organization\"},\"potentialAction\":[{\"@type\":\"SearchAction\",\"target\":{\"@type\":\"EntryPoint\",\"urlTemplate\":\"https:\/\/teachingjobboard.com\/?s={search_term_string}\"},\"query-input\":{\"@type\":\"PropertyValueSpecification\",\"valueRequired\":true,\"valueName\":\"search_term_string\"}}],\"inLanguage\":\"tr\"},{\"@type\":\"Organization\",\"@id\":\"https:\/\/teachingjobboard.com\/#organization\",\"name\":\"Teach Abroad Job Board and Resources\",\"url\":\"https:\/\/teachingjobboard.com\/\",\"logo\":{\"@type\":\"ImageObject\",\"inLanguage\":\"tr\",\"@id\":\"https:\/\/teachingjobboard.com\/#\/schema\/logo\/image\/\",\"url\":\"https:\/\/i0.wp.com\/teachingjobboard.com\/wp-content\/uploads\/logo-2.png?fit=643%2C328&ssl=1\",\"contentUrl\":\"https:\/\/i0.wp.com\/teachingjobboard.com\/wp-content\/uploads\/logo-2.png?fit=643%2C328&ssl=1\",\"width\":643,\"height\":328,\"caption\":\"Teach Abroad Job Board and Resources\"},\"image\":{\"@id\":\"https:\/\/teachingjobboard.com\/#\/schema\/logo\/image\/\"}}]}<\/script>\n<!-- \/ Yoast SEO plugin. -->","yoast_head_json":{"title":"Orta Do\u011fu - Yurtd\u0131\u015f\u0131nda \u00d6\u011fretmenlik \u0130\u015f \u0130lanlar\u0131 ve Kaynaklar\u0131","robots":{"index":"index","follow":"follow","max-snippet":"max-snippet:-1","max-image-preview":"max-image-preview:large","max-video-preview":"max-video-preview:-1"},"canonical":"https:\/\/teachingjobboard.com\/tr\/orta-dogu\/","og_locale":"tr_TR","og_type":"article","og_title":"\u0627\u0644\u0634\u0631\u0642 \u0627\u0644\u0623\u0648\u0633\u0637 - Teach Abroad Job Board and Resources","og_description":"\u0645\u0627 \u0627\u0644\u0630\u064a \u064a\u0645\u0643\u0646\u0643 \u0627\u0644\u0639\u062b\u0648\u0631 \u0639\u0644\u064a\u0647 \u0641\u064a \u0647\u0630\u0627 \u0627\u0644\u062f\u0644\u064a\u0644 \u0627\u0644\u0645\u0628\u0648\u0628\u061f \u0627\u0646\u0634\u0631 \u0648\u0638\u0627\u0626\u0641 \u0644\u0644\u0645\u0639\u0644\u0645\u064a\u0646 \u0648\u0627\u0644\u0645\u062f\u0631\u0633\u064a\u0646 \u0627\u0644\u0623\u062c\u0627\u0646\u0628 \u0641\u064a \u0627\u0644\u0634\u0631\u0642 \u0627\u0644\u0623\u0648\u0633\u0637 \u0647\u0630\u0627 \u0645\u0648\u0642\u0639 \u0644\u0644\u0648\u0638\u0627\u0626\u0641 \u0645\u062e\u0635\u0635 \u0644\u0644\u0645\u0639\u0644\u0645\u064a\u0646 \u0648\u0627\u0644\u0645\u062f\u0631\u0633\u064a\u0646 \u0627\u0644\u0623\u062c\u0627\u0646\u0628 \u0641\u064a \u0645\u062c\u0627\u0644 \u062a\u0639\u0644\u064a\u0645 \u0627\u0644\u0644\u063a\u0629 \u0627\u0644\u0625\u0646\u062c\u0644\u064a\u0632\u064a\u0629 \u0641\u064a [&hellip;]","og_url":"https:\/\/teachingjobboard.com\/tr\/orta-dogu\/","og_site_name":"Teach Abroad Job Board and Resources","article_modified_time":"2025-07-06T01:54:45+00:00","twitter_card":"summary_large_image","twitter_misc":{"Tahmini okuma s\u00fcresi":"4 dakika"},"schema":{"@context":"https:\/\/schema.org","@graph":[{"@type":"WebPage","@id":"https:\/\/teachingjobboard.com\/%d8%a7%d9%84%d8%b4%d8%b1%d9%82-%d8%a7%d9%84%d8%a3%d9%88%d8%b3%d8%b7\/","url":"https:\/\/teachingjobboard.com\/%d8%a7%d9%84%d8%b4%d8%b1%d9%82-%d8%a7%d9%84%d8%a3%d9%88%d8%b3%d8%b7\/","name":"Orta Do\u011fu - Yurtd\u0131\u015f\u0131nda \u00d6\u011fretmenlik \u0130\u015f \u0130lanlar\u0131 ve Kaynaklar\u0131","isPartOf":{"@id":"https:\/\/teachingjobboard.com\/#website"},"datePublished":"2025-07-05T23:36:30+00:00","dateModified":"2025-07-06T01:54:45+00:00","breadcrumb":{"@id":"https:\/\/teachingjobboard.com\/%d8%a7%d9%84%d8%b4%d8%b1%d9%82-%d8%a7%d9%84%d8%a3%d9%88%d8%b3%d8%b7\/#breadcrumb"},"inLanguage":"tr","potentialAction":[{"@type":"ReadAction","target":["https:\/\/teachingjobboard.com\/%d8%a7%d9%84%d8%b4%d8%b1%d9%82-%d8%a7%d9%84%d8%a3%d9%88%d8%b3%d8%b7\/"]}]},{"@type":"BreadcrumbList","@id":"https:\/\/teachingjobboard.com\/%d8%a7%d9%84%d8%b4%d8%b1%d9%82-%d8%a7%d9%84%d8%a3%d9%88%d8%b3%d8%b7\/#breadcrumb","itemListElement":[{"@type":"ListItem","position":1,"name":"Home","item":"https:\/\/teachingjobboard.com\/"},{"@type":"ListItem","position":2,"name":"\u0627\u0644\u0634\u0631\u0642 \u0627\u0644\u0623\u0648\u0633\u0637"}]},{"@type":"WebSite","@id":"https:\/\/teachingjobboard.com\/#website","url":"https:\/\/teachingjobboard.com\/","name":"Yurt D\u0131\u015f\u0131nda \u00d6\u011fretmenlik \u0130\u015f \u0130lanlar\u0131 ve Kaynaklar\u0131","description":"","publisher":{"@id":"https:\/\/teachingjobboard.com\/#organization"},"potentialAction":[{"@type":"SearchAction","target":{"@type":"EntryPoint","urlTemplate":"https:\/\/teachingjobboard.com\/?s={search_term_string}"},"query-input":{"@type":"PropertyValueSpecification","valueRequired":true,"valueName":"search_term_string"}}],"inLanguage":"tr"},{"@type":"Organization","@id":"https:\/\/teachingjobboard.com\/#organization","name":"Yurt D\u0131\u015f\u0131nda \u00d6\u011fretmenlik \u0130\u015f \u0130lanlar\u0131 ve Kaynaklar\u0131","url":"https:\/\/teachingjobboard.com\/","logo":{"@type":"ImageObject","inLanguage":"tr","@id":"https:\/\/teachingjobboard.com\/#\/schema\/logo\/image\/","url":"https:\/\/i0.wp.com\/teachingjobboard.com\/wp-content\/uploads\/logo-2.png?fit=643%2C328&ssl=1","contentUrl":"https:\/\/i0.wp.com\/teachingjobboard.com\/wp-content\/uploads\/logo-2.png?fit=643%2C328&ssl=1","width":643,"height":328,"caption":"Teach Abroad Job Board and Resources"},"image":{"@id":"https:\/\/teachingjobboard.com\/#\/schema\/logo\/image\/"}}]}},"jetpack_sharing_enabled":true,"_links":{"self":[{"href":"https:\/\/teachingjobboard.com\/tr\/wp-json\/wp\/v2\/pages\/4027","targetHints":{"allow":["GET"]}}],"collection":[{"href":"https:\/\/teachingjobboard.com\/tr\/wp-json\/wp\/v2\/pages"}],"about":[{"href":"https:\/\/teachingjobboard.com\/tr\/wp-json\/wp\/v2\/types\/page"}],"author":[{"embeddable":true,"href":"https:\/\/teachingjobboard.com\/tr\/wp-json\/wp\/v2\/users\/2"}],"replies":[{"embeddable":true,"href":"https:\/\/teachingjobboard.com\/tr\/wp-json\/wp\/v2\/comments?post=4027"}],"version-history":[{"count":2,"href":"https:\/\/teachingjobboard.com\/tr\/wp-json\/wp\/v2\/pages\/4027\/revisions"}],"predecessor-version":[{"id":4032,"href":"https:\/\/teachingjobboard.com\/tr\/wp-json\/wp\/v2\/pages\/4027\/revisions\/4032"}],"wp:attachment":[{"href":"https:\/\/teachingjobboard.com\/tr\/wp-json\/wp\/v2\/media?parent=4027"}],"curies":[{"name":"wp","href":"https:\/\/api.w.org\/{rel}","templated":true}]}}