{"id":4029,"date":"2025-07-06T01:42:35","date_gmt":"2025-07-06T01:42:35","guid":{"rendered":"https:\/\/teachingjobboard.com\/staging\/?page_id=4029"},"modified":"2025-07-06T01:52:50","modified_gmt":"2025-07-06T01:52:50","slug":"america-latina","status":"publish","type":"page","link":"https:\/\/teachingjobboard.com\/tr\/america-latina\/","title":{"rendered":"Latin Amerika"},"content":{"rendered":"<div lang=\"es\">\n\n<p class=\"\"><strong>Bu ilanlar dizininde neler bulabilirsiniz?<\/strong><\/p>\n\n\n\n<hr class=\"wp-block-separator has-alpha-channel-opacity\"\/>\n\n\n\n<h3 class=\"wp-block-heading\"><strong>Latin Amerika'da yabanc\u0131 \u00f6\u011fretmenler ve \u00f6zel ders \u00f6\u011fretmenleri i\u00e7in i\u015f ilanlar\u0131 yay\u0131nl\u0131yor<\/strong><\/h3>\n\n\n\n<p class=\"\">Latin Amerika'da yabanc\u0131 \u0130ngilizce \u00f6\u011fretmenleri ve \u00f6zel ders \u00f6\u011fretmenleri (\u00f6zel\/evde, bireysel ve grup dersleri) i\u00e7in bir i\u015f ilan\u0131 panosudur. \u0130ngilizce \u00f6\u011frenenlere (ELL'ler) \u0130kinci Dil Olarak \u0130ngilizce (ESL), Yabanc\u0131 Dil Olarak \u0130ngilizce (EFL) ve Ek Dil Olarak \u0130ngilizce (EAL) \u00f6\u011fretmeye odaklan\u0131r.<\/p>\n\n\n\n<p class=\"\"><strong>\u0130\u015fverenler:<\/strong> Latin Amerika'daki okullar, kurumlar ve i\u015fe al\u0131mc\u0131lar, \u015funlar\u0131 i\u00e7erir:<\/p>\n\n\n\n<ul class=\"wp-block-list\">\n<li class=\"\">Dil okullar\u0131 ve akademik destek merkezleri<\/li>\n\n\n\n<li class=\"\">Anaokullar\u0131 ve okul \u00f6ncesi e\u011fitim kurumlar\u0131<\/li>\n\n\n\n<li class=\"\">\u0130ki dilli ve uluslararas\u0131 okullar<\/li>\n\n\n\n<li class=\"\">Kurumsal i\u015f \u0130ngilizcesi sa\u011flay\u0131c\u0131lar\u0131<\/li>\n\n\n\n<li class=\"\">IELTS, TOEFL ve TOEIC s\u0131nav haz\u0131rl\u0131k merkezleri<\/li>\n\n\n\n<li class=\"\">\u00dcniversiteler<\/li>\n<\/ul>\n\n\n\n<p class=\"\"><strong>Adaylar:<\/strong> Latin Amerika ve yurtd\u0131\u015f\u0131ndaki ba\u015fvuru sahipleri:<\/p>\n\n\n\n<ul class=\"wp-block-list\">\n<li class=\"\">Ana dili \u0130ngilizce olan \u00f6\u011fretmenler ve \u00f6zel ders \u00f6\u011fretmenleri<\/li>\n\n\n\n<li class=\"\">Anadili seviyesine yak\u0131n (CEFR C2, ak\u0131c\u0131 ve yeterli) \u00f6\u011fretmenler ve e\u011fitmenler<\/li>\n\n\n\n<li class=\"\">Amerika Birle\u015fik Devletleri, Birle\u015fik Krall\u0131k (\u0130ngiltere), Kanada, Avustralya, Yeni Zelanda, G\u00fcney Afrika, \u0130rlanda, Filipinler ve di\u011fer b\u00f6lgelerden \u00f6\u011fretmenler<\/li>\n\n\n\n<li class=\"\">TEFL, TESOL, CELTA veya DELTA sertifikal\u0131 \u00f6\u011fretmenler<\/li>\n\n\n\n<li class=\"\">Men\u015fe \u00fclkelerinde veya Latin Amerika'da lisansl\u0131, resmi yeterliliklere (PGCE\/QTS) sahip profesyoneller<\/li>\n\n\n\n<li class=\"\">Deneyimli ve \u00fcniversite mezunu (Lisans, Y\u00fcksek Lisans, Doktora) profes\u00f6rler<\/li>\n<\/ul>\n\n\n\n<hr class=\"wp-block-separator has-alpha-channel-opacity\"\/>\n\n\n\n<h3 class=\"wp-block-heading\"><strong>Latin Amerika'da yabanc\u0131 \u00f6\u011fretmenler i\u00e7in kiral\u0131k ilanlar yay\u0131nlay\u0131n<\/strong><\/h3>\n\n\n\n<p class=\"\">Bu, ev sahiplerini, emlak y\u00f6neticilerini ve emlak\u00e7\u0131lar\u0131 Latin Amerika'da kaliteli konaklama arayan uluslararas\u0131 e\u011fitmenlerle bulu\u015fturmaya adanm\u0131\u015f bir emlak kiralama ilan sitesidir. E\u015fyal\u0131 veya e\u015fyas\u0131z bir daireniz veya eviniz varsa, buras\u0131 sorumlu uzun vadeli (bir veya iki y\u0131ll\u0131k) veya k\u0131sa vadeli kirac\u0131lar\u0131 \u00e7ekmek i\u00e7in ideal bir yerdir.<\/p>\n\n\n\n<p class=\"\"><strong>Neden m\u00fclk\u00fcn\u00fcz\u00fc burada listelemelisiniz?<\/strong><\/p>\n\n\n\n<p class=\"\">Platformumuz \u00f6zellikle Latin Amerika'daki uluslararas\u0131 okullarda, \u00fcniversitelerde, akademilerde ve dil merkezlerinde \u00e7al\u0131\u015fan yabanc\u0131 \u00f6\u011fretmenlere odaklanmaktad\u0131r.<\/p>\n\n\n\n<p class=\"\"><strong>Kaliteli kirac\u0131lar:<\/strong> Yabanc\u0131 \u00f6\u011fretmenler genellikle istikrarl\u0131 s\u00f6zle\u015fmelerle ilgilenen sorumluluk sahibi profesyonellerdir.<\/p>\n\n\n\n<p class=\"\"><strong>\u00d6ne \u00e7\u0131kan emlak tipleri:<\/strong><\/p>\n\n\n\n<ul class=\"wp-block-list\">\n<li class=\"\">Tamamen mobilyal\u0131 daireler: Ta\u015f\u0131nmaya haz\u0131r, t\u00fcm temel hizmetlerle birlikte.<\/li>\n\n\n\n<li class=\"\">K\u0131sa ve uzun d\u00f6nem kiralamalar: ihtiya\u00e7lar\u0131n\u0131za g\u00f6re esnek ko\u015fullar.<\/li>\n<\/ul>\n\n\n\n<p class=\"\">Emlak\u0131n\u0131z\u0131 g\u00fcvenilir platformumuza kaydedin ve Latin Amerika'daki uluslararas\u0131 \u00f6\u011fretmenlerden ba\u015fvuru almaya ba\u015flay\u0131n.<\/p>\n\n\n\n<hr class=\"wp-block-separator has-alpha-channel-opacity\"\/>\n\n\n\n<h3 class=\"wp-block-heading\"><strong>Yabanc\u0131lar i\u00e7in \u0130spanyolca dersleri sunar: Latin Amerika'daki en iyi \u0130spanyolca dersleri ve kurslar\u0131<\/strong><\/h3>\n\n\n\n<p class=\"\">Bu site, dil okullar\u0131n\u0131 ve \u00f6zel \u00f6\u011fretmenleri \u0130spanyolca \u00f6\u011frenmek isteyen yabanc\u0131larla bulu\u015fturuyor. Y\u00fcksek kaliteli dersler, ki\u015fiye \u00f6zel e\u011fitim veya k\u00fclt\u00fcrel etkile\u015fim programlar\u0131 sunuyorsan\u0131z, hizmetlerinizi tan\u0131tmak i\u00e7in ideal bir platform.<\/p>\n\n\n\n<p class=\"\"><strong>Neden hizmetlerinizi burada sunuyorsunuz?<\/strong><\/p>\n\n\n\n<ul class=\"wp-block-list\">\n<li class=\"\"><strong>Hedef kitle:<\/strong> Latin Amerika'da ikamet eden ve aktif olarak \u0130spanyolca dersleri arayan yabanc\u0131lara ula\u015f\u0131yor.<\/li>\n\n\n\n<li class=\"\"><strong>\u00c7e\u015fitli f\u0131rsatlar:<\/strong> Ba\u015flang\u0131\u00e7 \u200b\u200bseviyesinden ileri seviyeye, hem yeti\u015fkinlere hem de \u00e7ocuklara kadar her seviyeden \u00f6\u011frenciye hitap ediyor.<\/li>\n\n\n\n<li class=\"\"><strong>Daha fazla g\u00f6r\u00fcn\u00fcrl\u00fck:<\/strong> Okulunuzu veya \u00f6zel ders hizmetlerinizi motive olmu\u015f uluslararas\u0131 bir kitleye tan\u0131t\u0131n.<\/li>\n<\/ul>\n\n\n\n<p class=\"\"><strong>Destekledi\u011fimiz ders t\u00fcrleri:<\/strong><\/p>\n\n\n\n<ul class=\"wp-block-list\">\n<li class=\"\">Dil okullar\u0131: Sertifikal\u0131 \u00f6\u011fretmenlerle yap\u0131land\u0131r\u0131lm\u0131\u015f programlar.<\/li>\n\n\n\n<li class=\"\">\u00d6zel \u00f6\u011fretmenler: Ki\u015fiye \u00f6zel dersler, bireysel veya k\u00fc\u00e7\u00fck gruplar halinde.<\/li>\n\n\n\n<li class=\"\">Y\u00fcz y\u00fcze ve \u00e7evrimi\u00e7i dersler: farkl\u0131 programlara uyarlanm\u0131\u015f esnek se\u00e7enekler.<\/li>\n\n\n\n<li class=\"\">K\u00fclt\u00fcrel dalma programlar\u0131: Dil \u00f6\u011frenimini yerel aktivitelerle birle\u015ftirin.<\/li>\n<\/ul>\n\n\n\n<p class=\"\">\u0130spanyolca derslerinizi tan\u0131t\u0131n ve uluslararas\u0131 \u00f6\u011frencilerin Latin Amerika'daki dil hedeflerine ula\u015fmalar\u0131na yard\u0131mc\u0131 olun.<\/p>\n\n\n\n<hr class=\"wp-block-separator has-alpha-channel-opacity\"\/>\n\n\n\n<h3 class=\"wp-block-heading\"><strong>Latin Amerika'daki nitelikli yabanc\u0131 \u00f6\u011fretmenlerin \u00f6zge\u00e7mi\u015flerini g\u00f6r\u00fcnt\u00fcleyin<\/strong><\/h3>\n\n\n\n<p class=\"\">Bu platform, Latin Amerika'da profesyonel yabanc\u0131 \u00f6\u011fretmenler arayan okullar, dil merkezleri, akademiler ve e\u011fitim kurumlar\u0131 i\u00e7in tasarlanm\u0131\u015ft\u0131r. \u0130ngilizce \u00f6\u011fretmenleri, alan uzmanlar\u0131, deneyimli e\u011fitimciler veya m\u00fcfredat geli\u015ftiricileri ar\u0131yorsan\u0131z, ihtiyac\u0131n\u0131z olan yetene\u011fi burada bulacaks\u0131n\u0131z.<\/p>\n\n\n\n<p class=\"\"><strong>\u00d6zge\u00e7mi\u015f panomuzu neden kullanmal\u0131s\u0131n\u0131z?<\/strong><\/p>\n\n\n\n<ul class=\"wp-block-list\">\n<li class=\"\">Latin Amerika'daki e\u011fitim sekt\u00f6r\u00fcnde \u00e7al\u0131\u015fmakla ilgilenen \u00f6\u011fretmenlerin profillerini ke\u015ffedin.<\/li>\n\n\n\n<li class=\"\"><strong>Nitelikli ve deneyimli adaylar:<\/strong> uluslararas\u0131 dereceler, sertifikalar, ger\u00e7ek s\u0131n\u0131f deneyimi.<\/li>\n\n\n\n<li class=\"\"><strong>Daha h\u0131zl\u0131 i\u015fe al\u0131m:<\/strong> Kurumunuzun ihtiya\u00e7lar\u0131na uygun adaylarla kolayca ba\u011flant\u0131 kurun.<\/li>\n<\/ul>\n\n\n\n<p class=\"\"><strong>Mevcut \u00f6\u011fretmen t\u00fcrleri:<\/strong><\/p>\n\n\n\n<ul class=\"wp-block-list\">\n<li class=\"\">TEFL, TESOL, CELTA veya DELTA sertifikalar\u0131na sahip \u0130ngilizce \u00f6\u011fretmenleri<\/li>\n\n\n\n<li class=\"\">Erken \u00e7ocukluk, ilkokul ve ortaokul d\u00fczeyinde e\u011fitimciler<\/li>\n\n\n\n<li class=\"\">Matematik, fen ve be\u015feri bilimler gibi konularda uzmanlar<\/li>\n\n\n\n<li class=\"\">\u00dcniversiteler ve yeti\u015fkin e\u011fitimi i\u00e7in e\u011fitmenler<\/li>\n<\/ul>\n\n\n\n<p class=\"\">Bug\u00fcn Latin Amerika'daki kurumunuz i\u00e7in ideal \u00f6\u011fretmeni bulun.<\/p>\n\n\n\n<hr class=\"wp-block-separator has-alpha-channel-opacity\"\/>\n\n\n\n<h3 class=\"wp-block-heading\"><strong>Latin Amerika'da bireysel ve grup dersleri i\u00e7in ana dili \u0130ngilizce olan \u00f6\u011fretmenler bulun<\/strong><\/h3>\n\n\n\n<p class=\"\">Latin Amerika'da dil dersleri, akademik destek veya belirli becerilerde e\u011fitim i\u00e7in nitelikli e\u011fitmenler bulun. Bu platform, ihtiya\u00e7lar\u0131n\u0131za uygun ideal e\u011fitmenle ba\u011flant\u0131 kurman\u0131z i\u00e7in m\u00fckemmeldir.<\/p>\n\n\n\n<p class=\"\"><strong>\u00d6\u011fretmen rehberimizi neden kullanmal\u0131s\u0131n\u0131z?<\/strong><\/p>\n\n\n\n<ul class=\"wp-block-list\">\n<li class=\"\"><strong>\u00c7ok \u00e7e\u015fitli konular:<\/strong> Konu\u015fmadan i\u015f \u0130ngilizcesine ve TOEFL, IELTS ve TOEIC gibi s\u0131navlara haz\u0131rl\u0131\u011fa kadar.<\/li>\n\n\n\n<li class=\"\"><strong>Esnek se\u00e7enekler:<\/strong> \u00d6\u011frenme tarz\u0131n\u0131za uygun bireysel veya grup dersleri aras\u0131ndan se\u00e7im yap\u0131n.<\/li>\n\n\n\n<li class=\"\"><strong>Sertifikal\u0131 ve uzman \u00f6\u011fretmenler:<\/strong> Ana dili \u0130ngilizce olan ve y\u00fcksek nitelikli profesyonellerden olu\u015fan bir ekip.<\/li>\n<\/ul>\n\n\n\n<p class=\"\">\u00d6\u011frenme yolculu\u011funuza, ki\u015fiye \u00f6zel dersler sunan uzman e\u011fitmenlerle ba\u015flay\u0131n. E\u011fitim hedeflerinize ba\u015far\u0131yla ula\u015fmak i\u00e7in en iyi deste\u011fi bulun.<\/p>\n\n\n\n<hr class=\"wp-block-separator has-alpha-channel-opacity\"\/>\n\n\n\n<h3 class=\"wp-block-heading\"><strong>Latin Amerika\u2019da yabanc\u0131lara profesyonel hizmetler sunmaktad\u0131r.<\/strong><\/h3>\n\n\n\n<p class=\"\">Bu platform, Latin Amerika'da ya\u015fayan yabanc\u0131lar\u0131 g\u00fcvenilir profesyonel hizmet sa\u011flay\u0131c\u0131lar\u0131yla bulu\u015fturuyor. Muhasebeci, avukat, doktor veya \u0130ngilizce konu\u015fan ba\u015fka bir profesyonel iseniz, m\u00fc\u015fteri taban\u0131n\u0131z\u0131 burada geni\u015fletebilirsiniz.<\/p>\n\n\n\n<p class=\"\"><strong>Hizmetlerinizi neden burada reklam ediyorsunuz?<\/strong><\/p>\n\n\n\n<ul class=\"wp-block-list\">\n<li class=\"\"><strong>Gurbet\u00e7ilere odaklan\u0131n:<\/strong> Uluslararas\u0131 toplumun \u00f6zel ihtiya\u00e7lar\u0131na y\u00f6nelik olarak tasarlanm\u0131\u015f hizmetler.<\/li>\n\n\n\n<li class=\"\"><strong>Sekt\u00f6r \u00e7e\u015fitlili\u011fi:<\/strong> Bir\u00e7ok sekt\u00f6rden uzmanlar burada hizmetlerini tan\u0131tabilirler.<\/li>\n<\/ul>\n\n\n\n<p class=\"\"><strong>Mevcut hizmet t\u00fcrleri:<\/strong><\/p>\n\n\n\n<ul class=\"wp-block-list\">\n<li class=\"\">Sa\u011fl\u0131k \u00e7al\u0131\u015fanlar\u0131: \u0130ngilizce konu\u015fan doktorlar, di\u015f hekimleri, g\u00f6z doktorlar\u0131 ve di\u011fer uzmanlar.<\/li>\n\n\n\n<li class=\"\">Hukuki hizmetler: vize, s\u00f6zle\u015fme, ticaret hukuku ve ki\u015fisel konularda yard\u0131m.<\/li>\n\n\n\n<li class=\"\">Muhasebe ve finans: vergiler, finansal planlama ve i\u015fletme muhasebesi.<\/li>\n\n\n\n<li class=\"\">Dan\u0131\u015fmanl\u0131k: i\u015f kurma, insan kaynaklar\u0131 ve pazara giri\u015f stratejileri.<\/li>\n<\/ul>\n\n\n\n<hr class=\"wp-block-separator has-alpha-channel-opacity\"\/>\n\n\n\n<h3 class=\"wp-block-heading\"><strong>Latin Amerika'daki yabanc\u0131lara y\u00f6nelik y\u00fcz y\u00fcze etkinliklerinizi ve topluluk gruplar\u0131n\u0131z\u0131 tan\u0131t\u0131n<\/strong><\/h3>\n\n\n\n<p class=\"\">Bu platform, Latin Amerika'daki uluslararas\u0131 toplulukla ba\u011flant\u0131 kurmak isteyen etkinlik organizat\u00f6rleri ve topluluk liderleri i\u00e7in idealdir. Sosyal toplant\u0131lar, dil de\u011fi\u015fimleri, g\u00f6n\u00fcll\u00fcl\u00fck f\u0131rsatlar\u0131, profesyonel a\u011f olu\u015fturma etkinlikleri veya aktivite gruplar\u0131 d\u00fczenliyorsan\u0131z, bunlar\u0131 burada kolayca tan\u0131tabilirsiniz.<\/p>\n\n\n\n<p class=\"\"><strong>Etkinli\u011finizi veya grubunuzu neden burada tan\u0131tmal\u0131s\u0131n\u0131z?<\/strong><\/p>\n\n\n\n<ul class=\"wp-block-list\">\n<li class=\"\"><strong>Uluslararas\u0131 eri\u015fim:<\/strong> Sosyal, k\u00fclt\u00fcrel ve mesleki faaliyetlere ilgi duyan yabanc\u0131lara ula\u015fmaktad\u0131r.<\/li>\n\n\n\n<li class=\"\"><strong>Daha fazla kat\u0131l\u0131m:<\/strong> Daha fazla kat\u0131l\u0131mc\u0131y\u0131 \u00e7eker ve aktif bir topluluk yarat\u0131r.<\/li>\n\n\n\n<li class=\"\"><strong>Daha fazla g\u00f6r\u00fcn\u00fcrl\u00fck:<\/strong> Etkinliklerinizi veya gruplar\u0131n\u0131z\u0131 t\u00fcm yabanc\u0131 toplulu\u011funa duyurun.<\/li>\n<\/ul>\n\n\n\n<p class=\"\"><strong>Tan\u0131tabilece\u011finiz etkinlik ve grup t\u00fcrleri:<\/strong><\/p>\n\n\n\n<ul class=\"wp-block-list\">\n<li class=\"\">Dil de\u011fi\u015fimleri: K\u00fclt\u00fcrleri dil arac\u0131l\u0131\u011f\u0131yla birbirine ba\u011flar.<\/li>\n\n\n\n<li class=\"\">Sosyal toplant\u0131lar: ak\u015fam yemekleri, temal\u0131 partiler ve resmi olmayan bulu\u015fmalar.<\/li>\n\n\n\n<li class=\"\">Profesyonel a\u011flar: Sekt\u00f6r etkinlikleri ve profesyonel geli\u015fim toplant\u0131lar\u0131 d\u00fczenler.<\/li>\n\n\n\n<li class=\"\">Spor ve sa\u011fl\u0131k kul\u00fcpleri: ko\u015fu gruplar\u0131, yoga dersleri, tak\u0131m sporlar\u0131.<\/li>\n<\/ul>\n\n\n\n<p class=\"\">Toplulu\u011funuzu b\u00fcy\u00fct\u00fcn ve etkinliklerinizi ba\u015far\u0131yla tan\u0131t\u0131n. Latin Amerika'daki uluslararas\u0131 toplulukla bug\u00fcn ba\u011flant\u0131 kurmaya ba\u015flay\u0131n!<\/p>\n\n<\/div>","protected":false},"excerpt":{"rendered":"<p>\u00bfQu\u00e9 puedes encontrar en este directorio de clasificados? Publica empleos para profesores y tutores extranjeros en Am\u00e9rica Latina Este es un tabl\u00f3n de anuncios de empleo para profesores y tutores [&hellip;]<\/p>","protected":false},"author":2,"featured_media":0,"parent":0,"menu_order":0,"comment_status":"closed","ping_status":"closed","template":"","meta":{"nf_dc_page":"","footnotes":""},"class_list":["post-4029","page","type-page","status-publish","hentry"],"yoast_head":"<!-- This site is optimized with the Yoast SEO plugin v26.9 - https:\/\/yoast.com\/product\/yoast-seo-wordpress\/ -->\n<title>Am\u00e9rica Latina - Teach Abroad Job Board and Resources<\/title>\n<meta name=\"robots\" content=\"index, follow, max-snippet:-1, max-image-preview:large, max-video-preview:-1\" \/>\n<link rel=\"canonical\" href=\"https:\/\/teachingjobboard.com\/tr\/america-latina\/\" \/>\n<meta property=\"og:locale\" content=\"tr_TR\" \/>\n<meta property=\"og:type\" content=\"article\" \/>\n<meta property=\"og:title\" content=\"Am\u00e9rica Latina - Teach Abroad Job Board and Resources\" \/>\n<meta property=\"og:description\" content=\"\u00bfQu\u00e9 puedes encontrar en este directorio de clasificados? Publica empleos para profesores y tutores extranjeros en Am\u00e9rica Latina Este es un tabl\u00f3n de anuncios de empleo para profesores y tutores [&hellip;]\" \/>\n<meta property=\"og:url\" content=\"https:\/\/teachingjobboard.com\/tr\/america-latina\/\" \/>\n<meta property=\"og:site_name\" content=\"Teach Abroad Job Board and Resources\" \/>\n<meta property=\"article:modified_time\" content=\"2025-07-06T01:52:50+00:00\" \/>\n<meta name=\"twitter:card\" content=\"summary_large_image\" \/>\n<meta name=\"twitter:label1\" content=\"Tahmini okuma s\u00fcresi\" \/>\n\t<meta name=\"twitter:data1\" content=\"5 dakika\" \/>\n<script type=\"application\/ld+json\" class=\"yoast-schema-graph\">{\"@context\":\"https:\/\/schema.org\",\"@graph\":[{\"@type\":\"WebPage\",\"@id\":\"https:\/\/teachingjobboard.com\/en\/america-latina\/\",\"url\":\"https:\/\/teachingjobboard.com\/en\/america-latina\/\",\"name\":\"Am\u00e9rica Latina - Teach Abroad Job Board and Resources\",\"isPartOf\":{\"@id\":\"https:\/\/teachingjobboard.com\/#website\"},\"datePublished\":\"2025-07-06T01:42:35+00:00\",\"dateModified\":\"2025-07-06T01:52:50+00:00\",\"breadcrumb\":{\"@id\":\"https:\/\/teachingjobboard.com\/en\/america-latina\/#breadcrumb\"},\"inLanguage\":\"tr\",\"potentialAction\":[{\"@type\":\"ReadAction\",\"target\":[\"https:\/\/teachingjobboard.com\/en\/america-latina\/\"]}]},{\"@type\":\"BreadcrumbList\",\"@id\":\"https:\/\/teachingjobboard.com\/en\/america-latina\/#breadcrumb\",\"itemListElement\":[{\"@type\":\"ListItem\",\"position\":1,\"name\":\"Home\",\"item\":\"https:\/\/teachingjobboard.com\/\"},{\"@type\":\"ListItem\",\"position\":2,\"name\":\"Am\u00e9rica Latina\"}]},{\"@type\":\"WebSite\",\"@id\":\"https:\/\/teachingjobboard.com\/#website\",\"url\":\"https:\/\/teachingjobboard.com\/\",\"name\":\"Teach Abroad Job Board and Resources\",\"description\":\"\",\"publisher\":{\"@id\":\"https:\/\/teachingjobboard.com\/#organization\"},\"potentialAction\":[{\"@type\":\"SearchAction\",\"target\":{\"@type\":\"EntryPoint\",\"urlTemplate\":\"https:\/\/teachingjobboard.com\/?s={search_term_string}\"},\"query-input\":{\"@type\":\"PropertyValueSpecification\",\"valueRequired\":true,\"valueName\":\"search_term_string\"}}],\"inLanguage\":\"tr\"},{\"@type\":\"Organization\",\"@id\":\"https:\/\/teachingjobboard.com\/#organization\",\"name\":\"Teach Abroad Job Board and Resources\",\"url\":\"https:\/\/teachingjobboard.com\/\",\"logo\":{\"@type\":\"ImageObject\",\"inLanguage\":\"tr\",\"@id\":\"https:\/\/teachingjobboard.com\/#\/schema\/logo\/image\/\",\"url\":\"https:\/\/i0.wp.com\/teachingjobboard.com\/wp-content\/uploads\/logo-2.png?fit=643%2C328&ssl=1\",\"contentUrl\":\"https:\/\/i0.wp.com\/teachingjobboard.com\/wp-content\/uploads\/logo-2.png?fit=643%2C328&ssl=1\",\"width\":643,\"height\":328,\"caption\":\"Teach Abroad Job Board and Resources\"},\"image\":{\"@id\":\"https:\/\/teachingjobboard.com\/#\/schema\/logo\/image\/\"}}]}<\/script>\n<!-- \/ Yoast SEO plugin. -->","yoast_head_json":{"title":"Am\u00e9rica Latina - Yurtd\u0131\u015f\u0131nda \u00d6\u011fretmenlik \u0130\u015f \u0130lanlar\u0131 ve Kaynaklar\u0131","robots":{"index":"index","follow":"follow","max-snippet":"max-snippet:-1","max-image-preview":"max-image-preview:large","max-video-preview":"max-video-preview:-1"},"canonical":"https:\/\/teachingjobboard.com\/tr\/america-latina\/","og_locale":"tr_TR","og_type":"article","og_title":"Am\u00e9rica Latina - Teach Abroad Job Board and Resources","og_description":"\u00bfQu\u00e9 puedes encontrar en este directorio de clasificados? Publica empleos para profesores y tutores extranjeros en Am\u00e9rica Latina Este es un tabl\u00f3n de anuncios de empleo para profesores y tutores [&hellip;]","og_url":"https:\/\/teachingjobboard.com\/tr\/america-latina\/","og_site_name":"Teach Abroad Job Board and Resources","article_modified_time":"2025-07-06T01:52:50+00:00","twitter_card":"summary_large_image","twitter_misc":{"Tahmini okuma s\u00fcresi":"5 dakika"},"schema":{"@context":"https:\/\/schema.org","@graph":[{"@type":"WebPage","@id":"https:\/\/teachingjobboard.com\/en\/america-latina\/","url":"https:\/\/teachingjobboard.com\/en\/america-latina\/","name":"Am\u00e9rica Latina - Yurtd\u0131\u015f\u0131nda \u00d6\u011fretmenlik \u0130\u015f \u0130lanlar\u0131 ve Kaynaklar\u0131","isPartOf":{"@id":"https:\/\/teachingjobboard.com\/#website"},"datePublished":"2025-07-06T01:42:35+00:00","dateModified":"2025-07-06T01:52:50+00:00","breadcrumb":{"@id":"https:\/\/teachingjobboard.com\/en\/america-latina\/#breadcrumb"},"inLanguage":"tr","potentialAction":[{"@type":"ReadAction","target":["https:\/\/teachingjobboard.com\/en\/america-latina\/"]}]},{"@type":"BreadcrumbList","@id":"https:\/\/teachingjobboard.com\/en\/america-latina\/#breadcrumb","itemListElement":[{"@type":"ListItem","position":1,"name":"Home","item":"https:\/\/teachingjobboard.com\/"},{"@type":"ListItem","position":2,"name":"Am\u00e9rica Latina"}]},{"@type":"WebSite","@id":"https:\/\/teachingjobboard.com\/#website","url":"https:\/\/teachingjobboard.com\/","name":"Yurt D\u0131\u015f\u0131nda \u00d6\u011fretmenlik \u0130\u015f \u0130lanlar\u0131 ve Kaynaklar\u0131","description":"","publisher":{"@id":"https:\/\/teachingjobboard.com\/#organization"},"potentialAction":[{"@type":"SearchAction","target":{"@type":"EntryPoint","urlTemplate":"https:\/\/teachingjobboard.com\/?s={search_term_string}"},"query-input":{"@type":"PropertyValueSpecification","valueRequired":true,"valueName":"search_term_string"}}],"inLanguage":"tr"},{"@type":"Organization","@id":"https:\/\/teachingjobboard.com\/#organization","name":"Yurt D\u0131\u015f\u0131nda \u00d6\u011fretmenlik \u0130\u015f \u0130lanlar\u0131 ve Kaynaklar\u0131","url":"https:\/\/teachingjobboard.com\/","logo":{"@type":"ImageObject","inLanguage":"tr","@id":"https:\/\/teachingjobboard.com\/#\/schema\/logo\/image\/","url":"https:\/\/i0.wp.com\/teachingjobboard.com\/wp-content\/uploads\/logo-2.png?fit=643%2C328&ssl=1","contentUrl":"https:\/\/i0.wp.com\/teachingjobboard.com\/wp-content\/uploads\/logo-2.png?fit=643%2C328&ssl=1","width":643,"height":328,"caption":"Teach Abroad Job Board and Resources"},"image":{"@id":"https:\/\/teachingjobboard.com\/#\/schema\/logo\/image\/"}}]}},"jetpack_sharing_enabled":true,"_links":{"self":[{"href":"https:\/\/teachingjobboard.com\/tr\/wp-json\/wp\/v2\/pages\/4029","targetHints":{"allow":["GET"]}}],"collection":[{"href":"https:\/\/teachingjobboard.com\/tr\/wp-json\/wp\/v2\/pages"}],"about":[{"href":"https:\/\/teachingjobboard.com\/tr\/wp-json\/wp\/v2\/types\/page"}],"author":[{"embeddable":true,"href":"https:\/\/teachingjobboard.com\/tr\/wp-json\/wp\/v2\/users\/2"}],"replies":[{"embeddable":true,"href":"https:\/\/teachingjobboard.com\/tr\/wp-json\/wp\/v2\/comments?post=4029"}],"version-history":[{"count":2,"href":"https:\/\/teachingjobboard.com\/tr\/wp-json\/wp\/v2\/pages\/4029\/revisions"}],"predecessor-version":[{"id":4031,"href":"https:\/\/teachingjobboard.com\/tr\/wp-json\/wp\/v2\/pages\/4029\/revisions\/4031"}],"wp:attachment":[{"href":"https:\/\/teachingjobboard.com\/tr\/wp-json\/wp\/v2\/media?parent=4029"}],"curies":[{"name":"wp","href":"https:\/\/api.w.org\/{rel}","templated":true}]}}