{"id":4029,"date":"2025-07-06T01:42:35","date_gmt":"2025-07-06T01:42:35","guid":{"rendered":"https:\/\/teachingjobboard.com\/staging\/?page_id=4029"},"modified":"2025-07-06T01:52:50","modified_gmt":"2025-07-06T01:52:50","slug":"america-latina","status":"publish","type":"page","link":"https:\/\/teachingjobboard.com\/zh\/america-latina\/","title":{"rendered":"\u62c9\u7f8e"},"content":{"rendered":"<div lang=\"es\">\n\n<p class=\"\"><strong>\u4f60\u53ef\u4ee5\u5728\u8fd9\u4e2a\u5206\u7c7b\u5e7f\u544a\u76ee\u5f55\u4e2d\u627e\u5230\u4ec0\u4e48\uff1f<\/strong><\/p>\n\n\n\n<hr class=\"wp-block-separator has-alpha-channel-opacity\"\/>\n\n\n\n<h3 class=\"wp-block-heading\"><strong>\u53d1\u5e03\u62c9\u4e01\u7f8e\u6d32\u5916\u7c4d\u6559\u5e08\u548c\u5bb6\u6559\u7684\u62db\u8058\u4fe1\u606f<\/strong><\/h3>\n\n\n\n<p class=\"\">\u8fd9\u662f\u4e00\u4e2a\u9762\u5411\u62c9\u4e01\u7f8e\u6d32\u5916\u7c4d\u82f1\u8bed\u6559\u5e08\u548c\u5bb6\u6559\uff08\u63d0\u4f9b\u79c1\u4eba\/\u4e0a\u95e8\u3001\u4e00\u5bf9\u4e00\u548c\u5c0f\u7ec4\u8bfe\u7a0b\uff09\u7684\u62db\u8058\u7f51\u7ad9\u3002\u8be5\u7f51\u7ad9\u4e13\u6ce8\u4e8e\u6559\u6388\u82f1\u8bed\u4f5c\u4e3a\u7b2c\u4e8c\u8bed\u8a00\uff08ESL\uff09\u3001\u82f1\u8bed\u4f5c\u4e3a\u5916\u8bed\uff08EFL\uff09\u4ee5\u53ca\u82f1\u8bed\u4f5c\u4e3a\u9644\u52a0\u8bed\u8a00\uff08EAL\uff09\uff0c\u9762\u5411\u82f1\u8bed\u5b66\u4e60\u8005\uff08ELL\uff09\u3002<\/p>\n\n\n\n<p class=\"\"><strong>\u96c7\u4e3b\uff1a<\/strong> \u62c9\u4e01\u7f8e\u6d32\u7684\u5b66\u6821\u3001\u673a\u6784\u548c\u62db\u8058\u4eba\u5458\uff0c\u5305\u62ec\uff1a<\/p>\n\n\n\n<ul class=\"wp-block-list\">\n<li class=\"\">\u8bed\u8a00\u5b66\u6821\u548c\u5b66\u672f\u652f\u6301\u4e2d\u5fc3<\/li>\n\n\n\n<li class=\"\">\u5e7c\u513f\u56ed\u548c\u5b66\u524d\u73ed<\/li>\n\n\n\n<li class=\"\">\u53cc\u8bed\u548c\u56fd\u9645\u5b66\u6821<\/li>\n\n\n\n<li class=\"\">\u4f01\u4e1a\u5546\u52a1\u82f1\u8bed\u57f9\u8bad\u673a\u6784<\/li>\n\n\n\n<li class=\"\">\u96c5\u601d\u3001\u6258\u798f\u548c\u6258\u4e1a\u8003\u8bd5\u51c6\u5907\u4e2d\u5fc3<\/li>\n\n\n\n<li class=\"\">\u5927\u5b66<\/li>\n<\/ul>\n\n\n\n<p class=\"\"><strong>\u5019\u9009\u4eba\uff1a<\/strong> \u6765\u81ea\u62c9\u4e01\u7f8e\u6d32\u53ca\u5176\u4ed6\u5730\u533a\u7684\u7533\u8bf7\u4eba\uff1a<\/p>\n\n\n\n<ul class=\"wp-block-list\">\n<li class=\"\">\u4ee5\u82f1\u8bed\u4e3a\u6bcd\u8bed\u7684\u6559\u5e08\u548c\u8f85\u5bfc\u5458<\/li>\n\n\n\n<li class=\"\">\u6559\u5e08\u548c\u8f85\u5bfc\u5458\uff0c\u8bed\u8a00\u6c34\u5e73\u63a5\u8fd1\u6bcd\u8bed\u6c34\u5e73\uff08CEFR C2\uff0c\u6d41\u5229\u4e14\u719f\u7ec3\uff09<\/li>\n\n\n\n<li class=\"\">\u6765\u81ea\u7f8e\u56fd\u3001\u82f1\u56fd\uff08\u82f1\u683c\u5170\uff09\u3001\u52a0\u62ff\u5927\u3001\u6fb3\u5927\u5229\u4e9a\u3001\u65b0\u897f\u5170\u3001\u5357\u975e\u3001\u7231\u5c14\u5170\u3001\u83f2\u5f8b\u5bbe\u548c\u5176\u4ed6\u5730\u533a\u7684\u6559\u5e08<\/li>\n\n\n\n<li class=\"\">\u6301\u6709TEFL\u3001TESOL\u3001CELTA\u6216DELTA\u8bc1\u4e66\u7684\u6559\u5e08<\/li>\n\n\n\n<li class=\"\">\u6301\u6709\u5b98\u65b9\u8d44\u683c\u8bc1\u4e66\uff08PGCE\/QTS\uff09\uff0c\u5e76\u5728\u5176\u539f\u7c4d\u56fd\u6216\u62c9\u4e01\u7f8e\u6d32\u83b7\u5f97\u6267\u7167\u7684\u4e13\u4e1a\u4eba\u58eb<\/li>\n\n\n\n<li class=\"\">\u5177\u6709\u7ecf\u9a8c\u548c\u5927\u5b66\u5b66\u4f4d\uff08\u5b66\u58eb\u3001\u7855\u58eb\u3001\u535a\u58eb\uff09\u7684\u6559\u6388<\/li>\n<\/ul>\n\n\n\n<hr class=\"wp-block-separator has-alpha-channel-opacity\"\/>\n\n\n\n<h3 class=\"wp-block-heading\"><strong>\u5728\u62c9\u4e01\u7f8e\u6d32\u53d1\u5e03\u5916\u7c4d\u6559\u5e08\u79df\u8d41\u5e7f\u544a<\/strong><\/h3>\n\n\n\n<p class=\"\">\u8fd9\u662f\u4e00\u4e2a\u623f\u6e90\u79df\u8d41\u4fe1\u606f\u7f51\u7ad9\uff0c\u81f4\u529b\u4e8e\u8fde\u63a5\u623f\u4e1c\u3001\u7269\u4e1a\u7ecf\u7406\u548c\u623f\u5730\u4ea7\u7ecf\u7eaa\u4eba\u4e0e\u5728\u62c9\u4e01\u7f8e\u6d32\u5bfb\u627e\u4f18\u8d28\u4f4f\u5bbf\u7684\u56fd\u9645\u6559\u5e08\u3002\u5982\u679c\u60a8\u6709\u5e26\u5bb6\u5177\u6216\u4e0d\u5e26\u5bb6\u5177\u7684\u516c\u5bd3\u6216\u623f\u5c4b\uff0c\u8fd9\u91cc\u662f\u5438\u5f15\u8d1f\u8d23\u4efb\u7684\u957f\u671f\uff08\u4e00\u5230\u4e24\u5e74\uff09\u6216\u77ed\u671f\u79df\u6237\u7684\u7406\u60f3\u5e73\u53f0\u3002<\/p>\n\n\n\n<p class=\"\"><strong>\u4e3a\u4ec0\u4e48\u8981\u5728\u8fd9\u91cc\u53d1\u5e03\u60a8\u7684\u623f\u4ea7\u4fe1\u606f\uff1f<\/strong><\/p>\n\n\n\n<p class=\"\">\u6211\u4eec\u7684\u5e73\u53f0\u4e13\u95e8\u9762\u5411\u5728\u62c9\u4e01\u7f8e\u6d32\u5404\u5730\u7684\u56fd\u9645\u5b66\u6821\u3001\u5927\u5b66\u3001\u5b66\u9662\u548c\u8bed\u8a00\u4e2d\u5fc3\u5de5\u4f5c\u7684\u5916\u56fd\u6559\u5e08\u3002<\/p>\n\n\n\n<p class=\"\"><strong>\u4f18\u8d28\u79df\u6237\uff1a<\/strong> \u5916\u7c4d\u6559\u5e08\u901a\u5e38\u662f\u8d1f\u8d23\u4efb\u7684\u4e13\u4e1a\u4eba\u58eb\uff0c\u4ed6\u4eec\u5e0c\u671b\u7b7e\u8ba2\u7a33\u5b9a\u7684\u5408\u540c\u3002<\/p>\n\n\n\n<p class=\"\"><strong>\u7279\u8272\u623f\u4ea7\u7c7b\u578b\uff1a<\/strong><\/p>\n\n\n\n<ul class=\"wp-block-list\">\n<li class=\"\">\u7cbe\u88c5\u4fee\u516c\u5bd3\uff1a\u62ce\u5305\u5165\u4f4f\uff0c\u914d\u5907\u6240\u6709\u57fa\u672c\u670d\u52a1\u3002<\/li>\n\n\n\n<li class=\"\">\u77ed\u671f\u548c\u957f\u671f\u79df\u8d41\uff1a\u6839\u636e\u60a8\u7684\u9700\u6c42\u63d0\u4f9b\u7075\u6d3b\u7684\u79df\u8d41\u6761\u4ef6\u3002<\/li>\n<\/ul>\n\n\n\n<p class=\"\">\u5728\u6211\u4eec\u7684\u53ef\u4fe1\u5e73\u53f0\u4e0a\u53d1\u5e03\u60a8\u7684\u623f\u4ea7\u4fe1\u606f\uff0c\u5373\u53ef\u5f00\u59cb\u63a5\u6536\u6765\u81ea\u62c9\u4e01\u7f8e\u6d32\u56fd\u9645\u6559\u5e08\u7684\u7533\u8bf7\u3002<\/p>\n\n\n\n<hr class=\"wp-block-separator has-alpha-channel-opacity\"\/>\n\n\n\n<h3 class=\"wp-block-heading\"><strong>\u4e3a\u5916\u56fd\u4eba\u63d0\u4f9b\u897f\u73ed\u7259\u8bed\u8bfe\u7a0b\uff1a\u62c9\u4e01\u7f8e\u6d32\u6700\u597d\u7684\u897f\u73ed\u7259\u8bed\u8bfe\u7a0b\u548c\u57f9\u8bad<\/strong><\/h3>\n\n\n\n<p class=\"\">\u672c\u7f51\u7ad9\u65e8\u5728\u8fde\u63a5\u8bed\u8a00\u5b66\u6821\u3001\u79c1\u4eba\u6559\u5e08\u548c\u5bf9\u5b66\u4e60\u897f\u73ed\u7259\u8bed\u611f\u5174\u8da3\u7684\u5916\u56fd\u4eba\u3002\u5982\u679c\u60a8\u63d0\u4f9b\u9ad8\u8d28\u91cf\u7684\u8bfe\u7a0b\u3001\u4e2a\u6027\u5316\u6307\u5bfc\u6216\u6587\u5316\u6c89\u6d78\u5f0f\u9879\u76ee\uff0c\u90a3\u4e48\u8fd9\u91cc\u662f\u63a8\u5e7f\u60a8\u670d\u52a1\u7684\u7406\u60f3\u5e73\u53f0\u3002<\/p>\n\n\n\n<p class=\"\"><strong>\u4e3a\u4ec0\u4e48\u9009\u62e9\u5728\u8fd9\u91cc\u63d0\u4f9b\u670d\u52a1\uff1f<\/strong><\/p>\n\n\n\n<ul class=\"wp-block-list\">\n<li class=\"\"><strong>\u76ee\u6807\u53d7\u4f17\uff1a<\/strong> \u5b83\u9762\u5411\u5c45\u4f4f\u5728\u62c9\u4e01\u7f8e\u6d32\u3001\u79ef\u6781\u5bfb\u6c42\u897f\u73ed\u7259\u8bed\u8bfe\u7a0b\u7684\u5916\u56fd\u4eba\u3002<\/li>\n\n\n\n<li class=\"\"><strong>\u591a\u79cd\u673a\u4f1a\uff1a<\/strong> \u5b83\u5438\u5f15\u4e86\u5404\u4e2a\u6c34\u5e73\u7684\u5b66\u751f\uff0c\u4ece\u521d\u5b66\u8005\u5230\u9ad8\u7ea7\u5b66\u5458\uff0c\u5305\u62ec\u6210\u4eba\u548c\u513f\u7ae5\u3002<\/li>\n\n\n\n<li class=\"\"><strong>\u66f4\u9ad8\u7684\u53ef\u89c1\u5ea6\uff1a<\/strong> \u5411\u79ef\u6781\u8fdb\u53d6\u7684\u56fd\u9645\u53d7\u4f17\u63a8\u5e7f\u60a8\u7684\u5b66\u6821\u6216\u8f85\u5bfc\u670d\u52a1\u3002<\/li>\n<\/ul>\n\n\n\n<p class=\"\"><strong>\u6211\u4eec\u63a8\u5e7f\u7684\u8bfe\u7a0b\u7c7b\u578b\uff1a<\/strong><\/p>\n\n\n\n<ul class=\"wp-block-list\">\n<li class=\"\">\u8bed\u8a00\u5b66\u6821\uff1a\u63d0\u4f9b\u7531\u8ba4\u8bc1\u6559\u5e08\u6388\u8bfe\u7684\u7cfb\u7edf\u5316\u8bfe\u7a0b\u3002<\/li>\n\n\n\n<li class=\"\">\u79c1\u4eba\u6559\u5e08\uff1a\u63d0\u4f9b\u4e2a\u6027\u5316\u8bfe\u7a0b\uff0c\u4e00\u5bf9\u4e00\u6216\u5c0f\u7ec4\u6388\u8bfe\u3002<\/li>\n\n\n\n<li class=\"\">\u9762\u6388\u8bfe\u7a0b\u548c\u5728\u7ebf\u8bfe\u7a0b\uff1a\u7075\u6d3b\u7684\u9009\u62e9\uff0c\u9002\u5e94\u4e0d\u540c\u7684\u65f6\u95f4\u5b89\u6392\u3002<\/li>\n\n\n\n<li class=\"\">\u6587\u5316\u6c89\u6d78\u5f0f\u9879\u76ee\uff1a\u5c06\u8bed\u8a00\u5b66\u4e60\u4e0e\u5f53\u5730\u6d3b\u52a8\u76f8\u7ed3\u5408\u3002<\/li>\n<\/ul>\n\n\n\n<p class=\"\">\u63a8\u5e7f\u60a8\u7684\u897f\u73ed\u7259\u8bed\u8bfe\u7a0b\uff0c\u5e2e\u52a9\u56fd\u9645\u5b66\u751f\u5728\u62c9\u4e01\u7f8e\u6d32\u5b9e\u73b0\u4ed6\u4eec\u7684\u8bed\u8a00\u76ee\u6807\u3002<\/p>\n\n\n\n<hr class=\"wp-block-separator has-alpha-channel-opacity\"\/>\n\n\n\n<h3 class=\"wp-block-heading\"><strong>\u67e5\u770b\u62c9\u4e01\u7f8e\u6d32\u5408\u683c\u5916\u7c4d\u6559\u5e08\u7684\u7b80\u5386<\/strong><\/h3>\n\n\n\n<p class=\"\">\u672c\u5e73\u53f0\u4e13\u4e3a\u5728\u62c9\u4e01\u7f8e\u6d32\u5bfb\u627e\u4e13\u4e1a\u5916\u7c4d\u6559\u5e08\u7684\u5b66\u6821\u3001\u8bed\u8a00\u4e2d\u5fc3\u3001\u57f9\u8bad\u673a\u6784\u548c\u6559\u80b2\u673a\u6784\u800c\u8bbe\u8ba1\u3002\u65e0\u8bba\u60a8\u662f\u9700\u8981\u82f1\u8bed\u6559\u5e08\u3001\u5b66\u79d1\u4e13\u5bb6\u3001\u7ecf\u9a8c\u4e30\u5bcc\u7684\u6559\u80b2\u5de5\u4f5c\u8005\u8fd8\u662f\u8bfe\u7a0b\u5f00\u53d1\u4eba\u5458\uff0c\u90fd\u80fd\u5728\u8fd9\u91cc\u627e\u5230\u6240\u9700\u4eba\u624d\u3002<\/p>\n\n\n\n<p class=\"\"><strong>\u4e3a\u4ec0\u4e48\u8981\u4f7f\u7528\u6211\u4eec\u7684\u7b80\u5386\u5e73\u53f0\uff1f<\/strong><\/p>\n\n\n\n<ul class=\"wp-block-list\">\n<li class=\"\">\u6d4f\u89c8\u6709\u610f\u5728\u62c9\u4e01\u7f8e\u6d32\u6559\u80b2\u9886\u57df\u5de5\u4f5c\u7684\u6559\u5e08\u7684\u4e2a\u4eba\u8d44\u6599\u3002<\/li>\n\n\n\n<li class=\"\"><strong>\u5408\u683c\u4e14\u7ecf\u9a8c\u4e30\u5bcc\u7684\u5019\u9009\u4eba\uff1a<\/strong> \u56fd\u9645\u5b66\u4f4d\u3001\u8bc1\u4e66\u3001\u771f\u5b9e\u8bfe\u5802\u4f53\u9a8c\u3002<\/li>\n\n\n\n<li class=\"\"><strong>\u52a0\u5feb\u62db\u8058\u901f\u5ea6\uff1a<\/strong> \u8f7b\u677e\u8054\u7cfb\u7b26\u5408\u8d35\u673a\u6784\u9700\u6c42\u7684\u5019\u9009\u4eba\u3002<\/li>\n<\/ul>\n\n\n\n<p class=\"\"><strong>\u53ef\u4f9b\u9009\u62e9\u7684\u6559\u5e08\u7c7b\u578b\uff1a<\/strong><\/p>\n\n\n\n<ul class=\"wp-block-list\">\n<li class=\"\">\u6301\u6709TEFL\u3001TESOL\u3001CELTA\u6216DELTA\u8bc1\u4e66\u7684\u82f1\u8bed\u6559\u5e08<\/li>\n\n\n\n<li class=\"\">\u5e7c\u513f\u3001\u5c0f\u5b66\u548c\u4e2d\u5b66\u6559\u80b2\u5de5\u4f5c\u8005<\/li>\n\n\n\n<li class=\"\">\u6570\u5b66\u3001\u79d1\u5b66\u548c\u4eba\u6587\u7b49\u9886\u57df\u7684\u4e13\u5bb6<\/li>\n\n\n\n<li class=\"\">\u5927\u5b66\u548c\u6210\u4eba\u6559\u80b2\u6559\u5e08<\/li>\n<\/ul>\n\n\n\n<p class=\"\">\u7acb\u5373\u5728\u62c9\u4e01\u7f8e\u6d32\u5bfb\u627e\u9002\u5408\u60a8\u673a\u6784\u7684\u7406\u60f3\u6559\u5e08\u3002<\/p>\n\n\n\n<hr class=\"wp-block-separator has-alpha-channel-opacity\"\/>\n\n\n\n<h3 class=\"wp-block-heading\"><strong>\u5728\u62c9\u4e01\u7f8e\u6d32\u5bfb\u627e\u4ee5\u82f1\u8bed\u4e3a\u6bcd\u8bed\u7684\u5bb6\u6559\uff0c\u63d0\u4f9b\u4e00\u5bf9\u4e00\u548c\u5c0f\u7ec4\u8bfe\u7a0b\u3002<\/strong><\/h3>\n\n\n\n<p class=\"\">\u5728\u62c9\u4e01\u7f8e\u6d32\u5bfb\u627e\u5408\u683c\u7684\u5bb6\u6559\uff0c\u63d0\u4f9b\u8bed\u8a00\u8bfe\u7a0b\u3001\u5b66\u4e1a\u8f85\u5bfc\u6216\u7279\u5b9a\u6280\u80fd\u57f9\u8bad\u3002\u8fd9\u4e2a\u5e73\u53f0\u662f\u60a8\u627e\u5230\u6700\u7b26\u5408\u60a8\u9700\u6c42\u7684\u7406\u60f3\u5bb6\u6559\u7684\u5b8c\u7f8e\u4e4b\u9009\u3002<\/p>\n\n\n\n<p class=\"\"><strong>\u4e3a\u4ec0\u4e48\u8981\u4f7f\u7528\u6211\u4eec\u7684\u5bfc\u5e08\u540d\u5f55\uff1f<\/strong><\/p>\n\n\n\n<ul class=\"wp-block-list\">\n<li class=\"\"><strong>\u4e3b\u9898\u5e7f\u6cdb\uff1a<\/strong> \u4ece\u65e5\u5e38\u4f1a\u8bdd\u5230\u5546\u52a1\u82f1\u8bed\uff0c\u4ee5\u53ca\u6258\u798f\u3001\u96c5\u601d\u548c\u6258\u4e1a\u7b49\u8003\u8bd5\u7684\u5907\u8003\u3002<\/li>\n\n\n\n<li class=\"\"><strong>\u7075\u6d3b\u7684\u9009\u62e9\uff1a<\/strong> \u60a8\u53ef\u4ee5\u6839\u636e\u81ea\u5df1\u7684\u5b66\u4e60\u98ce\u683c\u9009\u62e9\u4e00\u5bf9\u4e00\u8bfe\u7a0b\u6216\u5c0f\u7ec4\u8bfe\u7a0b\u3002<\/li>\n\n\n\n<li class=\"\"><strong>\u8ba4\u8bc1\u4e13\u5bb6\u6559\u5e08\uff1a<\/strong> \u4ee5\u82f1\u8bed\u4e3a\u6bcd\u8bed\u4e14\u5177\u5907\u9ad8\u7d20\u8d28\u7684\u4e13\u4e1a\u4eba\u58eb\u3002<\/li>\n<\/ul>\n\n\n\n<p class=\"\">\u5f00\u542f\u60a8\u7684\u5b66\u4e60\u4e4b\u65c5\uff0c\u4e0e\u63d0\u4f9b\u4e2a\u6027\u5316\u8bfe\u7a0b\u7684\u4e13\u5bb6\u5bfc\u5e08\u4e00\u8d77\u5b66\u4e60\u3002\u627e\u5230\u6700\u4f73\u652f\u6301\uff0c\u52a9\u60a8\u6210\u529f\u5b9e\u73b0\u6559\u80b2\u76ee\u6807\u3002<\/p>\n\n\n\n<hr class=\"wp-block-separator has-alpha-channel-opacity\"\/>\n\n\n\n<h3 class=\"wp-block-heading\"><strong>\u5b83\u4e3a\u5728\u62c9\u4e01\u7f8e\u6d32\u7684\u5916\u56fd\u4eba\u63d0\u4f9b\u4e13\u4e1a\u670d\u52a1\u3002<\/strong><\/h3>\n\n\n\n<p class=\"\">\u8fd9\u4e2a\u5e73\u53f0\u8fde\u63a5\u5c45\u4f4f\u5728\u62c9\u4e01\u7f8e\u6d32\u7684\u5916\u56fd\u4eba\u4e0e\u503c\u5f97\u4fe1\u8d56\u7684\u4e13\u4e1a\u670d\u52a1\u63d0\u4f9b\u5546\u3002\u5982\u679c\u60a8\u662f\u4f1a\u8ba1\u5e08\u3001\u5f8b\u5e08\u3001\u533b\u751f\u6216\u5176\u4ed6\u82f1\u8bed\u4e13\u4e1a\u4eba\u58eb\uff0c\u60a8\u53ef\u4ee5\u5728\u8fd9\u91cc\u62d3\u5c55\u60a8\u7684\u5ba2\u6237\u7fa4\u3002<\/p>\n\n\n\n<p class=\"\"><strong>\u4e3a\u4ec0\u4e48\u8981\u5728\u8fd9\u91cc\u5ba3\u4f20\u60a8\u7684\u670d\u52a1\uff1f<\/strong><\/p>\n\n\n\n<ul class=\"wp-block-list\">\n<li class=\"\"><strong>\u91cd\u70b9\u5173\u6ce8\u5916\u7c4d\u4eba\u58eb\uff1a<\/strong> \u4e3a\u6ee1\u8db3\u56fd\u9645\u793e\u4f1a\u7279\u5b9a\u9700\u6c42\u800c\u8bbe\u8ba1\u7684\u670d\u52a1\u3002<\/li>\n\n\n\n<li class=\"\"><strong>\u884c\u4e1a\u591a\u6837\u6027\uff1a<\/strong> \u6765\u81ea\u591a\u4e2a\u884c\u4e1a\u7684\u4e13\u5bb6\u53ef\u4ee5\u5728\u8fd9\u91cc\u63a8\u5e7f\u4ed6\u4eec\u7684\u670d\u52a1\u3002<\/li>\n<\/ul>\n\n\n\n<p class=\"\"><strong>\u53ef\u63d0\u4f9b\u7684\u670d\u52a1\u7c7b\u578b\uff1a<\/strong><\/p>\n\n\n\n<ul class=\"wp-block-list\">\n<li class=\"\">\u533b\u7597\u4fdd\u5065\u4e13\u4e1a\u4eba\u5458\uff1a\u4f1a\u8bf4\u82f1\u8bed\u7684\u533b\u751f\u3001\u7259\u533b\u3001\u9a8c\u5149\u5e08\u548c\u5176\u4ed6\u4e13\u5bb6\u3002<\/li>\n\n\n\n<li class=\"\">\u6cd5\u5f8b\u670d\u52a1\uff1a\u534f\u52a9\u529e\u7406\u7b7e\u8bc1\u3001\u5408\u540c\u3001\u5546\u6cd5\u548c\u4e2a\u4eba\u4e8b\u52a1\u3002<\/li>\n\n\n\n<li class=\"\">\u4f1a\u8ba1\u4e0e\u91d1\u878d\uff1a\u7a0e\u52a1\u3001\u8d22\u52a1\u89c4\u5212\u548c\u5546\u4e1a\u4f1a\u8ba1\u3002<\/li>\n\n\n\n<li class=\"\">\u54a8\u8be2\u670d\u52a1\uff1a\u4f01\u4e1a\u521b\u5efa\u3001\u4eba\u529b\u8d44\u6e90\u548c\u5e02\u573a\u8fdb\u5165\u7b56\u7565\u3002<\/li>\n<\/ul>\n\n\n\n<hr class=\"wp-block-separator has-alpha-channel-opacity\"\/>\n\n\n\n<h3 class=\"wp-block-heading\"><strong>\u63a8\u5e7f\u60a8\u5728\u62c9\u4e01\u7f8e\u6d32\u9762\u5411\u5916\u56fd\u4eba\u4e3e\u529e\u7684\u7ebf\u4e0b\u6d3b\u52a8\u548c\u793e\u533a\u56e2\u4f53<\/strong><\/h3>\n\n\n\n<p class=\"\">\u8fd9\u4e2a\u5e73\u53f0\u975e\u5e38\u9002\u5408\u5e0c\u671b\u4e0e\u62c9\u4e01\u7f8e\u6d32\u56fd\u9645\u793e\u4f1a\u5efa\u7acb\u8054\u7cfb\u7684\u6d3b\u52a8\u7ec4\u7ec7\u8005\u548c\u793e\u533a\u9886\u8896\u3002\u5982\u679c\u60a8\u7ec4\u7ec7\u793e\u4ea4\u805a\u4f1a\u3001\u8bed\u8a00\u4ea4\u6d41\u3001\u5fd7\u613f\u8005\u6d3b\u52a8\u3001\u4e13\u4e1a\u4eba\u8109\u62d3\u5c55\u6d3b\u52a8\u6216\u793e\u56e2\u6d3b\u52a8\uff0c\u90fd\u53ef\u4ee5\u8f7b\u677e\u5730\u5728\u8fd9\u91cc\u8fdb\u884c\u5ba3\u4f20\u3002<\/p>\n\n\n\n<p class=\"\"><strong>\u4e3a\u4ec0\u4e48\u8981\u5728\u8fd9\u91cc\u5ba3\u4f20\u60a8\u7684\u6d3b\u52a8\u6216\u56e2\u4f53\uff1f<\/strong><\/p>\n\n\n\n<ul class=\"wp-block-list\">\n<li class=\"\"><strong>\u56fd\u9645\u5f71\u54cd\u529b\uff1a<\/strong> \u5b83\u9762\u5411\u5bf9\u793e\u4ea4\u3001\u6587\u5316\u548c\u4e13\u4e1a\u6d3b\u52a8\u611f\u5174\u8da3\u7684\u5916\u56fd\u4eba\u3002<\/li>\n\n\n\n<li class=\"\"><strong>\u63d0\u9ad8\u53c2\u4e0e\u5ea6\uff1a<\/strong> \u5b83\u5438\u5f15\u4e86\u66f4\u591a\u53c2\u4e0e\u8005\uff0c\u5e76\u521b\u5efa\u4e86\u4e00\u4e2a\u6d3b\u8dc3\u7684\u793e\u533a\u3002<\/li>\n\n\n\n<li class=\"\"><strong>\u66f4\u9ad8\u7684\u53ef\u89c1\u5ea6\uff1a<\/strong> \u8ba9\u6574\u4e2a\u5916\u7c4d\u4eba\u58eb\u793e\u533a\u90fd\u77e5\u9053\u60a8\u7684\u6d3b\u52a8\u6216\u56e2\u4f53\u3002<\/li>\n<\/ul>\n\n\n\n<p class=\"\"><strong>\u60a8\u53ef\u4ee5\u63a8\u5e7f\u7684\u6d3b\u52a8\u548c\u56e2\u4f53\u7c7b\u578b\uff1a<\/strong><\/p>\n\n\n\n<ul class=\"wp-block-list\">\n<li class=\"\">\u8bed\u8a00\u4ea4\u6d41\uff1a\u901a\u8fc7\u8bed\u8a00\u8fde\u63a5\u4e0d\u540c\u7684\u6587\u5316\u3002<\/li>\n\n\n\n<li class=\"\">\u793e\u4ea4\u805a\u4f1a\uff1a\u665a\u9910\u3001\u4e3b\u9898\u6d3e\u5bf9\u548c\u975e\u6b63\u5f0f\u805a\u4f1a\u3002<\/li>\n\n\n\n<li class=\"\">\u4e13\u4e1a\u7f51\u7edc\uff1a\u7ec4\u7ec7\u884c\u4e1a\u6d3b\u52a8\u200b\u200b\u548c\u4e13\u4e1a\u53d1\u5c55\u4f1a\u8bae\u3002<\/li>\n\n\n\n<li class=\"\">\u4f53\u80b2\u548c\u5065\u8eab\u4ff1\u4e50\u90e8\uff1a\u8dd1\u6b65\u5c0f\u7ec4\u3001\u745c\u4f3d\u8bfe\u7a0b\u3001\u56e2\u961f\u8fd0\u52a8\u3002<\/li>\n<\/ul>\n\n\n\n<p class=\"\">\u53d1\u5c55\u60a8\u7684\u793e\u7fa4\uff0c\u6210\u529f\u63a8\u5e7f\u60a8\u7684\u6d3b\u52a8\u3002\u7acb\u5373\u5f00\u59cb\u4e0e\u62c9\u4e01\u7f8e\u6d32\u7684\u56fd\u9645\u793e\u7fa4\u5efa\u7acb\u8054\u7cfb\uff01<\/p>\n\n<\/div>","protected":false},"excerpt":{"rendered":"<p>\u00bfQu\u00e9 puedes encontrar en este directorio de clasificados? Publica empleos para profesores y tutores extranjeros en Am\u00e9rica Latina Este es un tabl\u00f3n de anuncios de empleo para profesores y tutores [&hellip;]<\/p>","protected":false},"author":2,"featured_media":0,"parent":0,"menu_order":0,"comment_status":"closed","ping_status":"closed","template":"","meta":{"nf_dc_page":"","footnotes":""},"class_list":["post-4029","page","type-page","status-publish","hentry"],"yoast_head":"<!-- This site is optimized with the Yoast SEO plugin v26.9 - https:\/\/yoast.com\/product\/yoast-seo-wordpress\/ -->\n<title>Am\u00e9rica Latina - Teach Abroad Job Board and Resources<\/title>\n<meta name=\"robots\" content=\"index, follow, max-snippet:-1, max-image-preview:large, max-video-preview:-1\" \/>\n<link rel=\"canonical\" href=\"https:\/\/teachingjobboard.com\/zh\/america-latina\/\" \/>\n<meta property=\"og:locale\" content=\"zh_CN\" \/>\n<meta property=\"og:type\" content=\"article\" \/>\n<meta property=\"og:title\" content=\"Am\u00e9rica Latina - Teach Abroad Job Board and Resources\" \/>\n<meta property=\"og:description\" content=\"\u00bfQu\u00e9 puedes encontrar en este directorio de clasificados? Publica empleos para profesores y tutores extranjeros en Am\u00e9rica Latina Este es un tabl\u00f3n de anuncios de empleo para profesores y tutores [&hellip;]\" \/>\n<meta property=\"og:url\" content=\"https:\/\/teachingjobboard.com\/zh\/america-latina\/\" \/>\n<meta property=\"og:site_name\" content=\"Teach Abroad Job Board and Resources\" \/>\n<meta property=\"article:modified_time\" content=\"2025-07-06T01:52:50+00:00\" \/>\n<meta name=\"twitter:card\" content=\"summary_large_image\" \/>\n<meta name=\"twitter:label1\" content=\"\u9884\u8ba1\u9605\u8bfb\u65f6\u95f4\" \/>\n\t<meta name=\"twitter:data1\" content=\"5 \u5206\" \/>\n<script type=\"application\/ld+json\" class=\"yoast-schema-graph\">{\"@context\":\"https:\/\/schema.org\",\"@graph\":[{\"@type\":\"WebPage\",\"@id\":\"https:\/\/teachingjobboard.com\/en\/america-latina\/\",\"url\":\"https:\/\/teachingjobboard.com\/en\/america-latina\/\",\"name\":\"Am\u00e9rica Latina - Teach Abroad Job Board and Resources\",\"isPartOf\":{\"@id\":\"https:\/\/teachingjobboard.com\/#website\"},\"datePublished\":\"2025-07-06T01:42:35+00:00\",\"dateModified\":\"2025-07-06T01:52:50+00:00\",\"breadcrumb\":{\"@id\":\"https:\/\/teachingjobboard.com\/en\/america-latina\/#breadcrumb\"},\"inLanguage\":\"zh-Hans\",\"potentialAction\":[{\"@type\":\"ReadAction\",\"target\":[\"https:\/\/teachingjobboard.com\/en\/america-latina\/\"]}]},{\"@type\":\"BreadcrumbList\",\"@id\":\"https:\/\/teachingjobboard.com\/en\/america-latina\/#breadcrumb\",\"itemListElement\":[{\"@type\":\"ListItem\",\"position\":1,\"name\":\"Home\",\"item\":\"https:\/\/teachingjobboard.com\/\"},{\"@type\":\"ListItem\",\"position\":2,\"name\":\"Am\u00e9rica Latina\"}]},{\"@type\":\"WebSite\",\"@id\":\"https:\/\/teachingjobboard.com\/#website\",\"url\":\"https:\/\/teachingjobboard.com\/\",\"name\":\"Teach Abroad Job Board and Resources\",\"description\":\"\",\"publisher\":{\"@id\":\"https:\/\/teachingjobboard.com\/#organization\"},\"potentialAction\":[{\"@type\":\"SearchAction\",\"target\":{\"@type\":\"EntryPoint\",\"urlTemplate\":\"https:\/\/teachingjobboard.com\/?s={search_term_string}\"},\"query-input\":{\"@type\":\"PropertyValueSpecification\",\"valueRequired\":true,\"valueName\":\"search_term_string\"}}],\"inLanguage\":\"zh-Hans\"},{\"@type\":\"Organization\",\"@id\":\"https:\/\/teachingjobboard.com\/#organization\",\"name\":\"Teach Abroad Job Board and Resources\",\"url\":\"https:\/\/teachingjobboard.com\/\",\"logo\":{\"@type\":\"ImageObject\",\"inLanguage\":\"zh-Hans\",\"@id\":\"https:\/\/teachingjobboard.com\/#\/schema\/logo\/image\/\",\"url\":\"https:\/\/i0.wp.com\/teachingjobboard.com\/wp-content\/uploads\/logo-2.png?fit=643%2C328&ssl=1\",\"contentUrl\":\"https:\/\/i0.wp.com\/teachingjobboard.com\/wp-content\/uploads\/logo-2.png?fit=643%2C328&ssl=1\",\"width\":643,\"height\":328,\"caption\":\"Teach Abroad Job Board and Resources\"},\"image\":{\"@id\":\"https:\/\/teachingjobboard.com\/#\/schema\/logo\/image\/\"}}]}<\/script>\n<!-- \/ Yoast SEO plugin. -->","yoast_head_json":{"title":"\u62c9\u4e01\u7f8e\u6d32 - \u6d77\u5916\u6559\u5b66\u62db\u8058\u4fe1\u606f\u548c\u8d44\u6e90","robots":{"index":"index","follow":"follow","max-snippet":"max-snippet:-1","max-image-preview":"max-image-preview:large","max-video-preview":"max-video-preview:-1"},"canonical":"https:\/\/teachingjobboard.com\/zh\/america-latina\/","og_locale":"zh_CN","og_type":"article","og_title":"Am\u00e9rica Latina - Teach Abroad Job Board and Resources","og_description":"\u00bfQu\u00e9 puedes encontrar en este directorio de clasificados? Publica empleos para profesores y tutores extranjeros en Am\u00e9rica Latina Este es un tabl\u00f3n de anuncios de empleo para profesores y tutores [&hellip;]","og_url":"https:\/\/teachingjobboard.com\/zh\/america-latina\/","og_site_name":"Teach Abroad Job Board and Resources","article_modified_time":"2025-07-06T01:52:50+00:00","twitter_card":"summary_large_image","twitter_misc":{"\u9884\u8ba1\u9605\u8bfb\u65f6\u95f4":"5 \u5206"},"schema":{"@context":"https:\/\/schema.org","@graph":[{"@type":"WebPage","@id":"https:\/\/teachingjobboard.com\/en\/america-latina\/","url":"https:\/\/teachingjobboard.com\/en\/america-latina\/","name":"\u62c9\u4e01\u7f8e\u6d32 - \u6d77\u5916\u6559\u5b66\u62db\u8058\u4fe1\u606f\u548c\u8d44\u6e90","isPartOf":{"@id":"https:\/\/teachingjobboard.com\/#website"},"datePublished":"2025-07-06T01:42:35+00:00","dateModified":"2025-07-06T01:52:50+00:00","breadcrumb":{"@id":"https:\/\/teachingjobboard.com\/en\/america-latina\/#breadcrumb"},"inLanguage":"zh-Hans","potentialAction":[{"@type":"ReadAction","target":["https:\/\/teachingjobboard.com\/en\/america-latina\/"]}]},{"@type":"BreadcrumbList","@id":"https:\/\/teachingjobboard.com\/en\/america-latina\/#breadcrumb","itemListElement":[{"@type":"ListItem","position":1,"name":"Home","item":"https:\/\/teachingjobboard.com\/"},{"@type":"ListItem","position":2,"name":"Am\u00e9rica Latina"}]},{"@type":"WebSite","@id":"https:\/\/teachingjobboard.com\/#website","url":"https:\/\/teachingjobboard.com\/","name":"\u6d77\u5916\u6559\u5b66\u62db\u8058\u4fe1\u606f\u548c\u8d44\u6e90","description":"","publisher":{"@id":"https:\/\/teachingjobboard.com\/#organization"},"potentialAction":[{"@type":"SearchAction","target":{"@type":"EntryPoint","urlTemplate":"https:\/\/teachingjobboard.com\/?s={search_term_string}"},"query-input":{"@type":"PropertyValueSpecification","valueRequired":true,"valueName":"search_term_string"}}],"inLanguage":"zh-Hans"},{"@type":"Organization","@id":"https:\/\/teachingjobboard.com\/#organization","name":"\u6d77\u5916\u6559\u5b66\u62db\u8058\u4fe1\u606f\u548c\u8d44\u6e90","url":"https:\/\/teachingjobboard.com\/","logo":{"@type":"ImageObject","inLanguage":"zh-Hans","@id":"https:\/\/teachingjobboard.com\/#\/schema\/logo\/image\/","url":"https:\/\/i0.wp.com\/teachingjobboard.com\/wp-content\/uploads\/logo-2.png?fit=643%2C328&ssl=1","contentUrl":"https:\/\/i0.wp.com\/teachingjobboard.com\/wp-content\/uploads\/logo-2.png?fit=643%2C328&ssl=1","width":643,"height":328,"caption":"Teach Abroad Job Board and Resources"},"image":{"@id":"https:\/\/teachingjobboard.com\/#\/schema\/logo\/image\/"}}]}},"jetpack_sharing_enabled":true,"_links":{"self":[{"href":"https:\/\/teachingjobboard.com\/zh\/wp-json\/wp\/v2\/pages\/4029","targetHints":{"allow":["GET"]}}],"collection":[{"href":"https:\/\/teachingjobboard.com\/zh\/wp-json\/wp\/v2\/pages"}],"about":[{"href":"https:\/\/teachingjobboard.com\/zh\/wp-json\/wp\/v2\/types\/page"}],"author":[{"embeddable":true,"href":"https:\/\/teachingjobboard.com\/zh\/wp-json\/wp\/v2\/users\/2"}],"replies":[{"embeddable":true,"href":"https:\/\/teachingjobboard.com\/zh\/wp-json\/wp\/v2\/comments?post=4029"}],"version-history":[{"count":2,"href":"https:\/\/teachingjobboard.com\/zh\/wp-json\/wp\/v2\/pages\/4029\/revisions"}],"predecessor-version":[{"id":4031,"href":"https:\/\/teachingjobboard.com\/zh\/wp-json\/wp\/v2\/pages\/4029\/revisions\/4031"}],"wp:attachment":[{"href":"https:\/\/teachingjobboard.com\/zh\/wp-json\/wp\/v2\/media?parent=4029"}],"curies":[{"name":"wp","href":"https:\/\/api.w.org\/{rel}","templated":true}]}}